{"id":8496,"date":"2024-01-08T10:05:06","date_gmt":"2024-01-08T10:05:06","guid":{"rendered":"https:\/\/kleinandcardalilaw.com\/acerca-de\/"},"modified":"2025-10-13T19:38:09","modified_gmt":"2025-10-13T19:38:09","slug":"acerca-de","status":"publish","type":"page","link":"https:\/\/kleinandcardalilaw.com\/es\/acerca-de\/","title":{"rendered":"Acerca de"},"content":{"rendered":"\t\t<div data-elementor-type=\"wp-page\" data-elementor-id=\"8496\" class=\"elementor elementor-8496 elementor-1555\" data-elementor-post-type=\"page\">\n\t\t\t\t<div class=\"elementor-element elementor-element-c2965e1 e-flex e-con-boxed e-con e-parent\" data-id=\"c2965e1\" data-element_type=\"container\" data-e-type=\"container\">\n\t\t\t\t\t<div class=\"e-con-inner\">\n\t\t<div class=\"elementor-element elementor-element-2be9497 e-con-full e-flex e-con e-child\" data-id=\"2be9497\" data-element_type=\"container\" data-e-type=\"container\">\n\t\t\t\t<div class=\"elementor-element elementor-element-da795e9 elementor-widget elementor-widget-heading\" data-id=\"da795e9\" data-element_type=\"widget\" data-e-type=\"widget\" data-widget_type=\"heading.default\">\n\t\t\t\t<div class=\"elementor-widget-container\">\n\t\t\t\t\t<h1 class=\"elementor-heading-title elementor-size-default\">SOBRE NOSOTROS<\/h1>\t\t\t\t<\/div>\n\t\t\t\t<\/div>\n\t\t\t\t<div class=\"elementor-element elementor-element-11820bc elementor-widget elementor-widget-text-editor\" data-id=\"11820bc\" data-element_type=\"widget\" data-e-type=\"widget\" data-widget_type=\"text-editor.default\">\n\t\t\t\t<div class=\"elementor-widget-container\">\n\t\t\t\t\t\t\t\t\t<p><span style=\"color: var( --e-global-color-text ); font-family: var( --e-global-typography-text-font-family ), Sans-serif; font-weight: var( --e-global-typography-text-font-weight ); text-align: var(--text-align); font-size: 1rem;\">Klein &amp; Cardali Law Group, PLLC, <\/span><span style=\"color: var( --e-global-color-text ); font-family: var( --e-global-typography-text-font-family ), Sans-serif; font-weight: var( --e-global-typography-text-font-weight ); text-align: var(--text-align); font-size: 1rem;\">ofrece servicios legales en toda el \u00e1rea metropolitana de Nueva York, que incluye Manhattan, el Bronx, Brooklyn, Queens y Staten Island. Tambi\u00e9n prestamos servicio a Long Island y a todos los condados del norte del estado de Nueva York.  <\/span><\/p><p><span style=\"color: var( --e-global-color-text ); font-family: var( --e-global-typography-text-font-family ), Sans-serif; font-weight: var( --e-global-typography-text-font-weight ); text-align: var(--text-align); font-size: 1rem;\">Si ha sufrido una lesi\u00f3n o discapacidad, es posible que tenga un<\/span><span style=\"color: var( --e-global-color-text ); font-family: var( --e-global-typography-text-font-family ), Sans-serif; font-weight: var( --e-global-typography-text-font-weight ); text-align: var(--text-align); font-size: 1rem;\"> <\/span>caso de <a style=\"font-family: var( --e-global-typography-text-font-family ), Sans-serif; font-weight: var( --e-global-typography-text-font-weight ); text-align: var(--text-align); font-size: 1rem; background-color: #ffffff;\" href=\"https:\/\/kleinandcardalilaw.com\/es\/indemnizacion-por-accidente-laboral\/\">compensaci\u00f3n laboral<\/a><span style=\"color: var( --e-global-color-text ); font-family: var( --e-global-typography-text-font-family ), Sans-serif; font-weight: var( --e-global-typography-text-font-weight ); text-align: var(--text-align); font-size: 1rem;\">, <\/span><a style=\"font-family: var( --e-global-typography-text-font-family ), Sans-serif; font-weight: var( --e-global-typography-text-font-weight ); text-align: var(--text-align); font-size: 1rem; background-color: #ffffff;\" href=\"https:\/\/kleinandcardalilaw.com\/es\/accidentes-de-construccion\/\">accidentes de construcci\u00f3n<\/a><span style=\"color: var( --e-global-color-text ); font-family: var( --e-global-typography-text-font-family ), Sans-serif; font-weight: var( --e-global-typography-text-font-weight ); text-align: var(--text-align); font-size: 1rem;\">, <\/span><a style=\"font-family: var( --e-global-typography-text-font-family ), Sans-serif; font-weight: var( --e-global-typography-text-font-weight ); text-align: var(--text-align); font-size: 1rem; background-color: #ffffff;\" href=\"https:\/\/kleinandcardalilaw.com\/es\/lesiones-personales\/\">lesiones personales<\/a><span style=\"color: var( --e-global-color-text ); font-family: var( --e-global-typography-text-font-family ), Sans-serif; font-weight: var( --e-global-typography-text-font-weight ); text-align: var(--text-align); font-size: 1rem;\">, <\/span><a style=\"font-family: var( --e-global-typography-text-font-family ), Sans-serif; font-weight: var( --e-global-typography-text-font-weight ); text-align: var(--text-align); font-size: 1rem; background-color: #ffffff;\" href=\"https:\/\/kleinandcardalilaw.com\/es\/seguridad-social\/\">seguro social<\/a><span style=\"color: var( --e-global-color-text ); font-family: var( --e-global-typography-text-font-family ), Sans-serif; font-weight: var( --e-global-typography-text-font-weight ); text-align: var(--text-align); font-size: 1rem;\"> o <\/span><a style=\"font-family: var( --e-global-typography-text-font-family ), Sans-serif; font-weight: var( --e-global-typography-text-font-weight ); text-align: var(--text-align); font-size: 1rem; background-color: #ffffff;\" href=\"https:\/\/kleinandcardalilaw.com\/es\/derecho-laboral\/\">derecho laboral<\/a>.<span style=\"color: var( --e-global-color-text ); font-family: var( --e-global-typography-text-font-family ), Sans-serif; font-weight: var( --e-global-typography-text-font-weight ); text-align: var(--text-align); font-size: 1rem;\">  caso. Para obtener m\u00e1s informaci\u00f3n, p\u00f3ngase en contacto con nuestra oficina hoy mismo para una consulta gratuita. Estamos disponibles por tel\u00e9fono, en persona o de forma remota por videoconferencia. <\/span><\/p><p><span style=\"color: var( --e-global-color-text ); font-family: var( --e-global-typography-text-font-family ), Sans-serif; font-weight: var( --e-global-typography-text-font-weight ); text-align: var(--text-align); font-size: 1rem;\">Para obtener m\u00e1s informaci\u00f3n sobre <\/span><span style=\"color: #000000; font-family: Barlow, sans-serif;\">The Klein &amp; Cardali Law Group, PLLC<\/span><span style=\"color: var( --e-global-color-text ); font-family: var( --e-global-typography-text-font-family ), Sans-serif; font-weight: var( --e-global-typography-text-font-weight ); text-align: var(--text-align); font-size: 1rem;\">, visite los perfiles de nuestros abogados en <a style=\"font-family: var( --e-global-typography-text-font-family ), Sans-serif; font-weight: var( --e-global-typography-text-font-weight ); text-align: var(--text-align); background-color: #ffffff; font-size: 1rem;\" href=\"https:\/\/profiles.superlawyers.com\/new-york\/new-york\/lawfirm\/the-klein-and-cardali-law-group-pllc\/217da1ac-e021-45a4-9e20-d6ece46e29e3.html\">SuperLawyers<\/a> y otros listados legales de renombre, como <a href=\"https:\/\/lawyers.findlaw.com\/new-york\/new-york\/3442694_1\/\">FindLaw<\/a> y <a href=\"https:\/\/www.lawinfo.com\/lawfirm\/new-york\/new-york\/the-klein-and-cardali-law-group-pllc\/217da1ac-e021-45a4-9e20-d6ece46e29e3.html\">LawInfo<\/a>.<\/span><\/p>\t\t\t\t\t\t\t\t<\/div>\n\t\t\t\t<\/div>\n\t\t\t\t<div class=\"elementor-element elementor-element-453a006 elementor-widget elementor-widget-heading\" data-id=\"453a006\" data-element_type=\"widget\" data-e-type=\"widget\" data-widget_type=\"heading.default\">\n\t\t\t\t<div class=\"elementor-widget-container\">\n\t\t\t\t\t<h5 class=\"elementor-heading-title elementor-size-default\">NUESTROS ABOGADOS:<\/h5>\t\t\t\t<\/div>\n\t\t\t\t<\/div>\n\t\t\t\t<div class=\"elementor-element elementor-element-d75f216 elementor-widget elementor-widget-text-editor\" data-id=\"d75f216\" data-element_type=\"widget\" data-e-type=\"widget\" data-widget_type=\"text-editor.default\">\n\t\t\t\t<div class=\"elementor-widget-container\">\n\t\t\t\t\t\t\t\t\t<ul><li>David Klein, Esq.<\/li><li>Robert A. Cardali, Esq.<\/li><li>Martin Grossman, Esq.<\/li><li>Yolanda R. Landa, Esq.<\/li><li>Jorge Roman, Esq.<\/li><li>Darren P.B. Rumack, Esq.<\/li><li>Leslie Tilles, Esq.<\/li><\/ul>\t\t\t\t\t\t\t\t<\/div>\n\t\t\t\t<\/div>\n\t\t\t\t<div class=\"elementor-element elementor-element-b722e93 elementor-widget elementor-widget-heading\" data-id=\"b722e93\" data-element_type=\"widget\" data-e-type=\"widget\" data-widget_type=\"heading.default\">\n\t\t\t\t<div class=\"elementor-widget-container\">\n\t\t\t\t\t<h5 class=\"elementor-heading-title elementor-size-default\">ASESOR EXTERNO:<\/h5>\t\t\t\t<\/div>\n\t\t\t\t<\/div>\n\t\t\t\t<div class=\"elementor-element elementor-element-39d4ab0 elementor-widget elementor-widget-text-editor\" data-id=\"39d4ab0\" data-element_type=\"widget\" data-e-type=\"widget\" data-widget_type=\"text-editor.default\">\n\t\t\t\t<div class=\"elementor-widget-container\">\n\t\t\t\t\t\t\t\t\t<ul><li>Steven Davis, Esq.<\/li><li>Xian-Ming Lei, Esq.<\/li><\/ul>\t\t\t\t\t\t\t\t<\/div>\n\t\t\t\t<\/div>\n\t\t\t\t<\/div>\n\t\t<div class=\"elementor-element elementor-element-131a53f e-con-full e-flex e-con e-child\" data-id=\"131a53f\" data-element_type=\"container\" data-e-type=\"container\">\n\t\t\t\t<div class=\"elementor-element elementor-element-763fc35 elementor-widget elementor-widget-image\" data-id=\"763fc35\" data-element_type=\"widget\" data-e-type=\"widget\" data-widget_type=\"image.default\">\n\t\t\t\t<div class=\"elementor-widget-container\">\n\t\t\t\t\t\t\t\t\t\t\t\t\t\t\t<img fetchpriority=\"high\" decoding=\"async\" width=\"800\" height=\"947\" src=\"https:\/\/kleinandcardalilaw.com\/wp-content\/uploads\/2025\/10\/about-us-865x1024.webp\" class=\"attachment-large size-large wp-image-8855\" alt=\"Decoraci\u00f3n para una sala de conferencias.\" srcset=\"https:\/\/kleinandcardalilaw.com\/wp-content\/uploads\/2025\/10\/about-us-865x1024.webp 865w, https:\/\/kleinandcardalilaw.com\/wp-content\/uploads\/2025\/10\/about-us-253x300.webp 253w, https:\/\/kleinandcardalilaw.com\/wp-content\/uploads\/2025\/10\/about-us-768x909.webp 768w, https:\/\/kleinandcardalilaw.com\/wp-content\/uploads\/2025\/10\/about-us.webp 887w\" sizes=\"(max-width: 800px) 100vw, 800px\" \/>\t\t\t\t\t\t\t\t\t\t\t\t\t\t\t<\/div>\n\t\t\t\t<\/div>\n\t\t\t\t<\/div>\n\t\t\t\t\t<\/div>\n\t\t\t\t<\/div>\n\t\t\t\t<\/div>\n\t\t","protected":false},"excerpt":{"rendered":"<p>SOBRE NOSOTROS Klein &amp; Cardali Law Group, PLLC, ofrece servicios legales en toda el \u00e1rea metropolitana de Nueva York, que incluye Manhattan, el Bronx, Brooklyn, Queens y Staten Island. Tambi\u00e9n prestamos servicio a Long Island y a todos los condados del norte del estado de Nueva York. Si ha sufrido una lesi\u00f3n o discapacidad, es [&hellip;]<\/p>\n","protected":false},"author":1,"featured_media":0,"parent":0,"menu_order":0,"comment_status":"closed","ping_status":"closed","template":"elementor_header_footer","meta":{"footnotes":""},"class_list":["post-8496","page","type-page","status-publish","hentry"],"yoast_head":"<!-- This site is optimized with the Yoast SEO Premium plugin v27.4 (Yoast SEO v27.4) - https:\/\/yoast.com\/product\/yoast-seo-premium-wordpress\/ -->\n<title>Acerca de Klein Cardali Law Group<\/title>\n<meta name=\"description\" content=\"Sobre nosotros, The Klein and Cardali Law Group, abogados especializados en indemnizaci\u00f3n laboral, lesiones personales y discapacidad del seguro social.\" \/>\n<meta name=\"robots\" content=\"index, follow, max-snippet:-1, max-image-preview:large, max-video-preview:-1\" \/>\n<link rel=\"canonical\" href=\"https:\/\/kleinandcardalilaw.com\/es\/acerca-de\/\" \/>\n<meta property=\"og:locale\" content=\"es_ES\" \/>\n<meta property=\"og:type\" content=\"article\" \/>\n<meta property=\"og:title\" content=\"Acerca de\" \/>\n<meta property=\"og:description\" content=\"Sobre nosotros, The Klein and Cardali Law Group, abogados especializados en indemnizaci\u00f3n laboral, lesiones personales y discapacidad del seguro social.\" \/>\n<meta property=\"og:url\" content=\"https:\/\/kleinandcardalilaw.com\/es\/acerca-de\/\" \/>\n<meta property=\"og:site_name\" content=\"The Klein &amp; Cardali Law Group, PLLC\" \/>\n<meta property=\"article:publisher\" content=\"https:\/\/www.facebook.com\/profile.php?id=61555734036266\" \/>\n<meta property=\"article:modified_time\" content=\"2025-10-13T19:38:09+00:00\" \/>\n<meta property=\"og:image\" content=\"https:\/\/kleinandcardalilaw.com\/wp-content\/uploads\/2025\/10\/about-us.webp\" \/>\n\t<meta property=\"og:image:width\" content=\"887\" \/>\n\t<meta property=\"og:image:height\" content=\"1050\" \/>\n\t<meta property=\"og:image:type\" content=\"image\/webp\" \/>\n<meta name=\"twitter:card\" content=\"summary_large_image\" \/>\n<meta name=\"twitter:label1\" content=\"Tiempo de lectura\" \/>\n\t<meta name=\"twitter:data1\" content=\"1 minuto\" \/>\n<script type=\"application\/ld+json\" class=\"yoast-schema-graph\">{\"@context\":\"https:\\\/\\\/schema.org\",\"@graph\":[{\"@type\":\"WebPage\",\"@id\":\"https:\\\/\\\/kleinandcardalilaw.com\\\/es\\\/acerca-de\\\/\",\"url\":\"https:\\\/\\\/kleinandcardalilaw.com\\\/es\\\/acerca-de\\\/\",\"name\":\"Acerca de Klein Cardali Law Group\",\"isPartOf\":{\"@id\":\"https:\\\/\\\/kleinandcardalilaw.com\\\/es\\\/#website\"},\"primaryImageOfPage\":{\"@id\":\"https:\\\/\\\/kleinandcardalilaw.com\\\/es\\\/acerca-de\\\/#primaryimage\"},\"image\":{\"@id\":\"https:\\\/\\\/kleinandcardalilaw.com\\\/es\\\/acerca-de\\\/#primaryimage\"},\"thumbnailUrl\":\"https:\\\/\\\/kleinandcardalilaw.com\\\/wp-content\\\/uploads\\\/2025\\\/10\\\/about-us-865x1024.webp\",\"datePublished\":\"2024-01-08T10:05:06+00:00\",\"dateModified\":\"2025-10-13T19:38:09+00:00\",\"description\":\"Sobre nosotros, The Klein and Cardali Law Group, abogados especializados en indemnizaci\u00f3n laboral, lesiones personales y discapacidad del seguro social.\",\"breadcrumb\":{\"@id\":\"https:\\\/\\\/kleinandcardalilaw.com\\\/es\\\/acerca-de\\\/#breadcrumb\"},\"inLanguage\":\"es\",\"potentialAction\":[{\"@type\":\"ReadAction\",\"target\":[\"https:\\\/\\\/kleinandcardalilaw.com\\\/es\\\/acerca-de\\\/\"]}]},{\"@type\":\"ImageObject\",\"inLanguage\":\"es\",\"@id\":\"https:\\\/\\\/kleinandcardalilaw.com\\\/es\\\/acerca-de\\\/#primaryimage\",\"url\":\"https:\\\/\\\/kleinandcardalilaw.com\\\/wp-content\\\/uploads\\\/2025\\\/10\\\/about-us-865x1024.webp\",\"contentUrl\":\"https:\\\/\\\/kleinandcardalilaw.com\\\/wp-content\\\/uploads\\\/2025\\\/10\\\/about-us-865x1024.webp\"},{\"@type\":\"BreadcrumbList\",\"@id\":\"https:\\\/\\\/kleinandcardalilaw.com\\\/es\\\/acerca-de\\\/#breadcrumb\",\"itemListElement\":[{\"@type\":\"ListItem\",\"position\":1,\"name\":\"Home\",\"item\":\"https:\\\/\\\/kleinandcardalilaw.com\\\/es\\\/inicio\\\/\"},{\"@type\":\"ListItem\",\"position\":2,\"name\":\"Acerca de\"}]},{\"@type\":\"WebSite\",\"@id\":\"https:\\\/\\\/kleinandcardalilaw.com\\\/es\\\/#website\",\"url\":\"https:\\\/\\\/kleinandcardalilaw.com\\\/es\\\/\",\"name\":\"The Klein & Cardali Law Group, PLLC\",\"description\":\"Workers Compensation, Construction Accidents, Personal Injury, and Social Security Law\",\"publisher\":{\"@id\":\"https:\\\/\\\/kleinandcardalilaw.com\\\/es\\\/#organization\"},\"potentialAction\":[{\"@type\":\"SearchAction\",\"target\":{\"@type\":\"EntryPoint\",\"urlTemplate\":\"https:\\\/\\\/kleinandcardalilaw.com\\\/es\\\/?s={search_term_string}\"},\"query-input\":{\"@type\":\"PropertyValueSpecification\",\"valueRequired\":true,\"valueName\":\"search_term_string\"}}],\"inLanguage\":\"es\"},{\"@type\":\"Organization\",\"@id\":\"https:\\\/\\\/kleinandcardalilaw.com\\\/es\\\/#organization\",\"name\":\"The Klein &amp; Cardali Law Group, PLLC\",\"alternateName\":\"Klein and Cardali\",\"url\":\"https:\\\/\\\/kleinandcardalilaw.com\\\/es\\\/\",\"logo\":{\"@type\":\"ImageObject\",\"inLanguage\":\"es\",\"@id\":\"https:\\\/\\\/kleinandcardalilaw.com\\\/es\\\/#\\\/schema\\\/logo\\\/image\\\/\",\"url\":\"\",\"contentUrl\":\"\",\"caption\":\"The Klein &amp; Cardali Law Group, PLLC\"},\"image\":{\"@id\":\"https:\\\/\\\/kleinandcardalilaw.com\\\/es\\\/#\\\/schema\\\/logo\\\/image\\\/\"},\"sameAs\":[\"https:\\\/\\\/www.facebook.com\\\/profile.php?id=61555734036266\"],\"description\":\"Workers' Compensation, Construction Accident, Personal Injury, Social Security Disability, Wages Lawyers\",\"email\":\"info@kleinandcardalilaw.com\",\"telephone\":\"2123449022\",\"legalName\":\"The Klein & Cardali Law Group, PLLC\",\"foundingDate\":\"2023-07-01\",\"numberOfEmployees\":{\"@type\":\"QuantitativeValue\",\"minValue\":\"11\",\"maxValue\":\"50\"}}]}<\/script>\n<!-- \/ Yoast SEO Premium plugin. -->","yoast_head_json":{"title":"Acerca de Klein Cardali Law Group","description":"Sobre nosotros, The Klein and Cardali Law Group, abogados especializados en indemnizaci\u00f3n laboral, lesiones personales y discapacidad del seguro social.","robots":{"index":"index","follow":"follow","max-snippet":"max-snippet:-1","max-image-preview":"max-image-preview:large","max-video-preview":"max-video-preview:-1"},"canonical":"https:\/\/kleinandcardalilaw.com\/es\/acerca-de\/","og_locale":"es_ES","og_type":"article","og_title":"Acerca de","og_description":"Sobre nosotros, The Klein and Cardali Law Group, abogados especializados en indemnizaci\u00f3n laboral, lesiones personales y discapacidad del seguro social.","og_url":"https:\/\/kleinandcardalilaw.com\/es\/acerca-de\/","og_site_name":"The Klein &amp; Cardali Law Group, PLLC","article_publisher":"https:\/\/www.facebook.com\/profile.php?id=61555734036266","article_modified_time":"2025-10-13T19:38:09+00:00","og_image":[{"width":887,"height":1050,"url":"https:\/\/kleinandcardalilaw.com\/wp-content\/uploads\/2025\/10\/about-us.webp","type":"image\/webp"}],"twitter_card":"summary_large_image","twitter_misc":{"Tiempo de lectura":"1 minuto"},"schema":{"@context":"https:\/\/schema.org","@graph":[{"@type":"WebPage","@id":"https:\/\/kleinandcardalilaw.com\/es\/acerca-de\/","url":"https:\/\/kleinandcardalilaw.com\/es\/acerca-de\/","name":"Acerca de Klein Cardali Law Group","isPartOf":{"@id":"https:\/\/kleinandcardalilaw.com\/es\/#website"},"primaryImageOfPage":{"@id":"https:\/\/kleinandcardalilaw.com\/es\/acerca-de\/#primaryimage"},"image":{"@id":"https:\/\/kleinandcardalilaw.com\/es\/acerca-de\/#primaryimage"},"thumbnailUrl":"https:\/\/kleinandcardalilaw.com\/wp-content\/uploads\/2025\/10\/about-us-865x1024.webp","datePublished":"2024-01-08T10:05:06+00:00","dateModified":"2025-10-13T19:38:09+00:00","description":"Sobre nosotros, The Klein and Cardali Law Group, abogados especializados en indemnizaci\u00f3n laboral, lesiones personales y discapacidad del seguro social.","breadcrumb":{"@id":"https:\/\/kleinandcardalilaw.com\/es\/acerca-de\/#breadcrumb"},"inLanguage":"es","potentialAction":[{"@type":"ReadAction","target":["https:\/\/kleinandcardalilaw.com\/es\/acerca-de\/"]}]},{"@type":"ImageObject","inLanguage":"es","@id":"https:\/\/kleinandcardalilaw.com\/es\/acerca-de\/#primaryimage","url":"https:\/\/kleinandcardalilaw.com\/wp-content\/uploads\/2025\/10\/about-us-865x1024.webp","contentUrl":"https:\/\/kleinandcardalilaw.com\/wp-content\/uploads\/2025\/10\/about-us-865x1024.webp"},{"@type":"BreadcrumbList","@id":"https:\/\/kleinandcardalilaw.com\/es\/acerca-de\/#breadcrumb","itemListElement":[{"@type":"ListItem","position":1,"name":"Home","item":"https:\/\/kleinandcardalilaw.com\/es\/inicio\/"},{"@type":"ListItem","position":2,"name":"Acerca de"}]},{"@type":"WebSite","@id":"https:\/\/kleinandcardalilaw.com\/es\/#website","url":"https:\/\/kleinandcardalilaw.com\/es\/","name":"The Klein & Cardali Law Group, PLLC","description":"Workers Compensation, Construction Accidents, Personal Injury, and Social Security Law","publisher":{"@id":"https:\/\/kleinandcardalilaw.com\/es\/#organization"},"potentialAction":[{"@type":"SearchAction","target":{"@type":"EntryPoint","urlTemplate":"https:\/\/kleinandcardalilaw.com\/es\/?s={search_term_string}"},"query-input":{"@type":"PropertyValueSpecification","valueRequired":true,"valueName":"search_term_string"}}],"inLanguage":"es"},{"@type":"Organization","@id":"https:\/\/kleinandcardalilaw.com\/es\/#organization","name":"The Klein &amp; Cardali Law Group, PLLC","alternateName":"Klein and Cardali","url":"https:\/\/kleinandcardalilaw.com\/es\/","logo":{"@type":"ImageObject","inLanguage":"es","@id":"https:\/\/kleinandcardalilaw.com\/es\/#\/schema\/logo\/image\/","url":"","contentUrl":"","caption":"The Klein &amp; Cardali Law Group, PLLC"},"image":{"@id":"https:\/\/kleinandcardalilaw.com\/es\/#\/schema\/logo\/image\/"},"sameAs":["https:\/\/www.facebook.com\/profile.php?id=61555734036266"],"description":"Workers' Compensation, Construction Accident, Personal Injury, Social Security Disability, Wages Lawyers","email":"info@kleinandcardalilaw.com","telephone":"2123449022","legalName":"The Klein & Cardali Law Group, PLLC","foundingDate":"2023-07-01","numberOfEmployees":{"@type":"QuantitativeValue","minValue":"11","maxValue":"50"}}]}},"_links":{"self":[{"href":"https:\/\/kleinandcardalilaw.com\/es\/wp-json\/wp\/v2\/pages\/8496","targetHints":{"allow":["GET"]}}],"collection":[{"href":"https:\/\/kleinandcardalilaw.com\/es\/wp-json\/wp\/v2\/pages"}],"about":[{"href":"https:\/\/kleinandcardalilaw.com\/es\/wp-json\/wp\/v2\/types\/page"}],"author":[{"embeddable":true,"href":"https:\/\/kleinandcardalilaw.com\/es\/wp-json\/wp\/v2\/users\/1"}],"replies":[{"embeddable":true,"href":"https:\/\/kleinandcardalilaw.com\/es\/wp-json\/wp\/v2\/comments?post=8496"}],"version-history":[{"count":5,"href":"https:\/\/kleinandcardalilaw.com\/es\/wp-json\/wp\/v2\/pages\/8496\/revisions"}],"predecessor-version":[{"id":9129,"href":"https:\/\/kleinandcardalilaw.com\/es\/wp-json\/wp\/v2\/pages\/8496\/revisions\/9129"}],"wp:attachment":[{"href":"https:\/\/kleinandcardalilaw.com\/es\/wp-json\/wp\/v2\/media?parent=8496"}],"curies":[{"name":"wp","href":"https:\/\/api.w.org\/{rel}","templated":true}]}}