{"id":8502,"date":"2024-01-08T09:58:14","date_gmt":"2024-01-08T09:58:14","guid":{"rendered":"https:\/\/kleinandcardalilaw.com\/acoso-y-discriminacion\/"},"modified":"2025-10-13T20:30:42","modified_gmt":"2025-10-13T20:30:42","slug":"acoso-y-discriminacion","status":"publish","type":"page","link":"https:\/\/kleinandcardalilaw.com\/es\/acoso-y-discriminacion\/","title":{"rendered":"Acoso y discriminaci\u00f3n"},"content":{"rendered":"\t\t<div data-elementor-type=\"wp-page\" data-elementor-id=\"8502\" class=\"elementor elementor-8502 elementor-1537\" data-elementor-post-type=\"page\">\n\t\t\t\t<div class=\"elementor-element elementor-element-099e7a7 e-flex e-con-boxed e-con e-parent\" data-id=\"099e7a7\" data-element_type=\"container\" data-e-type=\"container\">\n\t\t\t\t\t<div class=\"e-con-inner\">\n\t\t<div class=\"elementor-element elementor-element-a9d6292 e-con-full e-flex e-con e-child\" data-id=\"a9d6292\" data-element_type=\"container\" data-e-type=\"container\">\n\t\t\t\t<div class=\"elementor-element elementor-element-9b9e43f elementor-widget elementor-widget-heading\" data-id=\"9b9e43f\" data-element_type=\"widget\" data-e-type=\"widget\" data-widget_type=\"heading.default\">\n\t\t\t\t<div class=\"elementor-widget-container\">\n\t\t\t\t\t<h1 class=\"elementor-heading-title elementor-size-default\">ACOSO Y DISCRIMINACI\u00d3N<\/h1>\t\t\t\t<\/div>\n\t\t\t\t<\/div>\n\t\t\t\t<div class=\"elementor-element elementor-element-474812b elementor-widget elementor-widget-text-editor\" data-id=\"474812b\" data-element_type=\"widget\" data-e-type=\"widget\" data-widget_type=\"text-editor.default\">\n\t\t\t\t<div class=\"elementor-widget-container\">\n\t\t\t\t\t\t\t\t\t<p>La ley exige a los empleadores que proporcionen un entorno de trabajo seguro, libre de acoso, hostilidad o discriminaci\u00f3n.<\/p><p>Los trabajadores est\u00e1n protegidos contra la discriminaci\u00f3n y las represalias por el T\u00edtulo VII de la Ley Federal de Derechos Civiles, la Ley de Derechos Humanos del Estado de Nueva York y la Ley de Derechos Humanos de la Ciudad de Nueva York. Estas leyes proh\u00edben la discriminaci\u00f3n en el empleo por motivos de edad, sexo, raza, religi\u00f3n, orientaci\u00f3n sexual, discapacidad y otras categor\u00edas protegidas. <\/p>\t\t\t\t\t\t\t\t<\/div>\n\t\t\t\t<\/div>\n\t\t\t\t<div class=\"elementor-element elementor-element-399b3be elementor-widget elementor-widget-heading\" data-id=\"399b3be\" data-element_type=\"widget\" data-e-type=\"widget\" data-widget_type=\"heading.default\">\n\t\t\t\t<div class=\"elementor-widget-container\">\n\t\t\t\t\t<h5 class=\"elementor-heading-title elementor-size-default\">TIPOS DE ACOSO Y DISCRIMINACI\u00d3N:<\/h5>\t\t\t\t<\/div>\n\t\t\t\t<\/div>\n\t\t\t\t<div class=\"elementor-element elementor-element-ff71d08 elementor-widget elementor-widget-text-editor\" data-id=\"ff71d08\" data-element_type=\"widget\" data-e-type=\"widget\" data-widget_type=\"text-editor.default\">\n\t\t\t\t<div class=\"elementor-widget-container\">\n\t\t\t\t\t\t\t\t\t<ul><li>Abuso verbal: como insultos, amenazas o insultos raciales;<\/li><li>Abuso f\u00edsico, como agresi\u00f3n o agresi\u00f3n con lesiones;<\/li><li>Abuso visual, como la exhibici\u00f3n de carteles o fotos ofensivas;<\/li><li>Acoso sexual, insinuaciones sexuales, chistes sexualmente expl\u00edcitos;<\/li><li>Cr\u00edticas excesivas;<\/li><li>Aislamiento o exclusi\u00f3n de proyectos;<\/li><li>Pol\u00edticas y pr\u00e1cticas laborales injustas;<\/li><li>Hacerle sentir miedo y ansiedad;<\/li><li>Despido improcedente;<\/li><li>Represalias por quejarse de comportamientos de acoso, y m\u00e1s.<\/li><\/ul>\t\t\t\t\t\t\t\t<\/div>\n\t\t\t\t<\/div>\n\t\t\t\t<\/div>\n\t\t\t\t\t<\/div>\n\t\t\t\t<\/div>\n\t\t\t\t<\/div>\n\t\t","protected":false},"excerpt":{"rendered":"<p>ACOSO Y DISCRIMINACI\u00d3N La ley exige a los empleadores que proporcionen un entorno de trabajo seguro, libre de acoso, hostilidad o discriminaci\u00f3n. Los trabajadores est\u00e1n protegidos contra la discriminaci\u00f3n y las represalias por el T\u00edtulo VII de la Ley Federal de Derechos Civiles, la Ley de Derechos Humanos del Estado de Nueva York y la [&hellip;]<\/p>\n","protected":false},"author":1,"featured_media":0,"parent":0,"menu_order":0,"comment_status":"closed","ping_status":"closed","template":"elementor_header_footer","meta":{"footnotes":""},"class_list":["post-8502","page","type-page","status-publish","hentry"],"yoast_head":"<!-- This site is optimized with the Yoast SEO Premium plugin v27.4 (Yoast SEO v27.4) - https:\/\/yoast.com\/product\/yoast-seo-premium-wordpress\/ -->\n<title>Abogados especializados en acoso y discriminaci\u00f3n en Nueva York<\/title>\n<meta name=\"description\" content=\"\u00bfHa estado expuesto a un entorno de trabajo inseguro o ha sido objeto de discriminaci\u00f3n? Averig\u00fce si tiene un caso llam\u00e1ndonos hoy mismo.\" \/>\n<meta name=\"robots\" content=\"index, follow, max-snippet:-1, max-image-preview:large, max-video-preview:-1\" \/>\n<link rel=\"canonical\" href=\"https:\/\/kleinandcardalilaw.com\/es\/acoso-y-discriminacion\/\" \/>\n<meta property=\"og:locale\" content=\"es_ES\" \/>\n<meta property=\"og:type\" content=\"article\" \/>\n<meta property=\"og:title\" content=\"Acoso y discriminaci\u00f3n\" \/>\n<meta property=\"og:description\" content=\"\u00bfHa estado expuesto a un entorno de trabajo inseguro o ha sido objeto de discriminaci\u00f3n? Averig\u00fce si tiene un caso llam\u00e1ndonos hoy mismo.\" \/>\n<meta property=\"og:url\" content=\"https:\/\/kleinandcardalilaw.com\/es\/acoso-y-discriminacion\/\" \/>\n<meta property=\"og:site_name\" content=\"The Klein &amp; Cardali Law Group, PLLC\" \/>\n<meta property=\"article:publisher\" content=\"https:\/\/www.facebook.com\/profile.php?id=61555734036266\" \/>\n<meta property=\"article:modified_time\" content=\"2025-10-13T20:30:42+00:00\" \/>\n<meta name=\"twitter:card\" content=\"summary_large_image\" \/>\n<meta name=\"twitter:label1\" content=\"Tiempo de lectura\" \/>\n\t<meta name=\"twitter:data1\" content=\"1 minuto\" \/>\n<script type=\"application\/ld+json\" class=\"yoast-schema-graph\">{\"@context\":\"https:\\\/\\\/schema.org\",\"@graph\":[{\"@type\":\"WebPage\",\"@id\":\"https:\\\/\\\/kleinandcardalilaw.com\\\/es\\\/acoso-y-discriminacion\\\/\",\"url\":\"https:\\\/\\\/kleinandcardalilaw.com\\\/es\\\/acoso-y-discriminacion\\\/\",\"name\":\"Abogados especializados en acoso y discriminaci\u00f3n en Nueva York\",\"isPartOf\":{\"@id\":\"https:\\\/\\\/kleinandcardalilaw.com\\\/es\\\/#website\"},\"datePublished\":\"2024-01-08T09:58:14+00:00\",\"dateModified\":\"2025-10-13T20:30:42+00:00\",\"description\":\"\u00bfHa estado expuesto a un entorno de trabajo inseguro o ha sido objeto de discriminaci\u00f3n? Averig\u00fce si tiene un caso llam\u00e1ndonos hoy mismo.\",\"breadcrumb\":{\"@id\":\"https:\\\/\\\/kleinandcardalilaw.com\\\/es\\\/acoso-y-discriminacion\\\/#breadcrumb\"},\"inLanguage\":\"es\",\"potentialAction\":[{\"@type\":\"ReadAction\",\"target\":[\"https:\\\/\\\/kleinandcardalilaw.com\\\/es\\\/acoso-y-discriminacion\\\/\"]}]},{\"@type\":\"BreadcrumbList\",\"@id\":\"https:\\\/\\\/kleinandcardalilaw.com\\\/es\\\/acoso-y-discriminacion\\\/#breadcrumb\",\"itemListElement\":[{\"@type\":\"ListItem\",\"position\":1,\"name\":\"Home\",\"item\":\"https:\\\/\\\/kleinandcardalilaw.com\\\/es\\\/inicio\\\/\"},{\"@type\":\"ListItem\",\"position\":2,\"name\":\"Acoso y discriminaci\u00f3n\"}]},{\"@type\":\"WebSite\",\"@id\":\"https:\\\/\\\/kleinandcardalilaw.com\\\/es\\\/#website\",\"url\":\"https:\\\/\\\/kleinandcardalilaw.com\\\/es\\\/\",\"name\":\"The Klein & Cardali Law Group, PLLC\",\"description\":\"Workers Compensation, Construction Accidents, Personal Injury, and Social Security Law\",\"publisher\":{\"@id\":\"https:\\\/\\\/kleinandcardalilaw.com\\\/es\\\/#organization\"},\"potentialAction\":[{\"@type\":\"SearchAction\",\"target\":{\"@type\":\"EntryPoint\",\"urlTemplate\":\"https:\\\/\\\/kleinandcardalilaw.com\\\/es\\\/?s={search_term_string}\"},\"query-input\":{\"@type\":\"PropertyValueSpecification\",\"valueRequired\":true,\"valueName\":\"search_term_string\"}}],\"inLanguage\":\"es\"},{\"@type\":\"Organization\",\"@id\":\"https:\\\/\\\/kleinandcardalilaw.com\\\/es\\\/#organization\",\"name\":\"The Klein &amp; Cardali Law Group, PLLC\",\"alternateName\":\"Klein and Cardali\",\"url\":\"https:\\\/\\\/kleinandcardalilaw.com\\\/es\\\/\",\"logo\":{\"@type\":\"ImageObject\",\"inLanguage\":\"es\",\"@id\":\"https:\\\/\\\/kleinandcardalilaw.com\\\/es\\\/#\\\/schema\\\/logo\\\/image\\\/\",\"url\":\"\",\"contentUrl\":\"\",\"caption\":\"The Klein &amp; Cardali Law Group, PLLC\"},\"image\":{\"@id\":\"https:\\\/\\\/kleinandcardalilaw.com\\\/es\\\/#\\\/schema\\\/logo\\\/image\\\/\"},\"sameAs\":[\"https:\\\/\\\/www.facebook.com\\\/profile.php?id=61555734036266\"],\"description\":\"Workers' Compensation, Construction Accident, Personal Injury, Social Security Disability, Wages Lawyers\",\"email\":\"info@kleinandcardalilaw.com\",\"telephone\":\"2123449022\",\"legalName\":\"The Klein & Cardali Law Group, PLLC\",\"foundingDate\":\"2023-07-01\",\"numberOfEmployees\":{\"@type\":\"QuantitativeValue\",\"minValue\":\"11\",\"maxValue\":\"50\"}}]}<\/script>\n<!-- \/ Yoast SEO Premium plugin. -->","yoast_head_json":{"title":"Abogados especializados en acoso y discriminaci\u00f3n en Nueva York","description":"\u00bfHa estado expuesto a un entorno de trabajo inseguro o ha sido objeto de discriminaci\u00f3n? Averig\u00fce si tiene un caso llam\u00e1ndonos hoy mismo.","robots":{"index":"index","follow":"follow","max-snippet":"max-snippet:-1","max-image-preview":"max-image-preview:large","max-video-preview":"max-video-preview:-1"},"canonical":"https:\/\/kleinandcardalilaw.com\/es\/acoso-y-discriminacion\/","og_locale":"es_ES","og_type":"article","og_title":"Acoso y discriminaci\u00f3n","og_description":"\u00bfHa estado expuesto a un entorno de trabajo inseguro o ha sido objeto de discriminaci\u00f3n? Averig\u00fce si tiene un caso llam\u00e1ndonos hoy mismo.","og_url":"https:\/\/kleinandcardalilaw.com\/es\/acoso-y-discriminacion\/","og_site_name":"The Klein &amp; Cardali Law Group, PLLC","article_publisher":"https:\/\/www.facebook.com\/profile.php?id=61555734036266","article_modified_time":"2025-10-13T20:30:42+00:00","twitter_card":"summary_large_image","twitter_misc":{"Tiempo de lectura":"1 minuto"},"schema":{"@context":"https:\/\/schema.org","@graph":[{"@type":"WebPage","@id":"https:\/\/kleinandcardalilaw.com\/es\/acoso-y-discriminacion\/","url":"https:\/\/kleinandcardalilaw.com\/es\/acoso-y-discriminacion\/","name":"Abogados especializados en acoso y discriminaci\u00f3n en Nueva York","isPartOf":{"@id":"https:\/\/kleinandcardalilaw.com\/es\/#website"},"datePublished":"2024-01-08T09:58:14+00:00","dateModified":"2025-10-13T20:30:42+00:00","description":"\u00bfHa estado expuesto a un entorno de trabajo inseguro o ha sido objeto de discriminaci\u00f3n? Averig\u00fce si tiene un caso llam\u00e1ndonos hoy mismo.","breadcrumb":{"@id":"https:\/\/kleinandcardalilaw.com\/es\/acoso-y-discriminacion\/#breadcrumb"},"inLanguage":"es","potentialAction":[{"@type":"ReadAction","target":["https:\/\/kleinandcardalilaw.com\/es\/acoso-y-discriminacion\/"]}]},{"@type":"BreadcrumbList","@id":"https:\/\/kleinandcardalilaw.com\/es\/acoso-y-discriminacion\/#breadcrumb","itemListElement":[{"@type":"ListItem","position":1,"name":"Home","item":"https:\/\/kleinandcardalilaw.com\/es\/inicio\/"},{"@type":"ListItem","position":2,"name":"Acoso y discriminaci\u00f3n"}]},{"@type":"WebSite","@id":"https:\/\/kleinandcardalilaw.com\/es\/#website","url":"https:\/\/kleinandcardalilaw.com\/es\/","name":"The Klein & Cardali Law Group, PLLC","description":"Workers Compensation, Construction Accidents, Personal Injury, and Social Security Law","publisher":{"@id":"https:\/\/kleinandcardalilaw.com\/es\/#organization"},"potentialAction":[{"@type":"SearchAction","target":{"@type":"EntryPoint","urlTemplate":"https:\/\/kleinandcardalilaw.com\/es\/?s={search_term_string}"},"query-input":{"@type":"PropertyValueSpecification","valueRequired":true,"valueName":"search_term_string"}}],"inLanguage":"es"},{"@type":"Organization","@id":"https:\/\/kleinandcardalilaw.com\/es\/#organization","name":"The Klein &amp; Cardali Law Group, PLLC","alternateName":"Klein and Cardali","url":"https:\/\/kleinandcardalilaw.com\/es\/","logo":{"@type":"ImageObject","inLanguage":"es","@id":"https:\/\/kleinandcardalilaw.com\/es\/#\/schema\/logo\/image\/","url":"","contentUrl":"","caption":"The Klein &amp; Cardali Law Group, PLLC"},"image":{"@id":"https:\/\/kleinandcardalilaw.com\/es\/#\/schema\/logo\/image\/"},"sameAs":["https:\/\/www.facebook.com\/profile.php?id=61555734036266"],"description":"Workers' Compensation, Construction Accident, Personal Injury, Social Security Disability, Wages Lawyers","email":"info@kleinandcardalilaw.com","telephone":"2123449022","legalName":"The Klein & Cardali Law Group, PLLC","foundingDate":"2023-07-01","numberOfEmployees":{"@type":"QuantitativeValue","minValue":"11","maxValue":"50"}}]}},"_links":{"self":[{"href":"https:\/\/kleinandcardalilaw.com\/es\/wp-json\/wp\/v2\/pages\/8502","targetHints":{"allow":["GET"]}}],"collection":[{"href":"https:\/\/kleinandcardalilaw.com\/es\/wp-json\/wp\/v2\/pages"}],"about":[{"href":"https:\/\/kleinandcardalilaw.com\/es\/wp-json\/wp\/v2\/types\/page"}],"author":[{"embeddable":true,"href":"https:\/\/kleinandcardalilaw.com\/es\/wp-json\/wp\/v2\/users\/1"}],"replies":[{"embeddable":true,"href":"https:\/\/kleinandcardalilaw.com\/es\/wp-json\/wp\/v2\/comments?post=8502"}],"version-history":[{"count":4,"href":"https:\/\/kleinandcardalilaw.com\/es\/wp-json\/wp\/v2\/pages\/8502\/revisions"}],"predecessor-version":[{"id":9217,"href":"https:\/\/kleinandcardalilaw.com\/es\/wp-json\/wp\/v2\/pages\/8502\/revisions\/9217"}],"wp:attachment":[{"href":"https:\/\/kleinandcardalilaw.com\/es\/wp-json\/wp\/v2\/media?parent=8502"}],"curies":[{"name":"wp","href":"https:\/\/api.w.org\/{rel}","templated":true}]}}