{"id":8508,"date":"2024-01-08T09:36:45","date_gmt":"2024-01-08T09:36:45","guid":{"rendered":"https:\/\/kleinandcardalilaw.com\/trenes-de-metro-y-ferrocarril\/"},"modified":"2025-10-13T20:56:29","modified_gmt":"2025-10-13T20:56:29","slug":"trenes-de-metro-y-ferrocarril","status":"publish","type":"page","link":"https:\/\/kleinandcardalilaw.com\/es\/trenes-de-metro-y-ferrocarril\/","title":{"rendered":"Trenes de metro y ferrocarril"},"content":{"rendered":"\t\t<div data-elementor-type=\"wp-page\" data-elementor-id=\"8508\" class=\"elementor elementor-8508 elementor-1525\" data-elementor-post-type=\"page\">\n\t\t\t\t<div class=\"elementor-element elementor-element-e842e10 e-flex e-con-boxed e-con e-parent\" data-id=\"e842e10\" data-element_type=\"container\" data-e-type=\"container\">\n\t\t\t\t\t<div class=\"e-con-inner\">\n\t\t<div class=\"elementor-element elementor-element-8d74efd e-con-full e-flex e-con e-child\" data-id=\"8d74efd\" data-element_type=\"container\" data-e-type=\"container\">\n\t\t\t\t<div class=\"elementor-element elementor-element-8341316 elementor-widget elementor-widget-heading\" data-id=\"8341316\" data-element_type=\"widget\" data-e-type=\"widget\" data-widget_type=\"heading.default\">\n\t\t\t\t<div class=\"elementor-widget-container\">\n\t\t\t\t\t<h1 class=\"elementor-heading-title elementor-size-default\">ACCIDENTES DE METRO Y TREN<\/h1>\t\t\t\t<\/div>\n\t\t\t\t<\/div>\n\t\t\t\t<div class=\"elementor-element elementor-element-95388f3 elementor-widget elementor-widget-text-editor\" data-id=\"95388f3\" data-element_type=\"widget\" data-e-type=\"widget\" data-widget_type=\"text-editor.default\">\n\t\t\t\t<div class=\"elementor-widget-container\">\n\t\t\t\t\t\t\t\t\t<p>El metro de la ciudad de Nueva York y los sistemas ferroviarios del estado de Nueva York nos brindan servicio las 24 horas del d\u00eda, gracias a personas trabajadoras en las que confiamos todos los d\u00edas para viajar. Seg\u00fan la Autoridad de Tr\u00e1nsito Metropolitano (MTA), la ciudad de Nueva York alberga aproximadamente veinticinco (25) rutas de metro, 472 estaciones de metro, adem\u00e1s de los ferrocarriles Metro North, Long Island Railroad (LIRR) y Amtrak.  <\/p><p>Por muy bueno que sea tener acceso ininterrumpido para viajar en metro y tren, siempre debemos ser conscientes de los peligros que puede presentar. Los accidentes de trenes y ferrocarriles pueden provocar lesiones catastr\u00f3ficas e incluso la muerte. <\/p>\t\t\t\t\t\t\t\t<\/div>\n\t\t\t\t<\/div>\n\t\t\t\t<div class=\"elementor-element elementor-element-0c9de93 elementor-widget elementor-widget-heading\" data-id=\"0c9de93\" data-element_type=\"widget\" data-e-type=\"widget\" data-widget_type=\"heading.default\">\n\t\t\t\t<div class=\"elementor-widget-container\">\n\t\t\t\t\t<h5 class=\"elementor-heading-title elementor-size-default\">ACCIDENTES COMUNES DE METRO Y TREN:<\/h5>\t\t\t\t<\/div>\n\t\t\t\t<\/div>\n\t\t\t\t<div class=\"elementor-element elementor-element-c063e83 elementor-widget elementor-widget-text-editor\" data-id=\"c063e83\" data-element_type=\"widget\" data-e-type=\"widget\" data-widget_type=\"text-editor.default\">\n\t\t\t\t<div class=\"elementor-widget-container\">\n\t\t\t\t\t\t\t\t\t<ul>\n \t<li>Agresi\u00f3n a un trabajador de tr\u00e1nsito o ferrocarril;<\/li>\n \t<li>Estar demasiado cerca del borde del and\u00e9n;<\/li>\n \t<li>Entrar en las v\u00edas \/ dejar caer algo en las v\u00edas;<\/li>\n \t<li>Mantener las puertas del tren abiertas;<\/li>\n \t<li>No sujetarse a los pasamanos mientras el tren est\u00e1 en movimiento;<\/li>\n \t<li>Hacer \u00absurf\u00bb en el metro o pararse entre los vagones;<\/li>\n \t<li>Tirar del freno de emergencia sin motivo alguno;<\/li>\n \t<li>No permitir que los pasajeros salgan del tren antes de subir;<\/li>\n \t<li>No hacer espacio para los pasajeros;<\/li>\n \t<li>Fumar o consumir sustancias ilegales en el tren.<\/li>\n<\/ul>\t\t\t\t\t\t\t\t<\/div>\n\t\t\t\t<\/div>\n\t\t\t\t<\/div>\n\t\t<div class=\"elementor-element elementor-element-0f6abad e-con-full e-flex e-con e-child\" data-id=\"0f6abad\" data-element_type=\"container\" data-e-type=\"container\">\n\t\t\t\t<div class=\"elementor-element elementor-element-365ab13 elementor-widget elementor-widget-image\" data-id=\"365ab13\" data-element_type=\"widget\" data-e-type=\"widget\" data-widget_type=\"image.default\">\n\t\t\t\t<div class=\"elementor-widget-container\">\n\t\t\t\t\t\t\t\t\t\t\t\t\t\t\t<img fetchpriority=\"high\" decoding=\"async\" width=\"800\" height=\"534\" src=\"https:\/\/kleinandcardalilaw.com\/wp-content\/uploads\/2025\/10\/train-subway-rail-accidents-1024x683.webp\" class=\"attachment-large size-large wp-image-8870\" alt=\"Estaci\u00f3n de metro bajo investigaci\u00f3n tras un accidente.\" srcset=\"https:\/\/kleinandcardalilaw.com\/wp-content\/uploads\/2025\/10\/train-subway-rail-accidents-1024x683.webp 1024w, https:\/\/kleinandcardalilaw.com\/wp-content\/uploads\/2025\/10\/train-subway-rail-accidents-300x200.webp 300w, https:\/\/kleinandcardalilaw.com\/wp-content\/uploads\/2025\/10\/train-subway-rail-accidents-768x512.webp 768w, https:\/\/kleinandcardalilaw.com\/wp-content\/uploads\/2025\/10\/train-subway-rail-accidents.webp 1092w\" sizes=\"(max-width: 800px) 100vw, 800px\" \/>\t\t\t\t\t\t\t\t\t\t\t\t\t\t\t<\/div>\n\t\t\t\t<\/div>\n\t\t\t\t<div class=\"elementor-element elementor-element-45e4088 elementor-widget elementor-widget-heading\" data-id=\"45e4088\" data-element_type=\"widget\" data-e-type=\"widget\" data-widget_type=\"heading.default\">\n\t\t\t\t<div class=\"elementor-widget-container\">\n\t\t\t\t\t<h5 class=\"elementor-heading-title elementor-size-default\">RECLAMACIONES POR LESIONES PERSONALES QUE MANEJAMOS:<\/h5>\t\t\t\t<\/div>\n\t\t\t\t<\/div>\n\t\t<div class=\"elementor-element elementor-element-b19423e e-con-full e-flex e-con e-child\" data-id=\"b19423e\" data-element_type=\"container\" data-e-type=\"container\">\n\t\t\t\t<div class=\"elementor-element elementor-element-19b3015 elementor-widget elementor-widget-button\" data-id=\"19b3015\" data-element_type=\"widget\" data-e-type=\"widget\" data-widget_type=\"button.default\">\n\t\t\t\t<div class=\"elementor-widget-container\">\n\t\t\t\t\t\t\t\t\t<div class=\"elementor-button-wrapper\">\n\t\t\t\t\t<a class=\"elementor-button elementor-button-link elementor-size-sm\" href=\"https:\/\/kleinandcardalilaw.com\/es\/accidentes-de-construccion\/\">\n\t\t\t\t\t\t<span class=\"elementor-button-content-wrapper\">\n\t\t\t\t\t\t\t\t\t<span class=\"elementor-button-text\">ACCIDENTES DE CONSTRUCCI\u00d3N<\/span>\n\t\t\t\t\t<\/span>\n\t\t\t\t\t<\/a>\n\t\t\t\t<\/div>\n\t\t\t\t\t\t\t\t<\/div>\n\t\t\t\t<\/div>\n\t\t\t\t<div class=\"elementor-element elementor-element-a3d90e1 elementor-widget elementor-widget-button\" data-id=\"a3d90e1\" data-element_type=\"widget\" data-e-type=\"widget\" data-widget_type=\"button.default\">\n\t\t\t\t<div class=\"elementor-widget-container\">\n\t\t\t\t\t\t\t\t\t<div class=\"elementor-button-wrapper\">\n\t\t\t\t\t<a class=\"elementor-button elementor-button-link elementor-size-sm\" href=\"https:\/\/kleinandcardalilaw.com\/es\/accidentes-por-tropiezos-resbalones-y-caidas\/\">\n\t\t\t\t\t\t<span class=\"elementor-button-content-wrapper\">\n\t\t\t\t\t\t\t\t\t<span class=\"elementor-button-text\">ACCIDENTES POR TROPIEZOS, RESBALONES Y CA\u00cdDAS<\/span>\n\t\t\t\t\t<\/span>\n\t\t\t\t\t<\/a>\n\t\t\t\t<\/div>\n\t\t\t\t\t\t\t\t<\/div>\n\t\t\t\t<\/div>\n\t\t\t\t<div class=\"elementor-element elementor-element-6f94e5d elementor-widget elementor-widget-button\" data-id=\"6f94e5d\" data-element_type=\"widget\" data-e-type=\"widget\" data-widget_type=\"button.default\">\n\t\t\t\t<div class=\"elementor-widget-container\">\n\t\t\t\t\t\t\t\t\t<div class=\"elementor-button-wrapper\">\n\t\t\t\t\t<a class=\"elementor-button elementor-button-link elementor-size-sm\" href=\"https:\/\/kleinandcardalilaw.com\/es\/accidentes-de-bicicleta\/\">\n\t\t\t\t\t\t<span class=\"elementor-button-content-wrapper\">\n\t\t\t\t\t\t\t\t\t<span class=\"elementor-button-text\">ACCIDENTES DE BICICLETA<\/span>\n\t\t\t\t\t<\/span>\n\t\t\t\t\t<\/a>\n\t\t\t\t<\/div>\n\t\t\t\t\t\t\t\t<\/div>\n\t\t\t\t<\/div>\n\t\t\t\t<div class=\"elementor-element elementor-element-bca4b40 elementor-widget elementor-widget-button\" data-id=\"bca4b40\" data-element_type=\"widget\" data-e-type=\"widget\" data-widget_type=\"button.default\">\n\t\t\t\t<div class=\"elementor-widget-container\">\n\t\t\t\t\t\t\t\t\t<div class=\"elementor-button-wrapper\">\n\t\t\t\t\t<a class=\"elementor-button elementor-button-link elementor-size-sm\" href=\"https:\/\/kleinandcardalilaw.com\/es\/accidentes-de-coche\/\">\n\t\t\t\t\t\t<span class=\"elementor-button-content-wrapper\">\n\t\t\t\t\t\t\t\t\t<span class=\"elementor-button-text\">ACCIDENTES DE COCHE<\/span>\n\t\t\t\t\t<\/span>\n\t\t\t\t\t<\/a>\n\t\t\t\t<\/div>\n\t\t\t\t\t\t\t\t<\/div>\n\t\t\t\t<\/div>\n\t\t\t\t<div class=\"elementor-element elementor-element-599dd0f elementor-widget elementor-widget-button\" data-id=\"599dd0f\" data-element_type=\"widget\" data-e-type=\"widget\" data-widget_type=\"button.default\">\n\t\t\t\t<div class=\"elementor-widget-container\">\n\t\t\t\t\t\t\t\t\t<div class=\"elementor-button-wrapper\">\n\t\t\t\t\t<a class=\"elementor-button elementor-button-link elementor-size-sm\" href=\"https:\/\/kleinandcardalilaw.com\/es\/accidentes-de-autobus\/\">\n\t\t\t\t\t\t<span class=\"elementor-button-content-wrapper\">\n\t\t\t\t\t\t\t\t\t<span class=\"elementor-button-text\">ACCIDENTES DE AUTOB\u00daS<\/span>\n\t\t\t\t\t<\/span>\n\t\t\t\t\t<\/a>\n\t\t\t\t<\/div>\n\t\t\t\t\t\t\t\t<\/div>\n\t\t\t\t<\/div>\n\t\t\t\t<div class=\"elementor-element elementor-element-fb04a67 elementor-widget elementor-widget-button\" data-id=\"fb04a67\" data-element_type=\"widget\" data-e-type=\"widget\" data-widget_type=\"button.default\">\n\t\t\t\t<div class=\"elementor-widget-container\">\n\t\t\t\t\t\t\t\t\t<div class=\"elementor-button-wrapper\">\n\t\t\t\t\t<a class=\"elementor-button elementor-button-link elementor-size-sm\" href=\"https:\/\/kleinandcardalilaw.com\/es\/accidentes-de-camion\/\">\n\t\t\t\t\t\t<span class=\"elementor-button-content-wrapper\">\n\t\t\t\t\t\t\t\t\t<span class=\"elementor-button-text\">ACCIDENTES DE CAMI\u00d3N<\/span>\n\t\t\t\t\t<\/span>\n\t\t\t\t\t<\/a>\n\t\t\t\t<\/div>\n\t\t\t\t\t\t\t\t<\/div>\n\t\t\t\t<\/div>\n\t\t\t\t<div class=\"elementor-element elementor-element-f0fa2ca elementor-widget elementor-widget-button\" data-id=\"f0fa2ca\" data-element_type=\"widget\" data-e-type=\"widget\" data-widget_type=\"button.default\">\n\t\t\t\t<div class=\"elementor-widget-container\">\n\t\t\t\t\t\t\t\t\t<div class=\"elementor-button-wrapper\">\n\t\t\t\t\t<a class=\"elementor-button elementor-button-link elementor-size-sm\" href=\"https:\/\/kleinandcardalilaw.com\/es\/accidentes-de-motocicleta\/\">\n\t\t\t\t\t\t<span class=\"elementor-button-content-wrapper\">\n\t\t\t\t\t\t\t\t\t<span class=\"elementor-button-text\">ACCIDENTES DE MOTOCICLETA<\/span>\n\t\t\t\t\t<\/span>\n\t\t\t\t\t<\/a>\n\t\t\t\t<\/div>\n\t\t\t\t\t\t\t\t<\/div>\n\t\t\t\t<\/div>\n\t\t\t\t<div class=\"elementor-element elementor-element-193b4c2 elementor-widget elementor-widget-button\" data-id=\"193b4c2\" data-element_type=\"widget\" data-e-type=\"widget\" data-widget_type=\"button.default\">\n\t\t\t\t<div class=\"elementor-widget-container\">\n\t\t\t\t\t\t\t\t\t<div class=\"elementor-button-wrapper\">\n\t\t\t\t\t<a class=\"elementor-button elementor-button-link elementor-size-sm\" href=\"https:\/\/kleinandcardalilaw.com\/train-rail-accidents\/\">\n\t\t\t\t\t\t<span class=\"elementor-button-content-wrapper\">\n\t\t\t\t\t\t\t\t\t<span class=\"elementor-button-text\">ACCIDENTES DE METRO Y TREN<\/span>\n\t\t\t\t\t<\/span>\n\t\t\t\t\t<\/a>\n\t\t\t\t<\/div>\n\t\t\t\t\t\t\t\t<\/div>\n\t\t\t\t<\/div>\n\t\t\t\t<div class=\"elementor-element elementor-element-ddc06c6 elementor-widget elementor-widget-button\" data-id=\"ddc06c6\" data-element_type=\"widget\" data-e-type=\"widget\" data-widget_type=\"button.default\">\n\t\t\t\t<div class=\"elementor-widget-container\">\n\t\t\t\t\t\t\t\t\t<div class=\"elementor-button-wrapper\">\n\t\t\t\t\t<a class=\"elementor-button elementor-button-link elementor-size-sm\" href=\"https:\/\/kleinandcardalilaw.com\/es\/productos-defectuosos\/\">\n\t\t\t\t\t\t<span class=\"elementor-button-content-wrapper\">\n\t\t\t\t\t\t\t\t\t<span class=\"elementor-button-text\">PRODUCTOS DEFECTUOSOS<\/span>\n\t\t\t\t\t<\/span>\n\t\t\t\t\t<\/a>\n\t\t\t\t<\/div>\n\t\t\t\t\t\t\t\t<\/div>\n\t\t\t\t<\/div>\n\t\t\t\t<div class=\"elementor-element elementor-element-7546356 elementor-widget elementor-widget-button\" data-id=\"7546356\" data-element_type=\"widget\" data-e-type=\"widget\" data-widget_type=\"button.default\">\n\t\t\t\t<div class=\"elementor-widget-container\">\n\t\t\t\t\t\t\t\t\t<div class=\"elementor-button-wrapper\">\n\t\t\t\t\t<a class=\"elementor-button elementor-button-link elementor-size-sm\" href=\"https:\/\/kleinandcardalilaw.com\/es\/productos-quimicos-y-sustancias-toxicas\/\">\n\t\t\t\t\t\t<span class=\"elementor-button-content-wrapper\">\n\t\t\t\t\t\t\t\t\t<span class=\"elementor-button-text\">PRODUCTOS QU\u00cdMICOS Y SUSTANCIAS T\u00d3XICAS<\/span>\n\t\t\t\t\t<\/span>\n\t\t\t\t\t<\/a>\n\t\t\t\t<\/div>\n\t\t\t\t\t\t\t\t<\/div>\n\t\t\t\t<\/div>\n\t\t\t\t<div class=\"elementor-element elementor-element-441591d elementor-widget elementor-widget-button\" data-id=\"441591d\" data-element_type=\"widget\" data-e-type=\"widget\" data-widget_type=\"button.default\">\n\t\t\t\t<div class=\"elementor-widget-container\">\n\t\t\t\t\t\t\t\t\t<div class=\"elementor-button-wrapper\">\n\t\t\t\t\t<a class=\"elementor-button elementor-button-link elementor-size-sm\" href=\"https:\/\/kleinandcardalilaw.com\/es\/mala-praxis-profesional\/\">\n\t\t\t\t\t\t<span class=\"elementor-button-content-wrapper\">\n\t\t\t\t\t\t\t\t\t<span class=\"elementor-button-text\">MALA PRAXIS PROFESIONAL<\/span>\n\t\t\t\t\t<\/span>\n\t\t\t\t\t<\/a>\n\t\t\t\t<\/div>\n\t\t\t\t\t\t\t\t<\/div>\n\t\t\t\t<\/div>\n\t\t\t\t<div class=\"elementor-element elementor-element-8941a57 elementor-widget elementor-widget-button\" data-id=\"8941a57\" data-element_type=\"widget\" data-e-type=\"widget\" data-widget_type=\"button.default\">\n\t\t\t\t<div class=\"elementor-widget-container\">\n\t\t\t\t\t\t\t\t\t<div class=\"elementor-button-wrapper\">\n\t\t\t\t\t<a class=\"elementor-button elementor-button-link elementor-size-sm\" href=\"https:\/\/kleinandcardalilaw.com\/es\/agresion-y-abuso\/\">\n\t\t\t\t\t\t<span class=\"elementor-button-content-wrapper\">\n\t\t\t\t\t\t\t\t\t<span class=\"elementor-button-text\">AGRESI\u00d3N Y ABUSO<\/span>\n\t\t\t\t\t<\/span>\n\t\t\t\t\t<\/a>\n\t\t\t\t<\/div>\n\t\t\t\t\t\t\t\t<\/div>\n\t\t\t\t<\/div>\n\t\t\t\t<div class=\"elementor-element elementor-element-5af02b2 elementor-widget elementor-widget-button\" data-id=\"5af02b2\" data-element_type=\"widget\" data-e-type=\"widget\" data-widget_type=\"button.default\">\n\t\t\t\t<div class=\"elementor-widget-container\">\n\t\t\t\t\t\t\t\t\t<div class=\"elementor-button-wrapper\">\n\t\t\t\t\t<a class=\"elementor-button elementor-button-link elementor-size-sm\" href=\"https:\/\/kleinandcardalilaw.com\/es\/muerte-por-negligencia\/\">\n\t\t\t\t\t\t<span class=\"elementor-button-content-wrapper\">\n\t\t\t\t\t\t\t\t\t<span class=\"elementor-button-text\">MUERTE INJUSTA<\/span>\n\t\t\t\t\t<\/span>\n\t\t\t\t\t<\/a>\n\t\t\t\t<\/div>\n\t\t\t\t\t\t\t\t<\/div>\n\t\t\t\t<\/div>\n\t\t\t\t<\/div>\n\t\t\t\t<\/div>\n\t\t\t\t\t<\/div>\n\t\t\t\t<\/div>\n\t\t\t\t<\/div>\n\t\t","protected":false},"excerpt":{"rendered":"<p>ACCIDENTES DE METRO Y TREN El metro de la ciudad de Nueva York y los sistemas ferroviarios del estado de Nueva York nos brindan servicio las 24 horas del d\u00eda, gracias a personas trabajadoras en las que confiamos todos los d\u00edas para viajar. Seg\u00fan la Autoridad de Tr\u00e1nsito Metropolitano (MTA), la ciudad de Nueva York [&hellip;]<\/p>\n","protected":false},"author":1,"featured_media":0,"parent":0,"menu_order":0,"comment_status":"closed","ping_status":"closed","template":"elementor_header_footer","meta":{"footnotes":""},"class_list":["post-8508","page","type-page","status-publish","hentry"],"yoast_head":"<!-- This site is optimized with the Yoast SEO Premium plugin v27.4 (Yoast SEO v27.4) - https:\/\/yoast.com\/product\/yoast-seo-premium-wordpress\/ -->\n<title>Trenes de metro y ferrocarril - The Klein &amp; Cardali Law Group, PLLC<\/title>\n<meta name=\"description\" content=\"Riesgos de accidentes de metro y tren en Nueva York. Aprenda a evitar el peligro.\" \/>\n<meta name=\"robots\" content=\"index, follow, max-snippet:-1, max-image-preview:large, max-video-preview:-1\" \/>\n<link rel=\"canonical\" href=\"https:\/\/kleinandcardalilaw.com\/es\/trenes-de-metro-y-ferrocarril\/\" \/>\n<meta property=\"og:locale\" content=\"es_ES\" \/>\n<meta property=\"og:type\" content=\"article\" \/>\n<meta property=\"og:title\" content=\"Trenes de metro y ferrocarril\" \/>\n<meta property=\"og:description\" content=\"Riesgos de accidentes de metro y tren en Nueva York. Aprenda a evitar el peligro.\" \/>\n<meta property=\"og:url\" content=\"https:\/\/kleinandcardalilaw.com\/es\/trenes-de-metro-y-ferrocarril\/\" \/>\n<meta property=\"og:site_name\" content=\"The Klein &amp; Cardali Law Group, PLLC\" \/>\n<meta property=\"article:publisher\" content=\"https:\/\/www.facebook.com\/profile.php?id=61555734036266\" \/>\n<meta property=\"article:modified_time\" content=\"2025-10-13T20:56:29+00:00\" \/>\n<meta property=\"og:image\" content=\"https:\/\/kleinandcardalilaw.com\/wp-content\/uploads\/2025\/10\/train-subway-rail-accidents.webp\" \/>\n\t<meta property=\"og:image:width\" content=\"1092\" \/>\n\t<meta property=\"og:image:height\" content=\"728\" \/>\n\t<meta property=\"og:image:type\" content=\"image\/webp\" \/>\n<meta name=\"twitter:card\" content=\"summary_large_image\" \/>\n<meta name=\"twitter:label1\" content=\"Tiempo de lectura\" \/>\n\t<meta name=\"twitter:data1\" content=\"1 minuto\" \/>\n<script type=\"application\/ld+json\" class=\"yoast-schema-graph\">{\"@context\":\"https:\\\/\\\/schema.org\",\"@graph\":[{\"@type\":\"WebPage\",\"@id\":\"https:\\\/\\\/kleinandcardalilaw.com\\\/es\\\/trenes-de-metro-y-ferrocarril\\\/\",\"url\":\"https:\\\/\\\/kleinandcardalilaw.com\\\/es\\\/trenes-de-metro-y-ferrocarril\\\/\",\"name\":\"Trenes de metro y ferrocarril - The Klein &amp; Cardali Law Group, PLLC\",\"isPartOf\":{\"@id\":\"https:\\\/\\\/kleinandcardalilaw.com\\\/es\\\/#website\"},\"primaryImageOfPage\":{\"@id\":\"https:\\\/\\\/kleinandcardalilaw.com\\\/es\\\/trenes-de-metro-y-ferrocarril\\\/#primaryimage\"},\"image\":{\"@id\":\"https:\\\/\\\/kleinandcardalilaw.com\\\/es\\\/trenes-de-metro-y-ferrocarril\\\/#primaryimage\"},\"thumbnailUrl\":\"https:\\\/\\\/kleinandcardalilaw.com\\\/wp-content\\\/uploads\\\/2025\\\/10\\\/train-subway-rail-accidents-1024x683.webp\",\"datePublished\":\"2024-01-08T09:36:45+00:00\",\"dateModified\":\"2025-10-13T20:56:29+00:00\",\"description\":\"Riesgos de accidentes de metro y tren en Nueva York. Aprenda a evitar el peligro.\",\"breadcrumb\":{\"@id\":\"https:\\\/\\\/kleinandcardalilaw.com\\\/es\\\/trenes-de-metro-y-ferrocarril\\\/#breadcrumb\"},\"inLanguage\":\"es\",\"potentialAction\":[{\"@type\":\"ReadAction\",\"target\":[\"https:\\\/\\\/kleinandcardalilaw.com\\\/es\\\/trenes-de-metro-y-ferrocarril\\\/\"]}]},{\"@type\":\"ImageObject\",\"inLanguage\":\"es\",\"@id\":\"https:\\\/\\\/kleinandcardalilaw.com\\\/es\\\/trenes-de-metro-y-ferrocarril\\\/#primaryimage\",\"url\":\"https:\\\/\\\/kleinandcardalilaw.com\\\/wp-content\\\/uploads\\\/2025\\\/10\\\/train-subway-rail-accidents-1024x683.webp\",\"contentUrl\":\"https:\\\/\\\/kleinandcardalilaw.com\\\/wp-content\\\/uploads\\\/2025\\\/10\\\/train-subway-rail-accidents-1024x683.webp\"},{\"@type\":\"BreadcrumbList\",\"@id\":\"https:\\\/\\\/kleinandcardalilaw.com\\\/es\\\/trenes-de-metro-y-ferrocarril\\\/#breadcrumb\",\"itemListElement\":[{\"@type\":\"ListItem\",\"position\":1,\"name\":\"Home\",\"item\":\"https:\\\/\\\/kleinandcardalilaw.com\\\/es\\\/inicio\\\/\"},{\"@type\":\"ListItem\",\"position\":2,\"name\":\"Trenes de metro y ferrocarril\"}]},{\"@type\":\"WebSite\",\"@id\":\"https:\\\/\\\/kleinandcardalilaw.com\\\/es\\\/#website\",\"url\":\"https:\\\/\\\/kleinandcardalilaw.com\\\/es\\\/\",\"name\":\"The Klein & Cardali Law Group, PLLC\",\"description\":\"Workers Compensation, Construction Accidents, Personal Injury, and Social Security Law\",\"publisher\":{\"@id\":\"https:\\\/\\\/kleinandcardalilaw.com\\\/es\\\/#organization\"},\"potentialAction\":[{\"@type\":\"SearchAction\",\"target\":{\"@type\":\"EntryPoint\",\"urlTemplate\":\"https:\\\/\\\/kleinandcardalilaw.com\\\/es\\\/?s={search_term_string}\"},\"query-input\":{\"@type\":\"PropertyValueSpecification\",\"valueRequired\":true,\"valueName\":\"search_term_string\"}}],\"inLanguage\":\"es\"},{\"@type\":\"Organization\",\"@id\":\"https:\\\/\\\/kleinandcardalilaw.com\\\/es\\\/#organization\",\"name\":\"The Klein &amp; Cardali Law Group, PLLC\",\"alternateName\":\"Klein and Cardali\",\"url\":\"https:\\\/\\\/kleinandcardalilaw.com\\\/es\\\/\",\"logo\":{\"@type\":\"ImageObject\",\"inLanguage\":\"es\",\"@id\":\"https:\\\/\\\/kleinandcardalilaw.com\\\/es\\\/#\\\/schema\\\/logo\\\/image\\\/\",\"url\":\"\",\"contentUrl\":\"\",\"caption\":\"The Klein &amp; Cardali Law Group, PLLC\"},\"image\":{\"@id\":\"https:\\\/\\\/kleinandcardalilaw.com\\\/es\\\/#\\\/schema\\\/logo\\\/image\\\/\"},\"sameAs\":[\"https:\\\/\\\/www.facebook.com\\\/profile.php?id=61555734036266\"],\"description\":\"Workers' Compensation, Construction Accident, Personal Injury, Social Security Disability, Wages Lawyers\",\"email\":\"info@kleinandcardalilaw.com\",\"telephone\":\"2123449022\",\"legalName\":\"The Klein & Cardali Law Group, PLLC\",\"foundingDate\":\"2023-07-01\",\"numberOfEmployees\":{\"@type\":\"QuantitativeValue\",\"minValue\":\"11\",\"maxValue\":\"50\"}}]}<\/script>\n<!-- \/ Yoast SEO Premium plugin. -->","yoast_head_json":{"title":"Trenes de metro y ferrocarril - The Klein &amp; Cardali Law Group, PLLC","description":"Riesgos de accidentes de metro y tren en Nueva York. Aprenda a evitar el peligro.","robots":{"index":"index","follow":"follow","max-snippet":"max-snippet:-1","max-image-preview":"max-image-preview:large","max-video-preview":"max-video-preview:-1"},"canonical":"https:\/\/kleinandcardalilaw.com\/es\/trenes-de-metro-y-ferrocarril\/","og_locale":"es_ES","og_type":"article","og_title":"Trenes de metro y ferrocarril","og_description":"Riesgos de accidentes de metro y tren en Nueva York. Aprenda a evitar el peligro.","og_url":"https:\/\/kleinandcardalilaw.com\/es\/trenes-de-metro-y-ferrocarril\/","og_site_name":"The Klein &amp; Cardali Law Group, PLLC","article_publisher":"https:\/\/www.facebook.com\/profile.php?id=61555734036266","article_modified_time":"2025-10-13T20:56:29+00:00","og_image":[{"width":1092,"height":728,"url":"https:\/\/kleinandcardalilaw.com\/wp-content\/uploads\/2025\/10\/train-subway-rail-accidents.webp","type":"image\/webp"}],"twitter_card":"summary_large_image","twitter_misc":{"Tiempo de lectura":"1 minuto"},"schema":{"@context":"https:\/\/schema.org","@graph":[{"@type":"WebPage","@id":"https:\/\/kleinandcardalilaw.com\/es\/trenes-de-metro-y-ferrocarril\/","url":"https:\/\/kleinandcardalilaw.com\/es\/trenes-de-metro-y-ferrocarril\/","name":"Trenes de metro y ferrocarril - The Klein &amp; Cardali Law Group, PLLC","isPartOf":{"@id":"https:\/\/kleinandcardalilaw.com\/es\/#website"},"primaryImageOfPage":{"@id":"https:\/\/kleinandcardalilaw.com\/es\/trenes-de-metro-y-ferrocarril\/#primaryimage"},"image":{"@id":"https:\/\/kleinandcardalilaw.com\/es\/trenes-de-metro-y-ferrocarril\/#primaryimage"},"thumbnailUrl":"https:\/\/kleinandcardalilaw.com\/wp-content\/uploads\/2025\/10\/train-subway-rail-accidents-1024x683.webp","datePublished":"2024-01-08T09:36:45+00:00","dateModified":"2025-10-13T20:56:29+00:00","description":"Riesgos de accidentes de metro y tren en Nueva York. Aprenda a evitar el peligro.","breadcrumb":{"@id":"https:\/\/kleinandcardalilaw.com\/es\/trenes-de-metro-y-ferrocarril\/#breadcrumb"},"inLanguage":"es","potentialAction":[{"@type":"ReadAction","target":["https:\/\/kleinandcardalilaw.com\/es\/trenes-de-metro-y-ferrocarril\/"]}]},{"@type":"ImageObject","inLanguage":"es","@id":"https:\/\/kleinandcardalilaw.com\/es\/trenes-de-metro-y-ferrocarril\/#primaryimage","url":"https:\/\/kleinandcardalilaw.com\/wp-content\/uploads\/2025\/10\/train-subway-rail-accidents-1024x683.webp","contentUrl":"https:\/\/kleinandcardalilaw.com\/wp-content\/uploads\/2025\/10\/train-subway-rail-accidents-1024x683.webp"},{"@type":"BreadcrumbList","@id":"https:\/\/kleinandcardalilaw.com\/es\/trenes-de-metro-y-ferrocarril\/#breadcrumb","itemListElement":[{"@type":"ListItem","position":1,"name":"Home","item":"https:\/\/kleinandcardalilaw.com\/es\/inicio\/"},{"@type":"ListItem","position":2,"name":"Trenes de metro y ferrocarril"}]},{"@type":"WebSite","@id":"https:\/\/kleinandcardalilaw.com\/es\/#website","url":"https:\/\/kleinandcardalilaw.com\/es\/","name":"The Klein & Cardali Law Group, PLLC","description":"Workers Compensation, Construction Accidents, Personal Injury, and Social Security Law","publisher":{"@id":"https:\/\/kleinandcardalilaw.com\/es\/#organization"},"potentialAction":[{"@type":"SearchAction","target":{"@type":"EntryPoint","urlTemplate":"https:\/\/kleinandcardalilaw.com\/es\/?s={search_term_string}"},"query-input":{"@type":"PropertyValueSpecification","valueRequired":true,"valueName":"search_term_string"}}],"inLanguage":"es"},{"@type":"Organization","@id":"https:\/\/kleinandcardalilaw.com\/es\/#organization","name":"The Klein &amp; Cardali Law Group, PLLC","alternateName":"Klein and Cardali","url":"https:\/\/kleinandcardalilaw.com\/es\/","logo":{"@type":"ImageObject","inLanguage":"es","@id":"https:\/\/kleinandcardalilaw.com\/es\/#\/schema\/logo\/image\/","url":"","contentUrl":"","caption":"The Klein &amp; Cardali Law Group, PLLC"},"image":{"@id":"https:\/\/kleinandcardalilaw.com\/es\/#\/schema\/logo\/image\/"},"sameAs":["https:\/\/www.facebook.com\/profile.php?id=61555734036266"],"description":"Workers' Compensation, Construction Accident, Personal Injury, Social Security Disability, Wages Lawyers","email":"info@kleinandcardalilaw.com","telephone":"2123449022","legalName":"The Klein & Cardali Law Group, PLLC","foundingDate":"2023-07-01","numberOfEmployees":{"@type":"QuantitativeValue","minValue":"11","maxValue":"50"}}]}},"_links":{"self":[{"href":"https:\/\/kleinandcardalilaw.com\/es\/wp-json\/wp\/v2\/pages\/8508","targetHints":{"allow":["GET"]}}],"collection":[{"href":"https:\/\/kleinandcardalilaw.com\/es\/wp-json\/wp\/v2\/pages"}],"about":[{"href":"https:\/\/kleinandcardalilaw.com\/es\/wp-json\/wp\/v2\/types\/page"}],"author":[{"embeddable":true,"href":"https:\/\/kleinandcardalilaw.com\/es\/wp-json\/wp\/v2\/users\/1"}],"replies":[{"embeddable":true,"href":"https:\/\/kleinandcardalilaw.com\/es\/wp-json\/wp\/v2\/comments?post=8508"}],"version-history":[{"count":5,"href":"https:\/\/kleinandcardalilaw.com\/es\/wp-json\/wp\/v2\/pages\/8508\/revisions"}],"predecessor-version":[{"id":9251,"href":"https:\/\/kleinandcardalilaw.com\/es\/wp-json\/wp\/v2\/pages\/8508\/revisions\/9251"}],"wp:attachment":[{"href":"https:\/\/kleinandcardalilaw.com\/es\/wp-json\/wp\/v2\/media?parent=8508"}],"curies":[{"name":"wp","href":"https:\/\/api.w.org\/{rel}","templated":true}]}}