{"id":8520,"date":"2023-12-10T09:10:40","date_gmt":"2023-12-10T09:10:40","guid":{"rendered":"https:\/\/kleinandcardalilaw.com\/mala-praxis-profesional\/"},"modified":"2025-10-13T20:46:16","modified_gmt":"2025-10-13T20:46:16","slug":"mala-praxis-profesional","status":"publish","type":"page","link":"https:\/\/kleinandcardalilaw.com\/es\/mala-praxis-profesional\/","title":{"rendered":"Mala praxis profesional"},"content":{"rendered":"\t\t<div data-elementor-type=\"wp-page\" data-elementor-id=\"8520\" class=\"elementor elementor-8520 elementor-519\" data-elementor-post-type=\"page\">\n\t\t\t\t<div class=\"elementor-element elementor-element-986a8ad e-flex e-con-boxed e-con e-parent\" data-id=\"986a8ad\" data-element_type=\"container\" data-e-type=\"container\">\n\t\t\t\t\t<div class=\"e-con-inner\">\n\t\t<div class=\"elementor-element elementor-element-564bc3e e-con-full e-flex e-con e-child\" data-id=\"564bc3e\" data-element_type=\"container\" data-e-type=\"container\">\n\t\t\t\t<div class=\"elementor-element elementor-element-3c3b958 elementor-widget elementor-widget-heading\" data-id=\"3c3b958\" data-element_type=\"widget\" data-e-type=\"widget\" data-widget_type=\"heading.default\">\n\t\t\t\t<div class=\"elementor-widget-container\">\n\t\t\t\t\t<h1 class=\"elementor-heading-title elementor-size-default\">MALA PRAXIS PROFESIONAL<\/h1>\t\t\t\t<\/div>\n\t\t\t\t<\/div>\n\t\t\t\t<div class=\"elementor-element elementor-element-1580b4f elementor-widget elementor-widget-text-editor\" data-id=\"1580b4f\" data-element_type=\"widget\" data-e-type=\"widget\" data-widget_type=\"text-editor.default\">\n\t\t\t\t<div class=\"elementor-widget-container\">\n\t\t\t\t\t\t\t\t\t<p>Se supone que los profesionales deben actuar con responsabilidad y cuidado al prestar sus servicios. Si un profesional es negligente o imprudente, puede causar da\u00f1os que de otro modo ser\u00edan evitables. Cuando eso ocurre, se les puede responsabilizar por da\u00f1os legales o monetarios.   <span style=\"font-size: 1rem;\">Es importante saber que la mala praxis profesional depende de los siguientes factores:<\/span><\/p><ul><li>Que exista o haya existido una relaci\u00f3n entre usted y el profesional (por ejemplo, abogado\/cliente o m\u00e9dico\/paciente);<\/li><li>Debe demostrar que el profesional no actu\u00f3 dentro del \u00e1mbito de sus funciones laborales;<\/li><li>Debe demostrar que sufri\u00f3 un da\u00f1o f\u00edsico o una p\u00e9rdida econ\u00f3mica como resultado de las acciones del profesional.<\/li><\/ul>\t\t\t\t\t\t\t\t<\/div>\n\t\t\t\t<\/div>\n\t\t\t\t<div class=\"elementor-element elementor-element-e7c2623 elementor-widget elementor-widget-heading\" data-id=\"e7c2623\" data-element_type=\"widget\" data-e-type=\"widget\" data-widget_type=\"heading.default\">\n\t\t\t\t<div class=\"elementor-widget-container\">\n\t\t\t\t\t<h5 class=\"elementor-heading-title elementor-size-default\">LAS RECLAMACIONES COMUNES POR MALA <br>PRAXIS M\u00c9DICA PUEDEN INCLUIR:<\/h5>\t\t\t\t<\/div>\n\t\t\t\t<\/div>\n\t\t\t\t<div class=\"elementor-element elementor-element-c127878 elementor-widget elementor-widget-text-editor\" data-id=\"c127878\" data-element_type=\"widget\" data-e-type=\"widget\" data-widget_type=\"text-editor.default\">\n\t\t\t\t<div class=\"elementor-widget-container\">\n\t\t\t\t\t\t\t\t\t<ul><li>M\u00e9dicos, enfermeras y personal sanitario;<\/li><li>Cirug\u00eda y procedimientos\/ex\u00e1menes m\u00e9dicos rutinarios;<\/li><li>Lesiones durante el parto;<\/li><li>Lesiones como da\u00f1o cerebral, par\u00e1lisis de Erb y par\u00e1lisis cerebral, tetraplejia, paraplejia y otras lesiones de la m\u00e9dula espinal;<\/li><li>Da\u00f1o a los nervios;<\/li><li>P\u00e9rdida de la vista, p\u00e9rdida de la audici\u00f3n;<\/li><li>Prescripci\u00f3n m\u00e9dica incorrecta;<\/li><li>No diagnosticar o diagnosticar err\u00f3neamente, o no supervisar a un paciente;<\/li><li>Dentistas que realizan extracciones dentales o endodoncias;<\/li><li>Asesoramiento inadecuado que a sabiendas infringe la ley o causa da\u00f1o.<\/li><\/ul>\t\t\t\t\t\t\t\t<\/div>\n\t\t\t\t<\/div>\n\t\t\t\t<\/div>\n\t\t<div class=\"elementor-element elementor-element-38f4f3e e-con-full e-flex e-con e-child\" data-id=\"38f4f3e\" data-element_type=\"container\" data-e-type=\"container\">\n\t\t\t\t<div class=\"elementor-element elementor-element-0cbd856 elementor-widget elementor-widget-image\" data-id=\"0cbd856\" data-element_type=\"widget\" data-e-type=\"widget\" data-widget_type=\"image.default\">\n\t\t\t\t<div class=\"elementor-widget-container\">\n\t\t\t\t\t\t\t\t\t\t\t\t\t\t\t<img fetchpriority=\"high\" decoding=\"async\" width=\"800\" height=\"534\" src=\"https:\/\/kleinandcardalilaw.com\/wp-content\/uploads\/2025\/10\/gavel-background-image-1024x683.webp\" class=\"attachment-large size-large wp-image-8864\" alt=\"Un mazo sobre la mesa.\" srcset=\"https:\/\/kleinandcardalilaw.com\/wp-content\/uploads\/2025\/10\/gavel-background-image-1024x683.webp 1024w, https:\/\/kleinandcardalilaw.com\/wp-content\/uploads\/2025\/10\/gavel-background-image-300x200.webp 300w, https:\/\/kleinandcardalilaw.com\/wp-content\/uploads\/2025\/10\/gavel-background-image-768x513.webp 768w, https:\/\/kleinandcardalilaw.com\/wp-content\/uploads\/2025\/10\/gavel-background-image-1536x1025.webp 1536w, https:\/\/kleinandcardalilaw.com\/wp-content\/uploads\/2025\/10\/gavel-background-image.webp 1840w\" sizes=\"(max-width: 800px) 100vw, 800px\" \/>\t\t\t\t\t\t\t\t\t\t\t\t\t\t\t<\/div>\n\t\t\t\t<\/div>\n\t\t\t\t<div class=\"elementor-element elementor-element-cc173a2 elementor-widget elementor-widget-heading\" data-id=\"cc173a2\" data-element_type=\"widget\" data-e-type=\"widget\" data-widget_type=\"heading.default\">\n\t\t\t\t<div class=\"elementor-widget-container\">\n\t\t\t\t\t<h5 class=\"elementor-heading-title elementor-size-default\">RECLAMACIONES POR LESIONES PERSONALES QUE MANEJAMOS:<\/h5>\t\t\t\t<\/div>\n\t\t\t\t<\/div>\n\t\t<div class=\"elementor-element elementor-element-0caaa8c e-con-full e-flex e-con e-child\" data-id=\"0caaa8c\" data-element_type=\"container\" data-e-type=\"container\">\n\t\t\t\t<div class=\"elementor-element elementor-element-3e2f8df elementor-widget elementor-widget-button\" data-id=\"3e2f8df\" data-element_type=\"widget\" data-e-type=\"widget\" data-widget_type=\"button.default\">\n\t\t\t\t<div class=\"elementor-widget-container\">\n\t\t\t\t\t\t\t\t\t<div class=\"elementor-button-wrapper\">\n\t\t\t\t\t<a class=\"elementor-button elementor-button-link elementor-size-sm\" href=\"https:\/\/kleinandcardalilaw.com\/es\/accidentes-de-construccion\/\">\n\t\t\t\t\t\t<span class=\"elementor-button-content-wrapper\">\n\t\t\t\t\t\t\t\t\t<span class=\"elementor-button-text\">ACCIDENTES DE CONSTRUCCI\u00d3N<\/span>\n\t\t\t\t\t<\/span>\n\t\t\t\t\t<\/a>\n\t\t\t\t<\/div>\n\t\t\t\t\t\t\t\t<\/div>\n\t\t\t\t<\/div>\n\t\t\t\t<div class=\"elementor-element elementor-element-ab58c93 elementor-widget elementor-widget-button\" data-id=\"ab58c93\" data-element_type=\"widget\" data-e-type=\"widget\" data-widget_type=\"button.default\">\n\t\t\t\t<div class=\"elementor-widget-container\">\n\t\t\t\t\t\t\t\t\t<div class=\"elementor-button-wrapper\">\n\t\t\t\t\t<a class=\"elementor-button elementor-button-link elementor-size-sm\" href=\"https:\/\/kleinandcardalilaw.com\/es\/accidentes-por-tropiezos-resbalones-y-caidas\/\">\n\t\t\t\t\t\t<span class=\"elementor-button-content-wrapper\">\n\t\t\t\t\t\t\t\t\t<span class=\"elementor-button-text\">ACCIDENTES POR TROPIEZOS, RESBALONES Y CA\u00cdDAS<\/span>\n\t\t\t\t\t<\/span>\n\t\t\t\t\t<\/a>\n\t\t\t\t<\/div>\n\t\t\t\t\t\t\t\t<\/div>\n\t\t\t\t<\/div>\n\t\t\t\t<div class=\"elementor-element elementor-element-3e06447 elementor-widget elementor-widget-button\" data-id=\"3e06447\" data-element_type=\"widget\" data-e-type=\"widget\" data-widget_type=\"button.default\">\n\t\t\t\t<div class=\"elementor-widget-container\">\n\t\t\t\t\t\t\t\t\t<div class=\"elementor-button-wrapper\">\n\t\t\t\t\t<a class=\"elementor-button elementor-button-link elementor-size-sm\" href=\"https:\/\/kleinandcardalilaw.com\/es\/accidentes-de-bicicleta\/\">\n\t\t\t\t\t\t<span class=\"elementor-button-content-wrapper\">\n\t\t\t\t\t\t\t\t\t<span class=\"elementor-button-text\">ACCIDENTES DE BICICLETA<\/span>\n\t\t\t\t\t<\/span>\n\t\t\t\t\t<\/a>\n\t\t\t\t<\/div>\n\t\t\t\t\t\t\t\t<\/div>\n\t\t\t\t<\/div>\n\t\t\t\t<div class=\"elementor-element elementor-element-d050908 elementor-widget elementor-widget-button\" data-id=\"d050908\" data-element_type=\"widget\" data-e-type=\"widget\" data-widget_type=\"button.default\">\n\t\t\t\t<div class=\"elementor-widget-container\">\n\t\t\t\t\t\t\t\t\t<div class=\"elementor-button-wrapper\">\n\t\t\t\t\t<a class=\"elementor-button elementor-button-link elementor-size-sm\" href=\"https:\/\/kleinandcardalilaw.com\/es\/accidentes-de-coche\/\">\n\t\t\t\t\t\t<span class=\"elementor-button-content-wrapper\">\n\t\t\t\t\t\t\t\t\t<span class=\"elementor-button-text\">ACCIDENTES DE COCHE<\/span>\n\t\t\t\t\t<\/span>\n\t\t\t\t\t<\/a>\n\t\t\t\t<\/div>\n\t\t\t\t\t\t\t\t<\/div>\n\t\t\t\t<\/div>\n\t\t\t\t<div class=\"elementor-element elementor-element-6905a47 elementor-widget elementor-widget-button\" data-id=\"6905a47\" data-element_type=\"widget\" data-e-type=\"widget\" data-widget_type=\"button.default\">\n\t\t\t\t<div class=\"elementor-widget-container\">\n\t\t\t\t\t\t\t\t\t<div class=\"elementor-button-wrapper\">\n\t\t\t\t\t<a class=\"elementor-button elementor-button-link elementor-size-sm\" href=\"https:\/\/kleinandcardalilaw.com\/es\/accidentes-de-autobus\/\">\n\t\t\t\t\t\t<span class=\"elementor-button-content-wrapper\">\n\t\t\t\t\t\t\t\t\t<span class=\"elementor-button-text\">ACCIDENTES DE AUTOB\u00daS<\/span>\n\t\t\t\t\t<\/span>\n\t\t\t\t\t<\/a>\n\t\t\t\t<\/div>\n\t\t\t\t\t\t\t\t<\/div>\n\t\t\t\t<\/div>\n\t\t\t\t<div class=\"elementor-element elementor-element-87234cd elementor-widget elementor-widget-button\" data-id=\"87234cd\" data-element_type=\"widget\" data-e-type=\"widget\" data-widget_type=\"button.default\">\n\t\t\t\t<div class=\"elementor-widget-container\">\n\t\t\t\t\t\t\t\t\t<div class=\"elementor-button-wrapper\">\n\t\t\t\t\t<a class=\"elementor-button elementor-button-link elementor-size-sm\" href=\"https:\/\/kleinandcardalilaw.com\/es\/accidentes-de-camion\/\">\n\t\t\t\t\t\t<span class=\"elementor-button-content-wrapper\">\n\t\t\t\t\t\t\t\t\t<span class=\"elementor-button-text\">ACCIDENTES DE CAMI\u00d3N<\/span>\n\t\t\t\t\t<\/span>\n\t\t\t\t\t<\/a>\n\t\t\t\t<\/div>\n\t\t\t\t\t\t\t\t<\/div>\n\t\t\t\t<\/div>\n\t\t\t\t<div class=\"elementor-element elementor-element-04efd1d elementor-widget elementor-widget-button\" data-id=\"04efd1d\" data-element_type=\"widget\" data-e-type=\"widget\" data-widget_type=\"button.default\">\n\t\t\t\t<div class=\"elementor-widget-container\">\n\t\t\t\t\t\t\t\t\t<div class=\"elementor-button-wrapper\">\n\t\t\t\t\t<a class=\"elementor-button elementor-button-link elementor-size-sm\" href=\"https:\/\/kleinandcardalilaw.com\/es\/accidentes-de-motocicleta\/\">\n\t\t\t\t\t\t<span class=\"elementor-button-content-wrapper\">\n\t\t\t\t\t\t\t\t\t<span class=\"elementor-button-text\">ACCIDENTES DE MOTOCICLETA<\/span>\n\t\t\t\t\t<\/span>\n\t\t\t\t\t<\/a>\n\t\t\t\t<\/div>\n\t\t\t\t\t\t\t\t<\/div>\n\t\t\t\t<\/div>\n\t\t\t\t<div class=\"elementor-element elementor-element-fc42d0f elementor-widget elementor-widget-button\" data-id=\"fc42d0f\" data-element_type=\"widget\" data-e-type=\"widget\" data-widget_type=\"button.default\">\n\t\t\t\t<div class=\"elementor-widget-container\">\n\t\t\t\t\t\t\t\t\t<div class=\"elementor-button-wrapper\">\n\t\t\t\t\t<a class=\"elementor-button elementor-button-link elementor-size-sm\" href=\"https:\/\/kleinandcardalilaw.com\/train-rail-accidents\/\">\n\t\t\t\t\t\t<span class=\"elementor-button-content-wrapper\">\n\t\t\t\t\t\t\t\t\t<span class=\"elementor-button-text\">ACCIDENTES DE METRO Y TREN<\/span>\n\t\t\t\t\t<\/span>\n\t\t\t\t\t<\/a>\n\t\t\t\t<\/div>\n\t\t\t\t\t\t\t\t<\/div>\n\t\t\t\t<\/div>\n\t\t\t\t<div class=\"elementor-element elementor-element-18a935c elementor-widget elementor-widget-button\" data-id=\"18a935c\" data-element_type=\"widget\" data-e-type=\"widget\" data-widget_type=\"button.default\">\n\t\t\t\t<div class=\"elementor-widget-container\">\n\t\t\t\t\t\t\t\t\t<div class=\"elementor-button-wrapper\">\n\t\t\t\t\t<a class=\"elementor-button elementor-button-link elementor-size-sm\" href=\"https:\/\/kleinandcardalilaw.com\/es\/productos-defectuosos\/\">\n\t\t\t\t\t\t<span class=\"elementor-button-content-wrapper\">\n\t\t\t\t\t\t\t\t\t<span class=\"elementor-button-text\">PRODUCTOS DEFECTUOSOS<\/span>\n\t\t\t\t\t<\/span>\n\t\t\t\t\t<\/a>\n\t\t\t\t<\/div>\n\t\t\t\t\t\t\t\t<\/div>\n\t\t\t\t<\/div>\n\t\t\t\t<div class=\"elementor-element elementor-element-cf27665 elementor-widget elementor-widget-button\" data-id=\"cf27665\" data-element_type=\"widget\" data-e-type=\"widget\" data-widget_type=\"button.default\">\n\t\t\t\t<div class=\"elementor-widget-container\">\n\t\t\t\t\t\t\t\t\t<div class=\"elementor-button-wrapper\">\n\t\t\t\t\t<a class=\"elementor-button elementor-button-link elementor-size-sm\" href=\"https:\/\/kleinandcardalilaw.com\/es\/productos-quimicos-y-sustancias-toxicas\/\">\n\t\t\t\t\t\t<span class=\"elementor-button-content-wrapper\">\n\t\t\t\t\t\t\t\t\t<span class=\"elementor-button-text\">PRODUCTOS QU\u00cdMICOS Y SUSTANCIAS T\u00d3XICAS<\/span>\n\t\t\t\t\t<\/span>\n\t\t\t\t\t<\/a>\n\t\t\t\t<\/div>\n\t\t\t\t\t\t\t\t<\/div>\n\t\t\t\t<\/div>\n\t\t\t\t<div class=\"elementor-element elementor-element-27e4f5e elementor-widget elementor-widget-button\" data-id=\"27e4f5e\" data-element_type=\"widget\" data-e-type=\"widget\" data-widget_type=\"button.default\">\n\t\t\t\t<div class=\"elementor-widget-container\">\n\t\t\t\t\t\t\t\t\t<div class=\"elementor-button-wrapper\">\n\t\t\t\t\t<a class=\"elementor-button elementor-button-link elementor-size-sm\" href=\"https:\/\/kleinandcardalilaw.com\/es\/mala-praxis-profesional\/\">\n\t\t\t\t\t\t<span class=\"elementor-button-content-wrapper\">\n\t\t\t\t\t\t\t\t\t<span class=\"elementor-button-text\">MALA PRAXIS PROFESIONAL<\/span>\n\t\t\t\t\t<\/span>\n\t\t\t\t\t<\/a>\n\t\t\t\t<\/div>\n\t\t\t\t\t\t\t\t<\/div>\n\t\t\t\t<\/div>\n\t\t\t\t<div class=\"elementor-element elementor-element-fdc6722 elementor-widget elementor-widget-button\" data-id=\"fdc6722\" data-element_type=\"widget\" data-e-type=\"widget\" data-widget_type=\"button.default\">\n\t\t\t\t<div class=\"elementor-widget-container\">\n\t\t\t\t\t\t\t\t\t<div class=\"elementor-button-wrapper\">\n\t\t\t\t\t<a class=\"elementor-button elementor-button-link elementor-size-sm\" href=\"https:\/\/kleinandcardalilaw.com\/es\/agresion-y-abuso\/\">\n\t\t\t\t\t\t<span class=\"elementor-button-content-wrapper\">\n\t\t\t\t\t\t\t\t\t<span class=\"elementor-button-text\">AGRESI\u00d3N Y ABUSO<\/span>\n\t\t\t\t\t<\/span>\n\t\t\t\t\t<\/a>\n\t\t\t\t<\/div>\n\t\t\t\t\t\t\t\t<\/div>\n\t\t\t\t<\/div>\n\t\t\t\t<div class=\"elementor-element elementor-element-7bf98b6 elementor-widget elementor-widget-button\" data-id=\"7bf98b6\" data-element_type=\"widget\" data-e-type=\"widget\" data-widget_type=\"button.default\">\n\t\t\t\t<div class=\"elementor-widget-container\">\n\t\t\t\t\t\t\t\t\t<div class=\"elementor-button-wrapper\">\n\t\t\t\t\t<a class=\"elementor-button elementor-button-link elementor-size-sm\" href=\"https:\/\/kleinandcardalilaw.com\/es\/muerte-por-negligencia\/\">\n\t\t\t\t\t\t<span class=\"elementor-button-content-wrapper\">\n\t\t\t\t\t\t\t\t\t<span class=\"elementor-button-text\">MUERTE INJUSTA<\/span>\n\t\t\t\t\t<\/span>\n\t\t\t\t\t<\/a>\n\t\t\t\t<\/div>\n\t\t\t\t\t\t\t\t<\/div>\n\t\t\t\t<\/div>\n\t\t\t\t<\/div>\n\t\t\t\t<\/div>\n\t\t\t\t\t<\/div>\n\t\t\t\t<\/div>\n\t\t\t\t<\/div>\n\t\t","protected":false},"excerpt":{"rendered":"<p>MALA PRAXIS PROFESIONAL Se supone que los profesionales deben actuar con responsabilidad y cuidado al prestar sus servicios. Si un profesional es negligente o imprudente, puede causar da\u00f1os que de otro modo ser\u00edan evitables. Cuando eso ocurre, se les puede responsabilizar por da\u00f1os legales o monetarios. Es importante saber que la mala praxis profesional depende [&hellip;]<\/p>\n","protected":false},"author":1,"featured_media":0,"parent":0,"menu_order":0,"comment_status":"closed","ping_status":"closed","template":"elementor_header_footer","meta":{"footnotes":""},"class_list":["post-8520","page","type-page","status-publish","hentry"],"yoast_head":"<!-- This site is optimized with the Yoast SEO Premium plugin v27.4 (Yoast SEO v27.4) - https:\/\/yoast.com\/product\/yoast-seo-premium-wordpress\/ -->\n<title>Mala praxis profesional - The Klein &amp; Cardali Law Group, PLLC<\/title>\n<meta name=\"description\" content=\"\u00bfUn profesional le ha da\u00f1ado? Investigaremos y exigiremos responsabilidades. Ll\u00e1menos.\" \/>\n<meta name=\"robots\" content=\"index, follow, max-snippet:-1, max-image-preview:large, max-video-preview:-1\" \/>\n<link rel=\"canonical\" href=\"https:\/\/kleinandcardalilaw.com\/es\/mala-praxis-profesional\/\" \/>\n<meta property=\"og:locale\" content=\"es_ES\" \/>\n<meta property=\"og:type\" content=\"article\" \/>\n<meta property=\"og:title\" content=\"Mala praxis profesional\" \/>\n<meta property=\"og:description\" content=\"\u00bfUn profesional le ha da\u00f1ado? Investigaremos y exigiremos responsabilidades. Ll\u00e1menos.\" \/>\n<meta property=\"og:url\" content=\"https:\/\/kleinandcardalilaw.com\/es\/mala-praxis-profesional\/\" \/>\n<meta property=\"og:site_name\" content=\"The Klein &amp; Cardali Law Group, PLLC\" \/>\n<meta property=\"article:publisher\" content=\"https:\/\/www.facebook.com\/profile.php?id=61555734036266\" \/>\n<meta property=\"article:modified_time\" content=\"2025-10-13T20:46:16+00:00\" \/>\n<meta property=\"og:image\" content=\"https:\/\/kleinandcardalilaw.com\/wp-content\/uploads\/2025\/10\/gavel-background-image.webp\" \/>\n\t<meta property=\"og:image:width\" content=\"1840\" \/>\n\t<meta property=\"og:image:height\" content=\"1228\" \/>\n\t<meta property=\"og:image:type\" content=\"image\/webp\" \/>\n<meta name=\"twitter:card\" content=\"summary_large_image\" \/>\n<meta name=\"twitter:label1\" content=\"Tiempo de lectura\" \/>\n\t<meta name=\"twitter:data1\" content=\"1 minuto\" \/>\n<script type=\"application\/ld+json\" class=\"yoast-schema-graph\">{\"@context\":\"https:\\\/\\\/schema.org\",\"@graph\":[{\"@type\":\"WebPage\",\"@id\":\"https:\\\/\\\/kleinandcardalilaw.com\\\/es\\\/mala-praxis-profesional\\\/\",\"url\":\"https:\\\/\\\/kleinandcardalilaw.com\\\/es\\\/mala-praxis-profesional\\\/\",\"name\":\"Mala praxis profesional - The Klein &amp; Cardali Law Group, PLLC\",\"isPartOf\":{\"@id\":\"https:\\\/\\\/kleinandcardalilaw.com\\\/es\\\/#website\"},\"primaryImageOfPage\":{\"@id\":\"https:\\\/\\\/kleinandcardalilaw.com\\\/es\\\/mala-praxis-profesional\\\/#primaryimage\"},\"image\":{\"@id\":\"https:\\\/\\\/kleinandcardalilaw.com\\\/es\\\/mala-praxis-profesional\\\/#primaryimage\"},\"thumbnailUrl\":\"https:\\\/\\\/kleinandcardalilaw.com\\\/wp-content\\\/uploads\\\/2025\\\/10\\\/gavel-background-image-1024x683.webp\",\"datePublished\":\"2023-12-10T09:10:40+00:00\",\"dateModified\":\"2025-10-13T20:46:16+00:00\",\"description\":\"\u00bfUn profesional le ha da\u00f1ado? Investigaremos y exigiremos responsabilidades. Ll\u00e1menos.\",\"breadcrumb\":{\"@id\":\"https:\\\/\\\/kleinandcardalilaw.com\\\/es\\\/mala-praxis-profesional\\\/#breadcrumb\"},\"inLanguage\":\"es\",\"potentialAction\":[{\"@type\":\"ReadAction\",\"target\":[\"https:\\\/\\\/kleinandcardalilaw.com\\\/es\\\/mala-praxis-profesional\\\/\"]}]},{\"@type\":\"ImageObject\",\"inLanguage\":\"es\",\"@id\":\"https:\\\/\\\/kleinandcardalilaw.com\\\/es\\\/mala-praxis-profesional\\\/#primaryimage\",\"url\":\"https:\\\/\\\/kleinandcardalilaw.com\\\/wp-content\\\/uploads\\\/2025\\\/10\\\/gavel-background-image-1024x683.webp\",\"contentUrl\":\"https:\\\/\\\/kleinandcardalilaw.com\\\/wp-content\\\/uploads\\\/2025\\\/10\\\/gavel-background-image-1024x683.webp\"},{\"@type\":\"BreadcrumbList\",\"@id\":\"https:\\\/\\\/kleinandcardalilaw.com\\\/es\\\/mala-praxis-profesional\\\/#breadcrumb\",\"itemListElement\":[{\"@type\":\"ListItem\",\"position\":1,\"name\":\"Home\",\"item\":\"https:\\\/\\\/kleinandcardalilaw.com\\\/es\\\/inicio\\\/\"},{\"@type\":\"ListItem\",\"position\":2,\"name\":\"Mala praxis profesional\"}]},{\"@type\":\"WebSite\",\"@id\":\"https:\\\/\\\/kleinandcardalilaw.com\\\/es\\\/#website\",\"url\":\"https:\\\/\\\/kleinandcardalilaw.com\\\/es\\\/\",\"name\":\"The Klein & Cardali Law Group, PLLC\",\"description\":\"Workers Compensation, Construction Accidents, Personal Injury, and Social Security Law\",\"publisher\":{\"@id\":\"https:\\\/\\\/kleinandcardalilaw.com\\\/es\\\/#organization\"},\"potentialAction\":[{\"@type\":\"SearchAction\",\"target\":{\"@type\":\"EntryPoint\",\"urlTemplate\":\"https:\\\/\\\/kleinandcardalilaw.com\\\/es\\\/?s={search_term_string}\"},\"query-input\":{\"@type\":\"PropertyValueSpecification\",\"valueRequired\":true,\"valueName\":\"search_term_string\"}}],\"inLanguage\":\"es\"},{\"@type\":\"Organization\",\"@id\":\"https:\\\/\\\/kleinandcardalilaw.com\\\/es\\\/#organization\",\"name\":\"The Klein &amp; Cardali Law Group, PLLC\",\"alternateName\":\"Klein and Cardali\",\"url\":\"https:\\\/\\\/kleinandcardalilaw.com\\\/es\\\/\",\"logo\":{\"@type\":\"ImageObject\",\"inLanguage\":\"es\",\"@id\":\"https:\\\/\\\/kleinandcardalilaw.com\\\/es\\\/#\\\/schema\\\/logo\\\/image\\\/\",\"url\":\"\",\"contentUrl\":\"\",\"caption\":\"The Klein &amp; Cardali Law Group, PLLC\"},\"image\":{\"@id\":\"https:\\\/\\\/kleinandcardalilaw.com\\\/es\\\/#\\\/schema\\\/logo\\\/image\\\/\"},\"sameAs\":[\"https:\\\/\\\/www.facebook.com\\\/profile.php?id=61555734036266\"],\"description\":\"Workers' Compensation, Construction Accident, Personal Injury, Social Security Disability, Wages Lawyers\",\"email\":\"info@kleinandcardalilaw.com\",\"telephone\":\"2123449022\",\"legalName\":\"The Klein & Cardali Law Group, PLLC\",\"foundingDate\":\"2023-07-01\",\"numberOfEmployees\":{\"@type\":\"QuantitativeValue\",\"minValue\":\"11\",\"maxValue\":\"50\"}}]}<\/script>\n<!-- \/ Yoast SEO Premium plugin. -->","yoast_head_json":{"title":"Mala praxis profesional - The Klein &amp; Cardali Law Group, PLLC","description":"\u00bfUn profesional le ha da\u00f1ado? Investigaremos y exigiremos responsabilidades. Ll\u00e1menos.","robots":{"index":"index","follow":"follow","max-snippet":"max-snippet:-1","max-image-preview":"max-image-preview:large","max-video-preview":"max-video-preview:-1"},"canonical":"https:\/\/kleinandcardalilaw.com\/es\/mala-praxis-profesional\/","og_locale":"es_ES","og_type":"article","og_title":"Mala praxis profesional","og_description":"\u00bfUn profesional le ha da\u00f1ado? Investigaremos y exigiremos responsabilidades. Ll\u00e1menos.","og_url":"https:\/\/kleinandcardalilaw.com\/es\/mala-praxis-profesional\/","og_site_name":"The Klein &amp; Cardali Law Group, PLLC","article_publisher":"https:\/\/www.facebook.com\/profile.php?id=61555734036266","article_modified_time":"2025-10-13T20:46:16+00:00","og_image":[{"width":1840,"height":1228,"url":"https:\/\/kleinandcardalilaw.com\/wp-content\/uploads\/2025\/10\/gavel-background-image.webp","type":"image\/webp"}],"twitter_card":"summary_large_image","twitter_misc":{"Tiempo de lectura":"1 minuto"},"schema":{"@context":"https:\/\/schema.org","@graph":[{"@type":"WebPage","@id":"https:\/\/kleinandcardalilaw.com\/es\/mala-praxis-profesional\/","url":"https:\/\/kleinandcardalilaw.com\/es\/mala-praxis-profesional\/","name":"Mala praxis profesional - The Klein &amp; Cardali Law Group, PLLC","isPartOf":{"@id":"https:\/\/kleinandcardalilaw.com\/es\/#website"},"primaryImageOfPage":{"@id":"https:\/\/kleinandcardalilaw.com\/es\/mala-praxis-profesional\/#primaryimage"},"image":{"@id":"https:\/\/kleinandcardalilaw.com\/es\/mala-praxis-profesional\/#primaryimage"},"thumbnailUrl":"https:\/\/kleinandcardalilaw.com\/wp-content\/uploads\/2025\/10\/gavel-background-image-1024x683.webp","datePublished":"2023-12-10T09:10:40+00:00","dateModified":"2025-10-13T20:46:16+00:00","description":"\u00bfUn profesional le ha da\u00f1ado? Investigaremos y exigiremos responsabilidades. Ll\u00e1menos.","breadcrumb":{"@id":"https:\/\/kleinandcardalilaw.com\/es\/mala-praxis-profesional\/#breadcrumb"},"inLanguage":"es","potentialAction":[{"@type":"ReadAction","target":["https:\/\/kleinandcardalilaw.com\/es\/mala-praxis-profesional\/"]}]},{"@type":"ImageObject","inLanguage":"es","@id":"https:\/\/kleinandcardalilaw.com\/es\/mala-praxis-profesional\/#primaryimage","url":"https:\/\/kleinandcardalilaw.com\/wp-content\/uploads\/2025\/10\/gavel-background-image-1024x683.webp","contentUrl":"https:\/\/kleinandcardalilaw.com\/wp-content\/uploads\/2025\/10\/gavel-background-image-1024x683.webp"},{"@type":"BreadcrumbList","@id":"https:\/\/kleinandcardalilaw.com\/es\/mala-praxis-profesional\/#breadcrumb","itemListElement":[{"@type":"ListItem","position":1,"name":"Home","item":"https:\/\/kleinandcardalilaw.com\/es\/inicio\/"},{"@type":"ListItem","position":2,"name":"Mala praxis profesional"}]},{"@type":"WebSite","@id":"https:\/\/kleinandcardalilaw.com\/es\/#website","url":"https:\/\/kleinandcardalilaw.com\/es\/","name":"The Klein & Cardali Law Group, PLLC","description":"Workers Compensation, Construction Accidents, Personal Injury, and Social Security Law","publisher":{"@id":"https:\/\/kleinandcardalilaw.com\/es\/#organization"},"potentialAction":[{"@type":"SearchAction","target":{"@type":"EntryPoint","urlTemplate":"https:\/\/kleinandcardalilaw.com\/es\/?s={search_term_string}"},"query-input":{"@type":"PropertyValueSpecification","valueRequired":true,"valueName":"search_term_string"}}],"inLanguage":"es"},{"@type":"Organization","@id":"https:\/\/kleinandcardalilaw.com\/es\/#organization","name":"The Klein &amp; Cardali Law Group, PLLC","alternateName":"Klein and Cardali","url":"https:\/\/kleinandcardalilaw.com\/es\/","logo":{"@type":"ImageObject","inLanguage":"es","@id":"https:\/\/kleinandcardalilaw.com\/es\/#\/schema\/logo\/image\/","url":"","contentUrl":"","caption":"The Klein &amp; Cardali Law Group, PLLC"},"image":{"@id":"https:\/\/kleinandcardalilaw.com\/es\/#\/schema\/logo\/image\/"},"sameAs":["https:\/\/www.facebook.com\/profile.php?id=61555734036266"],"description":"Workers' Compensation, Construction Accident, Personal Injury, Social Security Disability, Wages Lawyers","email":"info@kleinandcardalilaw.com","telephone":"2123449022","legalName":"The Klein & Cardali Law Group, PLLC","foundingDate":"2023-07-01","numberOfEmployees":{"@type":"QuantitativeValue","minValue":"11","maxValue":"50"}}]}},"_links":{"self":[{"href":"https:\/\/kleinandcardalilaw.com\/es\/wp-json\/wp\/v2\/pages\/8520","targetHints":{"allow":["GET"]}}],"collection":[{"href":"https:\/\/kleinandcardalilaw.com\/es\/wp-json\/wp\/v2\/pages"}],"about":[{"href":"https:\/\/kleinandcardalilaw.com\/es\/wp-json\/wp\/v2\/types\/page"}],"author":[{"embeddable":true,"href":"https:\/\/kleinandcardalilaw.com\/es\/wp-json\/wp\/v2\/users\/1"}],"replies":[{"embeddable":true,"href":"https:\/\/kleinandcardalilaw.com\/es\/wp-json\/wp\/v2\/comments?post=8520"}],"version-history":[{"count":3,"href":"https:\/\/kleinandcardalilaw.com\/es\/wp-json\/wp\/v2\/pages\/8520\/revisions"}],"predecessor-version":[{"id":9233,"href":"https:\/\/kleinandcardalilaw.com\/es\/wp-json\/wp\/v2\/pages\/8520\/revisions\/9233"}],"wp:attachment":[{"href":"https:\/\/kleinandcardalilaw.com\/es\/wp-json\/wp\/v2\/media?parent=8520"}],"curies":[{"name":"wp","href":"https:\/\/api.w.org\/{rel}","templated":true}]}}