{"id":8522,"date":"2023-12-10T09:16:54","date_gmt":"2023-12-10T09:16:54","guid":{"rendered":"https:\/\/kleinandcardalilaw.com\/salarios-y-horas\/"},"modified":"2025-10-13T21:02:34","modified_gmt":"2025-10-13T21:02:34","slug":"salarios-y-horas","status":"publish","type":"page","link":"https:\/\/kleinandcardalilaw.com\/es\/salarios-y-horas\/","title":{"rendered":"Salarios y horas"},"content":{"rendered":"\t\t<div data-elementor-type=\"wp-page\" data-elementor-id=\"8522\" class=\"elementor elementor-8522 elementor-551\" data-elementor-post-type=\"page\">\n\t\t\t\t<div class=\"elementor-element elementor-element-b3f1c66 e-flex e-con-boxed e-con e-parent\" data-id=\"b3f1c66\" data-element_type=\"container\" data-e-type=\"container\">\n\t\t\t\t\t<div class=\"e-con-inner\">\n\t\t<div class=\"elementor-element elementor-element-896934f e-con-full e-flex e-con e-child\" data-id=\"896934f\" data-element_type=\"container\" data-e-type=\"container\">\n\t\t\t\t<div class=\"elementor-element elementor-element-7273564 elementor-widget elementor-widget-heading\" data-id=\"7273564\" data-element_type=\"widget\" data-e-type=\"widget\" data-widget_type=\"heading.default\">\n\t\t\t\t<div class=\"elementor-widget-container\">\n\t\t\t\t\t<h1 class=\"elementor-heading-title elementor-size-default\">LEY DE SALARIOS Y HORAS DE TRABAJO <br><\/h1>\t\t\t\t<\/div>\n\t\t\t\t<\/div>\n\t\t\t\t<div class=\"elementor-element elementor-element-68e46e8 elementor-widget elementor-widget-text-editor\" data-id=\"68e46e8\" data-element_type=\"widget\" data-e-type=\"widget\" data-widget_type=\"text-editor.default\">\n\t\t\t\t<div class=\"elementor-widget-container\">\n\t\t\t\t\t\t\t\t\t<p>Las leyes estatales y federales de salarios y horas de Nueva York pueden ser complejas y dif\u00edciles de entender sin la ayuda de un abogado.<\/p>\n<p>Por ejemplo, a partir del 1 de enero de 2024, el salario m\u00ednimo se fij\u00f3 en 16,00 $ y 1,5 veces la tarifa regular de pago por horas extras (cuando se trabaja m\u00e1s de 40 horas por semana).<\/p>\n<p>Desafortunadamente, algunos empleadores intentan encontrar lagunas legales para evitar pagar a los empleados las horas extraordinarias. Tambi\u00e9n podr\u00edan intentar ignorar o no dar a los empleados toda la remuneraci\u00f3n a la que tienen derecho por ley. <\/p>\t\t\t\t\t\t\t\t<\/div>\n\t\t\t\t<\/div>\n\t\t\t\t<div class=\"elementor-element elementor-element-230aa32 elementor-widget elementor-widget-heading\" data-id=\"230aa32\" data-element_type=\"widget\" data-e-type=\"widget\" data-widget_type=\"heading.default\">\n\t\t\t\t<div class=\"elementor-widget-container\">\n\t\t\t\t\t<h5 class=\"elementor-heading-title elementor-size-default\">RECLAMACIONES COMUNES DE SALARIOS Y HORAS:<\/h5>\t\t\t\t<\/div>\n\t\t\t\t<\/div>\n\t\t\t\t<div class=\"elementor-element elementor-element-8d188fe elementor-widget elementor-widget-text-editor\" data-id=\"8d188fe\" data-element_type=\"widget\" data-e-type=\"widget\" data-widget_type=\"text-editor.default\">\n\t\t\t\t<div class=\"elementor-widget-container\">\n\t\t\t\t\t\t\t\t\t<ul>\n \t<li>Trabajadores de restaurantes y hosteler\u00eda;<\/span><\/li>\n \t<li>Empleados de lavaderos de coches;<\/li>\n \t<li>Empleados minoristas;<\/li>\n \t<li>Trabajadores no exentos clasificados incorrectamente;<\/li>\n \t<li>Empleados a comisi\u00f3n;<\/li>\n \t<li>Trabajadores de la construcci\u00f3n;<\/li>\n \t<li>Superintendentes de edificios;<\/li>\n \t<li>Negociaciones de indemnizaciones por despido y contratos;<\/li>\n \t<li>Param\u00e9dicos, t\u00e9cnicos de emergencias m\u00e9dicas, personal de ambulancias;<\/li>\n \t<li>Trabajadores de rescate;<\/li>\n \t<li>Trabajadores de materiales peligrosos y m\u00e1s.<\/li>\n<\/ul>\t\t\t\t\t\t\t\t<\/div>\n\t\t\t\t<\/div>\n\t\t\t\t<div class=\"elementor-element elementor-element-ac16c48 elementor-widget elementor-widget-text-editor\" data-id=\"ac16c48\" data-element_type=\"widget\" data-e-type=\"widget\" data-widget_type=\"text-editor.default\">\n\t\t\t\t<div class=\"elementor-widget-container\">\n\t\t\t\t\t\t\t\t\t<p>***Pueden aplicarse diferentes tarifas salariales seg\u00fan su ubicaci\u00f3n en Nueva York. Para obtener un desglose completo de la descripci\u00f3n general del salario m\u00ednimo de Nueva York, visite el sitio web del Departamento de Trabajo: <a href=\"https:\/\/dol.ny.gov\/minimum-wage-0\" target=\"blank\">Departamento de Trabajo: Salario M\u00ednimo de Nueva York<\/a> <\/p>\t\t\t\t\t\t\t\t<\/div>\n\t\t\t\t<\/div>\n\t\t\t\t<\/div>\n\t\t<div class=\"elementor-element elementor-element-9a484f4 e-con-full e-flex e-con e-child\" data-id=\"9a484f4\" data-element_type=\"container\" data-e-type=\"container\">\n\t\t\t\t<div class=\"elementor-element elementor-element-d609061 elementor-widget elementor-widget-image\" data-id=\"d609061\" data-element_type=\"widget\" data-e-type=\"widget\" data-widget_type=\"image.default\">\n\t\t\t\t<div class=\"elementor-widget-container\">\n\t\t\t\t\t\t\t\t\t\t\t\t\t\t\t<img fetchpriority=\"high\" decoding=\"async\" width=\"800\" height=\"542\" src=\"https:\/\/kleinandcardalilaw.com\/wp-content\/uploads\/2025\/10\/Wages-Discrimination-Employment-Law-1024x694.webp\" class=\"attachment-large size-large wp-image-8873\" alt=\"Trabajadores en una f\u00e1brica.\" srcset=\"https:\/\/kleinandcardalilaw.com\/wp-content\/uploads\/2025\/10\/Wages-Discrimination-Employment-Law-1024x694.webp 1024w, https:\/\/kleinandcardalilaw.com\/wp-content\/uploads\/2025\/10\/Wages-Discrimination-Employment-Law-300x203.webp 300w, https:\/\/kleinandcardalilaw.com\/wp-content\/uploads\/2025\/10\/Wages-Discrimination-Employment-Law-768x520.webp 768w, https:\/\/kleinandcardalilaw.com\/wp-content\/uploads\/2025\/10\/Wages-Discrimination-Employment-Law.webp 1300w\" sizes=\"(max-width: 800px) 100vw, 800px\" \/>\t\t\t\t\t\t\t\t\t\t\t\t\t\t\t<\/div>\n\t\t\t\t<\/div>\n\t\t\t\t<\/div>\n\t\t\t\t\t<\/div>\n\t\t\t\t<\/div>\n\t\t\t\t<\/div>\n\t\t","protected":false},"excerpt":{"rendered":"<p>LEY DE SALARIOS Y HORAS DE TRABAJO Las leyes estatales y federales de salarios y horas de Nueva York pueden ser complejas y dif\u00edciles de entender sin la ayuda de un abogado. Por ejemplo, a partir del 1 de enero de 2024, el salario m\u00ednimo se fij\u00f3 en 16,00 $ y 1,5 veces la tarifa [&hellip;]<\/p>\n","protected":false},"author":1,"featured_media":0,"parent":0,"menu_order":0,"comment_status":"closed","ping_status":"closed","template":"elementor_header_footer","meta":{"footnotes":""},"class_list":["post-8522","page","type-page","status-publish","hentry"],"yoast_head":"<!-- This site is optimized with the Yoast SEO Premium plugin v27.4 (Yoast SEO v27.4) - https:\/\/yoast.com\/product\/yoast-seo-premium-wordpress\/ -->\n<title>Salarios y horas - The Klein &amp; Cardali Law Group, PLLC<\/title>\n<meta name=\"description\" content=\"Inf\u00f3rmese sobre salarios, horas extras y sus derechos en Nueva York.\" \/>\n<meta name=\"robots\" content=\"index, follow, max-snippet:-1, max-image-preview:large, max-video-preview:-1\" \/>\n<link rel=\"canonical\" href=\"https:\/\/kleinandcardalilaw.com\/es\/salarios-y-horas\/\" \/>\n<meta property=\"og:locale\" content=\"es_ES\" \/>\n<meta property=\"og:type\" content=\"article\" \/>\n<meta property=\"og:title\" content=\"Salarios y horas\" \/>\n<meta property=\"og:description\" content=\"Inf\u00f3rmese sobre salarios, horas extras y sus derechos en Nueva York.\" \/>\n<meta property=\"og:url\" content=\"https:\/\/kleinandcardalilaw.com\/es\/salarios-y-horas\/\" \/>\n<meta property=\"og:site_name\" content=\"The Klein &amp; Cardali Law Group, PLLC\" \/>\n<meta property=\"article:publisher\" content=\"https:\/\/www.facebook.com\/profile.php?id=61555734036266\" \/>\n<meta property=\"article:modified_time\" content=\"2025-10-13T21:02:34+00:00\" \/>\n<meta property=\"og:image\" content=\"https:\/\/kleinandcardalilaw.com\/wp-content\/uploads\/2025\/10\/Wages-Discrimination-Employment-Law.webp\" \/>\n\t<meta property=\"og:image:width\" content=\"1300\" \/>\n\t<meta property=\"og:image:height\" content=\"881\" \/>\n\t<meta property=\"og:image:type\" content=\"image\/webp\" \/>\n<meta name=\"twitter:card\" content=\"summary_large_image\" \/>\n<meta name=\"twitter:label1\" content=\"Tiempo de lectura\" \/>\n\t<meta name=\"twitter:data1\" content=\"1 minuto\" \/>\n<script type=\"application\/ld+json\" class=\"yoast-schema-graph\">{\"@context\":\"https:\\\/\\\/schema.org\",\"@graph\":[{\"@type\":\"WebPage\",\"@id\":\"https:\\\/\\\/kleinandcardalilaw.com\\\/es\\\/salarios-y-horas\\\/\",\"url\":\"https:\\\/\\\/kleinandcardalilaw.com\\\/es\\\/salarios-y-horas\\\/\",\"name\":\"Salarios y horas - The Klein &amp; Cardali Law Group, PLLC\",\"isPartOf\":{\"@id\":\"https:\\\/\\\/kleinandcardalilaw.com\\\/es\\\/#website\"},\"primaryImageOfPage\":{\"@id\":\"https:\\\/\\\/kleinandcardalilaw.com\\\/es\\\/salarios-y-horas\\\/#primaryimage\"},\"image\":{\"@id\":\"https:\\\/\\\/kleinandcardalilaw.com\\\/es\\\/salarios-y-horas\\\/#primaryimage\"},\"thumbnailUrl\":\"https:\\\/\\\/kleinandcardalilaw.com\\\/wp-content\\\/uploads\\\/2025\\\/10\\\/Wages-Discrimination-Employment-Law-1024x694.webp\",\"datePublished\":\"2023-12-10T09:16:54+00:00\",\"dateModified\":\"2025-10-13T21:02:34+00:00\",\"description\":\"Inf\u00f3rmese sobre salarios, horas extras y sus derechos en Nueva York.\",\"breadcrumb\":{\"@id\":\"https:\\\/\\\/kleinandcardalilaw.com\\\/es\\\/salarios-y-horas\\\/#breadcrumb\"},\"inLanguage\":\"es\",\"potentialAction\":[{\"@type\":\"ReadAction\",\"target\":[\"https:\\\/\\\/kleinandcardalilaw.com\\\/es\\\/salarios-y-horas\\\/\"]}]},{\"@type\":\"ImageObject\",\"inLanguage\":\"es\",\"@id\":\"https:\\\/\\\/kleinandcardalilaw.com\\\/es\\\/salarios-y-horas\\\/#primaryimage\",\"url\":\"https:\\\/\\\/kleinandcardalilaw.com\\\/wp-content\\\/uploads\\\/2025\\\/10\\\/Wages-Discrimination-Employment-Law-1024x694.webp\",\"contentUrl\":\"https:\\\/\\\/kleinandcardalilaw.com\\\/wp-content\\\/uploads\\\/2025\\\/10\\\/Wages-Discrimination-Employment-Law-1024x694.webp\"},{\"@type\":\"BreadcrumbList\",\"@id\":\"https:\\\/\\\/kleinandcardalilaw.com\\\/es\\\/salarios-y-horas\\\/#breadcrumb\",\"itemListElement\":[{\"@type\":\"ListItem\",\"position\":1,\"name\":\"Home\",\"item\":\"https:\\\/\\\/kleinandcardalilaw.com\\\/es\\\/inicio\\\/\"},{\"@type\":\"ListItem\",\"position\":2,\"name\":\"Salarios y horas\"}]},{\"@type\":\"WebSite\",\"@id\":\"https:\\\/\\\/kleinandcardalilaw.com\\\/es\\\/#website\",\"url\":\"https:\\\/\\\/kleinandcardalilaw.com\\\/es\\\/\",\"name\":\"The Klein & Cardali Law Group, PLLC\",\"description\":\"Workers Compensation, Construction Accidents, Personal Injury, and Social Security Law\",\"publisher\":{\"@id\":\"https:\\\/\\\/kleinandcardalilaw.com\\\/es\\\/#organization\"},\"potentialAction\":[{\"@type\":\"SearchAction\",\"target\":{\"@type\":\"EntryPoint\",\"urlTemplate\":\"https:\\\/\\\/kleinandcardalilaw.com\\\/es\\\/?s={search_term_string}\"},\"query-input\":{\"@type\":\"PropertyValueSpecification\",\"valueRequired\":true,\"valueName\":\"search_term_string\"}}],\"inLanguage\":\"es\"},{\"@type\":\"Organization\",\"@id\":\"https:\\\/\\\/kleinandcardalilaw.com\\\/es\\\/#organization\",\"name\":\"The Klein &amp; Cardali Law Group, PLLC\",\"alternateName\":\"Klein and Cardali\",\"url\":\"https:\\\/\\\/kleinandcardalilaw.com\\\/es\\\/\",\"logo\":{\"@type\":\"ImageObject\",\"inLanguage\":\"es\",\"@id\":\"https:\\\/\\\/kleinandcardalilaw.com\\\/es\\\/#\\\/schema\\\/logo\\\/image\\\/\",\"url\":\"\",\"contentUrl\":\"\",\"caption\":\"The Klein &amp; Cardali Law Group, PLLC\"},\"image\":{\"@id\":\"https:\\\/\\\/kleinandcardalilaw.com\\\/es\\\/#\\\/schema\\\/logo\\\/image\\\/\"},\"sameAs\":[\"https:\\\/\\\/www.facebook.com\\\/profile.php?id=61555734036266\"],\"description\":\"Workers' Compensation, Construction Accident, Personal Injury, Social Security Disability, Wages Lawyers\",\"email\":\"info@kleinandcardalilaw.com\",\"telephone\":\"2123449022\",\"legalName\":\"The Klein & Cardali Law Group, PLLC\",\"foundingDate\":\"2023-07-01\",\"numberOfEmployees\":{\"@type\":\"QuantitativeValue\",\"minValue\":\"11\",\"maxValue\":\"50\"}}]}<\/script>\n<!-- \/ Yoast SEO Premium plugin. -->","yoast_head_json":{"title":"Salarios y horas - The Klein &amp; Cardali Law Group, PLLC","description":"Inf\u00f3rmese sobre salarios, horas extras y sus derechos en Nueva York.","robots":{"index":"index","follow":"follow","max-snippet":"max-snippet:-1","max-image-preview":"max-image-preview:large","max-video-preview":"max-video-preview:-1"},"canonical":"https:\/\/kleinandcardalilaw.com\/es\/salarios-y-horas\/","og_locale":"es_ES","og_type":"article","og_title":"Salarios y horas","og_description":"Inf\u00f3rmese sobre salarios, horas extras y sus derechos en Nueva York.","og_url":"https:\/\/kleinandcardalilaw.com\/es\/salarios-y-horas\/","og_site_name":"The Klein &amp; Cardali Law Group, PLLC","article_publisher":"https:\/\/www.facebook.com\/profile.php?id=61555734036266","article_modified_time":"2025-10-13T21:02:34+00:00","og_image":[{"width":1300,"height":881,"url":"https:\/\/kleinandcardalilaw.com\/wp-content\/uploads\/2025\/10\/Wages-Discrimination-Employment-Law.webp","type":"image\/webp"}],"twitter_card":"summary_large_image","twitter_misc":{"Tiempo de lectura":"1 minuto"},"schema":{"@context":"https:\/\/schema.org","@graph":[{"@type":"WebPage","@id":"https:\/\/kleinandcardalilaw.com\/es\/salarios-y-horas\/","url":"https:\/\/kleinandcardalilaw.com\/es\/salarios-y-horas\/","name":"Salarios y horas - The Klein &amp; Cardali Law Group, PLLC","isPartOf":{"@id":"https:\/\/kleinandcardalilaw.com\/es\/#website"},"primaryImageOfPage":{"@id":"https:\/\/kleinandcardalilaw.com\/es\/salarios-y-horas\/#primaryimage"},"image":{"@id":"https:\/\/kleinandcardalilaw.com\/es\/salarios-y-horas\/#primaryimage"},"thumbnailUrl":"https:\/\/kleinandcardalilaw.com\/wp-content\/uploads\/2025\/10\/Wages-Discrimination-Employment-Law-1024x694.webp","datePublished":"2023-12-10T09:16:54+00:00","dateModified":"2025-10-13T21:02:34+00:00","description":"Inf\u00f3rmese sobre salarios, horas extras y sus derechos en Nueva York.","breadcrumb":{"@id":"https:\/\/kleinandcardalilaw.com\/es\/salarios-y-horas\/#breadcrumb"},"inLanguage":"es","potentialAction":[{"@type":"ReadAction","target":["https:\/\/kleinandcardalilaw.com\/es\/salarios-y-horas\/"]}]},{"@type":"ImageObject","inLanguage":"es","@id":"https:\/\/kleinandcardalilaw.com\/es\/salarios-y-horas\/#primaryimage","url":"https:\/\/kleinandcardalilaw.com\/wp-content\/uploads\/2025\/10\/Wages-Discrimination-Employment-Law-1024x694.webp","contentUrl":"https:\/\/kleinandcardalilaw.com\/wp-content\/uploads\/2025\/10\/Wages-Discrimination-Employment-Law-1024x694.webp"},{"@type":"BreadcrumbList","@id":"https:\/\/kleinandcardalilaw.com\/es\/salarios-y-horas\/#breadcrumb","itemListElement":[{"@type":"ListItem","position":1,"name":"Home","item":"https:\/\/kleinandcardalilaw.com\/es\/inicio\/"},{"@type":"ListItem","position":2,"name":"Salarios y horas"}]},{"@type":"WebSite","@id":"https:\/\/kleinandcardalilaw.com\/es\/#website","url":"https:\/\/kleinandcardalilaw.com\/es\/","name":"The Klein & Cardali Law Group, PLLC","description":"Workers Compensation, Construction Accidents, Personal Injury, and Social Security Law","publisher":{"@id":"https:\/\/kleinandcardalilaw.com\/es\/#organization"},"potentialAction":[{"@type":"SearchAction","target":{"@type":"EntryPoint","urlTemplate":"https:\/\/kleinandcardalilaw.com\/es\/?s={search_term_string}"},"query-input":{"@type":"PropertyValueSpecification","valueRequired":true,"valueName":"search_term_string"}}],"inLanguage":"es"},{"@type":"Organization","@id":"https:\/\/kleinandcardalilaw.com\/es\/#organization","name":"The Klein &amp; Cardali Law Group, PLLC","alternateName":"Klein and Cardali","url":"https:\/\/kleinandcardalilaw.com\/es\/","logo":{"@type":"ImageObject","inLanguage":"es","@id":"https:\/\/kleinandcardalilaw.com\/es\/#\/schema\/logo\/image\/","url":"","contentUrl":"","caption":"The Klein &amp; Cardali Law Group, PLLC"},"image":{"@id":"https:\/\/kleinandcardalilaw.com\/es\/#\/schema\/logo\/image\/"},"sameAs":["https:\/\/www.facebook.com\/profile.php?id=61555734036266"],"description":"Workers' Compensation, Construction Accident, Personal Injury, Social Security Disability, Wages Lawyers","email":"info@kleinandcardalilaw.com","telephone":"2123449022","legalName":"The Klein & Cardali Law Group, PLLC","foundingDate":"2023-07-01","numberOfEmployees":{"@type":"QuantitativeValue","minValue":"11","maxValue":"50"}}]}},"_links":{"self":[{"href":"https:\/\/kleinandcardalilaw.com\/es\/wp-json\/wp\/v2\/pages\/8522","targetHints":{"allow":["GET"]}}],"collection":[{"href":"https:\/\/kleinandcardalilaw.com\/es\/wp-json\/wp\/v2\/pages"}],"about":[{"href":"https:\/\/kleinandcardalilaw.com\/es\/wp-json\/wp\/v2\/types\/page"}],"author":[{"embeddable":true,"href":"https:\/\/kleinandcardalilaw.com\/es\/wp-json\/wp\/v2\/users\/1"}],"replies":[{"embeddable":true,"href":"https:\/\/kleinandcardalilaw.com\/es\/wp-json\/wp\/v2\/comments?post=8522"}],"version-history":[{"count":4,"href":"https:\/\/kleinandcardalilaw.com\/es\/wp-json\/wp\/v2\/pages\/8522\/revisions"}],"predecessor-version":[{"id":9260,"href":"https:\/\/kleinandcardalilaw.com\/es\/wp-json\/wp\/v2\/pages\/8522\/revisions\/9260"}],"wp:attachment":[{"href":"https:\/\/kleinandcardalilaw.com\/es\/wp-json\/wp\/v2\/media?parent=8522"}],"curies":[{"name":"wp","href":"https:\/\/api.w.org\/{rel}","templated":true}]}}