{"id":8546,"date":"2023-12-10T09:13:59","date_gmt":"2023-12-10T09:13:59","guid":{"rendered":"https:\/\/kleinandcardalilaw.com\/seguridad-social\/"},"modified":"2025-10-12T19:32:23","modified_gmt":"2025-10-12T19:32:23","slug":"seguridad-social","status":"publish","type":"page","link":"https:\/\/kleinandcardalilaw.com\/es\/seguridad-social\/","title":{"rendered":"Seguridad Social"},"content":{"rendered":"\t\t<div data-elementor-type=\"wp-page\" data-elementor-id=\"8546\" class=\"elementor elementor-8546 elementor-538\" data-elementor-post-type=\"page\">\n\t\t\t\t<div class=\"elementor-element elementor-element-2e9b237 e-flex e-con-boxed e-con e-parent\" data-id=\"2e9b237\" data-element_type=\"container\" data-e-type=\"container\">\n\t\t\t\t\t<div class=\"e-con-inner\">\n\t\t<div class=\"elementor-element elementor-element-6bd264f e-con-full e-flex e-con e-child\" data-id=\"6bd264f\" data-element_type=\"container\" data-e-type=\"container\">\n\t\t\t\t<div class=\"elementor-element elementor-element-704153b elementor-widget elementor-widget-heading\" data-id=\"704153b\" data-element_type=\"widget\" data-e-type=\"widget\" data-widget_type=\"heading.default\">\n\t\t\t\t<div class=\"elementor-widget-container\">\n\t\t\t\t\t<h1 class=\"elementor-heading-title elementor-size-default\">SEGURIDAD SOCIAL<\/h1>\t\t\t\t<\/div>\n\t\t\t\t<\/div>\n\t\t\t\t<div class=\"elementor-element elementor-element-8ebd144 elementor-widget elementor-widget-text-editor\" data-id=\"8ebd144\" data-element_type=\"widget\" data-e-type=\"widget\" data-widget_type=\"text-editor.default\">\n\t\t\t\t<div class=\"elementor-widget-container\">\n\t\t\t\t\t\t\t\t\t<p>El programa del Seguro de Incapacidad del Seguro Social (SSDI) est\u00e1 dise\u00f1ado para proporcionar prestaciones que ayuden a las personas que no pueden trabajar o mantenerse por s\u00ed mismas debido a una incapacidad.<\/p><p>La organizaci\u00f3n de la Administraci\u00f3n del Seguro Social (SSA) tiene una f\u00f3rmula para determinar su derecho a las prestaciones. Cuanto m\u00e1s tiempo haya estado empleado, haya obtenido ingresos y haya pagado impuestos, mayor ser\u00e1 la compensaci\u00f3n a la que pueda tener derecho. Para cumplir con los est\u00e1ndares de elegibilidad, debe mostrar registros con la documentaci\u00f3n y las pruebas adecuadas.  <\/p>\t\t\t\t\t\t\t\t<\/div>\n\t\t\t\t<\/div>\n\t\t\t\t<div class=\"elementor-element elementor-element-f63ee4f elementor-widget elementor-widget-heading\" data-id=\"f63ee4f\" data-element_type=\"widget\" data-e-type=\"widget\" data-widget_type=\"heading.default\">\n\t\t\t\t<div class=\"elementor-widget-container\">\n\t\t\t\t\t<h5 class=\"elementor-heading-title elementor-size-default\">RECLAMACIONES COMUNES DE INCAPACIDAD DEL SEGURO SOCIAL:<\/h5>\t\t\t\t<\/div>\n\t\t\t\t<\/div>\n\t\t\t\t<div class=\"elementor-element elementor-element-85b6085 elementor-widget elementor-widget-text-editor\" data-id=\"85b6085\" data-element_type=\"widget\" data-e-type=\"widget\" data-widget_type=\"text-editor.default\">\n\t\t\t\t<div class=\"elementor-widget-container\">\n\t\t\t\t\t\t\t\t\t<ul><li>Lesiones relacionadas con el trabajo;<\/li><li>Dolor de espalda y dolor de cuello;<\/li><li>Enfermedades neurol\u00f3gicas o mentales;<\/li><li>Depresi\u00f3n o ansiedad;<\/li><li>Trastorno<br>de estr\u00e9s postraum\u00e1tico (TEPT);<\/li><li>Convulsiones;<\/li><li>Diabetes;<\/li><li>C\u00e1ncer;<\/li><li>Epilepsia;<\/li><li>Obesidad m\u00f3rbida;<\/li><li>Afecciones card\u00edacas;<\/li><li>Presi\u00f3n arterial alta;<\/li><li>Asma, enfisema y otros problemas respiratorios;<\/li><li>Artritis y fibromialgia;<\/li><li>S\u00edndrome de fatiga cr\u00f3nica y s\u00edndrome de dolor cr\u00f3nico;<\/li><li>Esquizofrenia;<\/li><li>Par\u00e1lisis;<\/li><li>Trastorno por d\u00e9ficit de atenci\u00f3n (TDA);<\/li><li>Trastorno por d\u00e9ficit de atenci\u00f3n con hiperactividad (TDAH).<\/li><\/ul>\t\t\t\t\t\t\t\t<\/div>\n\t\t\t\t<\/div>\n\t\t\t\t<div class=\"elementor-element elementor-element-1ef2eff elementor-widget elementor-widget-text-editor\" data-id=\"1ef2eff\" data-element_type=\"widget\" data-e-type=\"widget\" data-widget_type=\"text-editor.default\">\n\t\t\t\t<div class=\"elementor-widget-container\">\n\t\t\t\t\t\t\t\t\t<p>\u00bfHa sufrido una lesi\u00f3n o incapacidad y necesita ayuda para averiguar si es elegible para solicitar la Incapacidad del Seguro Social?<\/p><p><a href=\"https:\/\/kleinandcardalilaw.com\/es\/contacto\/\">P\u00f3ngase en contacto con nosotros<\/a> hoy mismo y perm\u00edtanos ayudarle con su reclamaci\u00f3n.<\/p>\t\t\t\t\t\t\t\t<\/div>\n\t\t\t\t<\/div>\n\t\t\t\t<\/div>\n\t\t<div class=\"elementor-element elementor-element-1168d0a e-con-full e-flex e-con e-child\" data-id=\"1168d0a\" data-element_type=\"container\" data-e-type=\"container\">\n\t\t\t\t<div class=\"elementor-element elementor-element-0ef9134 elementor-widget elementor-widget-image\" data-id=\"0ef9134\" data-element_type=\"widget\" data-e-type=\"widget\" data-widget_type=\"image.default\">\n\t\t\t\t<div class=\"elementor-widget-container\">\n\t\t\t\t\t\t\t\t\t\t\t\t\t\t\t<img fetchpriority=\"high\" decoding=\"async\" width=\"800\" height=\"534\" src=\"https:\/\/kleinandcardalilaw.com\/wp-content\/uploads\/2025\/10\/Social-Security-Disability-1024x683.webp\" class=\"attachment-large size-large wp-image-8869\" alt=\"Una persona discapacitada que usa un andador para ayudarse.\" srcset=\"https:\/\/kleinandcardalilaw.com\/wp-content\/uploads\/2025\/10\/Social-Security-Disability-1024x683.webp 1024w, https:\/\/kleinandcardalilaw.com\/wp-content\/uploads\/2025\/10\/Social-Security-Disability-300x200.webp 300w, https:\/\/kleinandcardalilaw.com\/wp-content\/uploads\/2025\/10\/Social-Security-Disability-768x512.webp 768w, https:\/\/kleinandcardalilaw.com\/wp-content\/uploads\/2025\/10\/Social-Security-Disability.webp 1300w\" sizes=\"(max-width: 800px) 100vw, 800px\" \/>\t\t\t\t\t\t\t\t\t\t\t\t\t\t\t<\/div>\n\t\t\t\t<\/div>\n\t\t\t\t<div class=\"elementor-element elementor-element-1586247 elementor-widget elementor-widget-heading\" data-id=\"1586247\" data-element_type=\"widget\" data-e-type=\"widget\" data-widget_type=\"heading.default\">\n\t\t\t\t<div class=\"elementor-widget-container\">\n\t\t\t\t\t<h5 class=\"elementor-heading-title elementor-size-default\">RECURSOS WEB DISPONIBLES SOBRE <br>INCAPACIDAD DEL SEGURO SOCIAL:<\/h5>\t\t\t\t<\/div>\n\t\t\t\t<\/div>\n\t\t\t\t<div class=\"elementor-element elementor-element-8ffbdb0 elementor-widget__width-initial elementor-widget elementor-widget-text-editor\" data-id=\"8ffbdb0\" data-element_type=\"widget\" data-e-type=\"widget\" data-widget_type=\"text-editor.default\">\n\t\t\t\t<div class=\"elementor-widget-container\">\n\t\t\t\t\t\t\t\t\t<ul><li><a href=\"https:\/\/www.ssa.gov\/policy\/docs\/ssb\/v65n4\/v65n4p3.html\" target=\"_blank\" rel=\"noopener noreferrer\">\u00bfQu\u00e9 es el seguro de incapacidad del seguro social?<\/a><\/li><li><a href=\"https:\/\/www.ssa.gov\/ssi\" target=\"_blank\" rel=\"noopener noreferrer\">\u00bfQu\u00e9 es la seguridad de ingresos suplementarios?<\/a><\/li><li><a href=\"https:\/\/www.ny.gov\/services\/apply-federal-disability-benefits#:~:text=Apply%20by%20phone%3A%20Call%20SSA,first%20to%20make%20an%20appointment.)\">C\u00f3mo solicitar las prestaciones por incapacidad del seguro social<\/a><\/li><\/ul>\t\t\t\t\t\t\t\t<\/div>\n\t\t\t\t<\/div>\n\t\t\t\t<\/div>\n\t\t\t\t\t<\/div>\n\t\t\t\t<\/div>\n\t\t\t\t<\/div>\n\t\t","protected":false},"excerpt":{"rendered":"<p>SEGURIDAD SOCIAL El programa del Seguro de Incapacidad del Seguro Social (SSDI) est\u00e1 dise\u00f1ado para proporcionar prestaciones que ayuden a las personas que no pueden trabajar o mantenerse por s\u00ed mismas debido a una incapacidad. La organizaci\u00f3n de la Administraci\u00f3n del Seguro Social (SSA) tiene una f\u00f3rmula para determinar su derecho a las prestaciones. Cuanto [&hellip;]<\/p>\n","protected":false},"author":1,"featured_media":0,"parent":0,"menu_order":0,"comment_status":"closed","ping_status":"closed","template":"elementor_header_footer","meta":{"footnotes":""},"class_list":["post-8546","page","type-page","status-publish","hentry"],"yoast_head":"<!-- This site is optimized with the Yoast SEO Premium plugin v27.4 (Yoast SEO v27.4) - https:\/\/yoast.com\/product\/yoast-seo-premium-wordpress\/ -->\n<title>Seguridad Social - The Klein &amp; Cardali Law Group, PLLC<\/title>\n<meta name=\"description\" content=\"\u00bfTiene problemas con la Incapacidad del Seguro Social? Permita que nuestro equipo le ayude a encauzar su caso para que pueda recibir las prestaciones.\" \/>\n<meta name=\"robots\" content=\"index, follow, max-snippet:-1, max-image-preview:large, max-video-preview:-1\" \/>\n<link rel=\"canonical\" href=\"https:\/\/kleinandcardalilaw.com\/es\/seguridad-social\/\" \/>\n<meta property=\"og:locale\" content=\"es_ES\" \/>\n<meta property=\"og:type\" content=\"article\" \/>\n<meta property=\"og:title\" content=\"Seguridad Social\" \/>\n<meta property=\"og:description\" content=\"\u00bfTiene problemas con la Incapacidad del Seguro Social? Permita que nuestro equipo le ayude a encauzar su caso para que pueda recibir las prestaciones.\" \/>\n<meta property=\"og:url\" content=\"https:\/\/kleinandcardalilaw.com\/es\/seguridad-social\/\" \/>\n<meta property=\"og:site_name\" content=\"The Klein &amp; Cardali Law Group, PLLC\" \/>\n<meta property=\"article:publisher\" content=\"https:\/\/www.facebook.com\/profile.php?id=61555734036266\" \/>\n<meta property=\"article:modified_time\" content=\"2025-10-12T19:32:23+00:00\" \/>\n<meta property=\"og:image\" content=\"https:\/\/kleinandcardalilaw.com\/wp-content\/uploads\/2025\/10\/Social-Security-Disability.webp\" \/>\n\t<meta property=\"og:image:width\" content=\"1300\" \/>\n\t<meta property=\"og:image:height\" content=\"867\" \/>\n\t<meta property=\"og:image:type\" content=\"image\/webp\" \/>\n<meta name=\"twitter:card\" content=\"summary_large_image\" \/>\n<meta name=\"twitter:label1\" content=\"Tiempo de lectura\" \/>\n\t<meta name=\"twitter:data1\" content=\"1 minuto\" \/>\n<script type=\"application\/ld+json\" class=\"yoast-schema-graph\">{\"@context\":\"https:\\\/\\\/schema.org\",\"@graph\":[{\"@type\":\"WebPage\",\"@id\":\"https:\\\/\\\/kleinandcardalilaw.com\\\/es\\\/seguridad-social\\\/\",\"url\":\"https:\\\/\\\/kleinandcardalilaw.com\\\/es\\\/seguridad-social\\\/\",\"name\":\"Seguridad Social - The Klein &amp; Cardali Law Group, PLLC\",\"isPartOf\":{\"@id\":\"https:\\\/\\\/kleinandcardalilaw.com\\\/es\\\/#website\"},\"primaryImageOfPage\":{\"@id\":\"https:\\\/\\\/kleinandcardalilaw.com\\\/es\\\/seguridad-social\\\/#primaryimage\"},\"image\":{\"@id\":\"https:\\\/\\\/kleinandcardalilaw.com\\\/es\\\/seguridad-social\\\/#primaryimage\"},\"thumbnailUrl\":\"https:\\\/\\\/kleinandcardalilaw.com\\\/wp-content\\\/uploads\\\/2025\\\/10\\\/Social-Security-Disability-1024x683.webp\",\"datePublished\":\"2023-12-10T09:13:59+00:00\",\"dateModified\":\"2025-10-12T19:32:23+00:00\",\"description\":\"\u00bfTiene problemas con la Incapacidad del Seguro Social? Permita que nuestro equipo le ayude a encauzar su caso para que pueda recibir las prestaciones.\",\"breadcrumb\":{\"@id\":\"https:\\\/\\\/kleinandcardalilaw.com\\\/es\\\/seguridad-social\\\/#breadcrumb\"},\"inLanguage\":\"es\",\"potentialAction\":[{\"@type\":\"ReadAction\",\"target\":[\"https:\\\/\\\/kleinandcardalilaw.com\\\/es\\\/seguridad-social\\\/\"]}]},{\"@type\":\"ImageObject\",\"inLanguage\":\"es\",\"@id\":\"https:\\\/\\\/kleinandcardalilaw.com\\\/es\\\/seguridad-social\\\/#primaryimage\",\"url\":\"https:\\\/\\\/kleinandcardalilaw.com\\\/wp-content\\\/uploads\\\/2025\\\/10\\\/Social-Security-Disability-1024x683.webp\",\"contentUrl\":\"https:\\\/\\\/kleinandcardalilaw.com\\\/wp-content\\\/uploads\\\/2025\\\/10\\\/Social-Security-Disability-1024x683.webp\"},{\"@type\":\"BreadcrumbList\",\"@id\":\"https:\\\/\\\/kleinandcardalilaw.com\\\/es\\\/seguridad-social\\\/#breadcrumb\",\"itemListElement\":[{\"@type\":\"ListItem\",\"position\":1,\"name\":\"Home\",\"item\":\"https:\\\/\\\/kleinandcardalilaw.com\\\/es\\\/inicio\\\/\"},{\"@type\":\"ListItem\",\"position\":2,\"name\":\"Seguridad Social\"}]},{\"@type\":\"WebSite\",\"@id\":\"https:\\\/\\\/kleinandcardalilaw.com\\\/es\\\/#website\",\"url\":\"https:\\\/\\\/kleinandcardalilaw.com\\\/es\\\/\",\"name\":\"The Klein & Cardali Law Group, PLLC\",\"description\":\"Workers Compensation, Construction Accidents, Personal Injury, and Social Security Law\",\"publisher\":{\"@id\":\"https:\\\/\\\/kleinandcardalilaw.com\\\/es\\\/#organization\"},\"potentialAction\":[{\"@type\":\"SearchAction\",\"target\":{\"@type\":\"EntryPoint\",\"urlTemplate\":\"https:\\\/\\\/kleinandcardalilaw.com\\\/es\\\/?s={search_term_string}\"},\"query-input\":{\"@type\":\"PropertyValueSpecification\",\"valueRequired\":true,\"valueName\":\"search_term_string\"}}],\"inLanguage\":\"es\"},{\"@type\":\"Organization\",\"@id\":\"https:\\\/\\\/kleinandcardalilaw.com\\\/es\\\/#organization\",\"name\":\"The Klein &amp; Cardali Law Group, PLLC\",\"alternateName\":\"Klein and Cardali\",\"url\":\"https:\\\/\\\/kleinandcardalilaw.com\\\/es\\\/\",\"logo\":{\"@type\":\"ImageObject\",\"inLanguage\":\"es\",\"@id\":\"https:\\\/\\\/kleinandcardalilaw.com\\\/es\\\/#\\\/schema\\\/logo\\\/image\\\/\",\"url\":\"\",\"contentUrl\":\"\",\"caption\":\"The Klein &amp; Cardali Law Group, PLLC\"},\"image\":{\"@id\":\"https:\\\/\\\/kleinandcardalilaw.com\\\/es\\\/#\\\/schema\\\/logo\\\/image\\\/\"},\"sameAs\":[\"https:\\\/\\\/www.facebook.com\\\/profile.php?id=61555734036266\"],\"description\":\"Workers' Compensation, Construction Accident, Personal Injury, Social Security Disability, Wages Lawyers\",\"email\":\"info@kleinandcardalilaw.com\",\"telephone\":\"2123449022\",\"legalName\":\"The Klein & Cardali Law Group, PLLC\",\"foundingDate\":\"2023-07-01\",\"numberOfEmployees\":{\"@type\":\"QuantitativeValue\",\"minValue\":\"11\",\"maxValue\":\"50\"}}]}<\/script>\n<!-- \/ Yoast SEO Premium plugin. -->","yoast_head_json":{"title":"Seguridad Social - The Klein &amp; Cardali Law Group, PLLC","description":"\u00bfTiene problemas con la Incapacidad del Seguro Social? Permita que nuestro equipo le ayude a encauzar su caso para que pueda recibir las prestaciones.","robots":{"index":"index","follow":"follow","max-snippet":"max-snippet:-1","max-image-preview":"max-image-preview:large","max-video-preview":"max-video-preview:-1"},"canonical":"https:\/\/kleinandcardalilaw.com\/es\/seguridad-social\/","og_locale":"es_ES","og_type":"article","og_title":"Seguridad Social","og_description":"\u00bfTiene problemas con la Incapacidad del Seguro Social? Permita que nuestro equipo le ayude a encauzar su caso para que pueda recibir las prestaciones.","og_url":"https:\/\/kleinandcardalilaw.com\/es\/seguridad-social\/","og_site_name":"The Klein &amp; Cardali Law Group, PLLC","article_publisher":"https:\/\/www.facebook.com\/profile.php?id=61555734036266","article_modified_time":"2025-10-12T19:32:23+00:00","og_image":[{"width":1300,"height":867,"url":"https:\/\/kleinandcardalilaw.com\/wp-content\/uploads\/2025\/10\/Social-Security-Disability.webp","type":"image\/webp"}],"twitter_card":"summary_large_image","twitter_misc":{"Tiempo de lectura":"1 minuto"},"schema":{"@context":"https:\/\/schema.org","@graph":[{"@type":"WebPage","@id":"https:\/\/kleinandcardalilaw.com\/es\/seguridad-social\/","url":"https:\/\/kleinandcardalilaw.com\/es\/seguridad-social\/","name":"Seguridad Social - The Klein &amp; Cardali Law Group, PLLC","isPartOf":{"@id":"https:\/\/kleinandcardalilaw.com\/es\/#website"},"primaryImageOfPage":{"@id":"https:\/\/kleinandcardalilaw.com\/es\/seguridad-social\/#primaryimage"},"image":{"@id":"https:\/\/kleinandcardalilaw.com\/es\/seguridad-social\/#primaryimage"},"thumbnailUrl":"https:\/\/kleinandcardalilaw.com\/wp-content\/uploads\/2025\/10\/Social-Security-Disability-1024x683.webp","datePublished":"2023-12-10T09:13:59+00:00","dateModified":"2025-10-12T19:32:23+00:00","description":"\u00bfTiene problemas con la Incapacidad del Seguro Social? Permita que nuestro equipo le ayude a encauzar su caso para que pueda recibir las prestaciones.","breadcrumb":{"@id":"https:\/\/kleinandcardalilaw.com\/es\/seguridad-social\/#breadcrumb"},"inLanguage":"es","potentialAction":[{"@type":"ReadAction","target":["https:\/\/kleinandcardalilaw.com\/es\/seguridad-social\/"]}]},{"@type":"ImageObject","inLanguage":"es","@id":"https:\/\/kleinandcardalilaw.com\/es\/seguridad-social\/#primaryimage","url":"https:\/\/kleinandcardalilaw.com\/wp-content\/uploads\/2025\/10\/Social-Security-Disability-1024x683.webp","contentUrl":"https:\/\/kleinandcardalilaw.com\/wp-content\/uploads\/2025\/10\/Social-Security-Disability-1024x683.webp"},{"@type":"BreadcrumbList","@id":"https:\/\/kleinandcardalilaw.com\/es\/seguridad-social\/#breadcrumb","itemListElement":[{"@type":"ListItem","position":1,"name":"Home","item":"https:\/\/kleinandcardalilaw.com\/es\/inicio\/"},{"@type":"ListItem","position":2,"name":"Seguridad Social"}]},{"@type":"WebSite","@id":"https:\/\/kleinandcardalilaw.com\/es\/#website","url":"https:\/\/kleinandcardalilaw.com\/es\/","name":"The Klein & Cardali Law Group, PLLC","description":"Workers Compensation, Construction Accidents, Personal Injury, and Social Security Law","publisher":{"@id":"https:\/\/kleinandcardalilaw.com\/es\/#organization"},"potentialAction":[{"@type":"SearchAction","target":{"@type":"EntryPoint","urlTemplate":"https:\/\/kleinandcardalilaw.com\/es\/?s={search_term_string}"},"query-input":{"@type":"PropertyValueSpecification","valueRequired":true,"valueName":"search_term_string"}}],"inLanguage":"es"},{"@type":"Organization","@id":"https:\/\/kleinandcardalilaw.com\/es\/#organization","name":"The Klein &amp; Cardali Law Group, PLLC","alternateName":"Klein and Cardali","url":"https:\/\/kleinandcardalilaw.com\/es\/","logo":{"@type":"ImageObject","inLanguage":"es","@id":"https:\/\/kleinandcardalilaw.com\/es\/#\/schema\/logo\/image\/","url":"","contentUrl":"","caption":"The Klein &amp; Cardali Law Group, PLLC"},"image":{"@id":"https:\/\/kleinandcardalilaw.com\/es\/#\/schema\/logo\/image\/"},"sameAs":["https:\/\/www.facebook.com\/profile.php?id=61555734036266"],"description":"Workers' Compensation, Construction Accident, Personal Injury, Social Security Disability, Wages Lawyers","email":"info@kleinandcardalilaw.com","telephone":"2123449022","legalName":"The Klein & Cardali Law Group, PLLC","foundingDate":"2023-07-01","numberOfEmployees":{"@type":"QuantitativeValue","minValue":"11","maxValue":"50"}}]}},"_links":{"self":[{"href":"https:\/\/kleinandcardalilaw.com\/es\/wp-json\/wp\/v2\/pages\/8546","targetHints":{"allow":["GET"]}}],"collection":[{"href":"https:\/\/kleinandcardalilaw.com\/es\/wp-json\/wp\/v2\/pages"}],"about":[{"href":"https:\/\/kleinandcardalilaw.com\/es\/wp-json\/wp\/v2\/types\/page"}],"author":[{"embeddable":true,"href":"https:\/\/kleinandcardalilaw.com\/es\/wp-json\/wp\/v2\/users\/1"}],"replies":[{"embeddable":true,"href":"https:\/\/kleinandcardalilaw.com\/es\/wp-json\/wp\/v2\/comments?post=8546"}],"version-history":[{"count":2,"href":"https:\/\/kleinandcardalilaw.com\/es\/wp-json\/wp\/v2\/pages\/8546\/revisions"}],"predecessor-version":[{"id":8989,"href":"https:\/\/kleinandcardalilaw.com\/es\/wp-json\/wp\/v2\/pages\/8546\/revisions\/8989"}],"wp:attachment":[{"href":"https:\/\/kleinandcardalilaw.com\/es\/wp-json\/wp\/v2\/media?parent=8546"}],"curies":[{"name":"wp","href":"https:\/\/api.w.org\/{rel}","templated":true}]}}