{"id":8562,"date":"2023-10-20T17:00:14","date_gmt":"2023-10-20T17:00:14","guid":{"rendered":"https:\/\/kleinandcardalilaw.com\/politica-de-privacidad\/"},"modified":"2025-09-29T15:57:05","modified_gmt":"2025-09-29T15:57:05","slug":"politica-de-privacidad","status":"publish","type":"page","link":"https:\/\/kleinandcardalilaw.com\/es\/politica-de-privacidad\/","title":{"rendered":"Pol\u00edtica de privacidad"},"content":{"rendered":"\t\t<div data-elementor-type=\"wp-page\" data-elementor-id=\"8562\" class=\"elementor elementor-8562 elementor-3\" data-elementor-post-type=\"page\">\n\t\t\t\t<div class=\"elementor-element elementor-element-e33192e e-flex e-con-boxed e-con e-parent\" data-id=\"e33192e\" data-element_type=\"container\" data-e-type=\"container\">\n\t\t\t\t\t<div class=\"e-con-inner\">\n\t\t\t\t<div class=\"elementor-element elementor-element-17b865f elementor-widget elementor-widget-heading\" data-id=\"17b865f\" data-element_type=\"widget\" data-e-type=\"widget\" data-widget_type=\"heading.default\">\n\t\t\t\t<div class=\"elementor-widget-container\">\n\t\t\t\t\t<h1 class=\"elementor-heading-title elementor-size-default\">POL\u00cdTICA DE PRIVACIDAD Y T\u00c9RMINOS DE SERVICIO<\/h1>\t\t\t\t<\/div>\n\t\t\t\t<\/div>\n\t\t\t\t\t<\/div>\n\t\t\t\t<\/div>\n\t\t<div class=\"elementor-element elementor-element-7c1c013 e-flex e-con-boxed e-con e-parent\" data-id=\"7c1c013\" data-element_type=\"container\" data-e-type=\"container\">\n\t\t\t\t\t<div class=\"e-con-inner\">\n\t\t\t\t<div class=\"elementor-element elementor-element-f6c93c4 elementor-widget elementor-widget-text-editor\" data-id=\"f6c93c4\" data-element_type=\"widget\" data-e-type=\"widget\" data-widget_type=\"text-editor.default\">\n\t\t\t\t<div class=\"elementor-widget-container\">\n\t\t\t\t\t\t\t\t\t<p class=\"p1\"><span class=\"s1\"><b><i>Servicios legales:<\/i><\/b><\/span><\/p>\n<p class=\"p2\">The Klein &amp; Cardali Law Group, PLLC, proporciona servicios legales en el estado de Nueva York.<span class=\"Apple-converted-space\">  <\/span>Nuestro enfoque principal incluye los cinco distritos de la ciudad de Nueva York: Manhattan, Brooklyn, Queens, el Bronx y Staten Island, as\u00ed como Long Island y todas las \u00e1reas circundantes del norte del estado.&nbsp;<\/p>\n<p class=\"p3\"><span class=\"s2\">Nuestros servicios legales incluyen <\/span><span class=\"s1\"><b><a href=\"https:\/\/kleinandcardalilaw.com\/workers-compensation\/\">indemnizaci\u00f3n por accidente laboral<\/a>, <a href=\"https:\/\/kleinandcardalilaw.com\/construction-accidents\/\">accidentes de construcci\u00f3n<\/a>, <a href=\"https:\/\/kleinandcardalilaw.com\/es\/lesiones-personales\/\">lesiones personales<\/a>, <a href=\"https:\/\/kleinandcardalilaw.com\/es\/seguridad-social\/\">discapacidad del seguro social<\/a>, <\/b><\/span><span class=\"s2\">y varios campos de<\/span><a href=\"https:\/\/kleinandcardalilaw.com\/es\/derecho-laboral\/\"><span class=\"s1\"><b> derecho laboral<\/b><\/span><\/a><span class=\"s2\">.  <\/span> <\/p>\n<p class=\"p2\">Si ha sufrido una lesi\u00f3n o discapacidad, <a href=\"https:\/\/kleinandcardalilaw.com\/es\/contacto\/\"><span class=\"s3\"><b>p\u00f3ngase en contacto con nosotros<\/b><\/span><\/a> hoy mismo para obtener una consulta gratuita.&nbsp;&nbsp;<\/p>\n<p class=\"p2\">Nuestros abogados, asistentes legales, gestores de casos y personal de apoyo tienen un amplio conocimiento de las leyes y los procesos del sistema legal.<\/p>\n<p class=\"p2\">Los resultados y el resultado de su caso no est\u00e1n determinados por ninguna informaci\u00f3n escrita o expresada en este sitio web. El contenido de este sitio web tiene fines puramente informativos \u00fanicamente, y no debe utilizarse de ninguna manera de publicaci\u00f3n, duplicaci\u00f3n o infracci\u00f3n de ninguna ley de derechos de autor escrita o digital. <\/p>\n<p class=\"p2\"><span class=\"s1\"><b><i>Formulario de contacto:<\/i><\/b><\/span><\/p>\n<p class=\"p6\">The Klein &amp; Cardali Law Group, PLLC, utiliza un formulario de contacto en este sitio web. Usted acepta y reconoce que el env\u00edo y la recopilaci\u00f3n de informaci\u00f3n mediante el formulario de contacto en nuestro sitio web, que incluye los campos para su nombre, n\u00famero de tel\u00e9fono, correo electr\u00f3nico y mensaje, es informaci\u00f3n que ha enviado voluntariamente. En ning\u00fan momento se comparte esta informaci\u00f3n con terceros\/afiliados. <span class=\"Apple-converted-space\">&nbsp; <\/span>Esta informaci\u00f3n se utiliza exclusivamente con el fin de que The Klein &amp; Cardali Law Group, PLLC pueda responder adecuadamente a su consulta.<\/p>\n<p class=\"p3\"><b style=\"font-size: 1rem;\"><i>Mensajes de texto y SMS:<\/i><\/b><\/p>\n<p class=\"p2\">Al proporcionar su n\u00famero de tel\u00e9fono a The Klein &amp; Cardali Law Group, PLLC, usted acepta y reconoce que The Klein &amp; Cardali Law Group, PLLC, puede enviar mensajes de texto a su n\u00famero de tel\u00e9fono inal\u00e1mbrico para cualquier prop\u00f3sito. Se pueden aplicar tarifas est\u00e1ndar de mensajes y datos. La frecuencia de los mensajes variar\u00e1 y podr\u00e1 cancelar la suscripci\u00f3n en cualquier momento respondiendo \u00abSTOP\u00bb.  &nbsp;<\/p>\n<p class=\"p2\">Ninguna informaci\u00f3n m\u00f3vil se compartir\u00e1 con terceros\/afiliados con fines de marketing\/promoci\u00f3n. Todas las categor\u00edas anteriores excluyen los datos de aceptaci\u00f3n y el consentimiento del originador de mensajes de texto; esta informaci\u00f3n no se compartir\u00e1 con terceros\/afiliados. <\/p>\n<p class=\"p2\"><span class=\"s1\"><b><i>Correo electr\u00f3nico:<\/i><\/b><\/span><\/p>\n<p class=\"p2\">Al proporcionar su correo electr\u00f3nico a The Klein &amp; Cardali Law Group, PLLC, usted acepta y reconoce que The Klein &amp; Cardali Law Group, PLLC, puede enviar mensajes electr\u00f3nicos a su cuenta de correo electr\u00f3nico. Ninguna informaci\u00f3n de correo electr\u00f3nico se compartir\u00e1 con terceros\/afiliados con fines de marketing\/promoci\u00f3n. <\/p>\n<p class=\"p3\"><b style=\"font-size: 1rem;\"><i>T\u00e9rminos de suscripci\u00f3n a la lista de correo:<\/i><\/b><\/p>\n<p class=\"p8\">Usted acepta y reconoce que al suscribirse a la lista de correo de The Klein &amp; Cardali Law Group, PLLC, lo est\u00e1 haciendo a trav\u00e9s de un formulario integrado en este sitio web de un tercero\/afiliado, MailChimp.<\/p>\n<p class=\"p8\">Usted acepta y reconoce que al suscribirse a la lista de correo en este sitio web, est\u00e1 proporcionando su nombre (obligatorio), direcci\u00f3n de correo electr\u00f3nico (obligatorio) y n\u00famero de tel\u00e9fono (opcional). La informaci\u00f3n que est\u00e1 enviando se env\u00eda a trav\u00e9s del formulario MailChimp integrado a la cuenta en MailChimp que es operada por The Klein &amp; Cardali Law Group, PLLC. <\/p>\n<p class=\"p8\">Usted acepta y reconoce que el prop\u00f3sito de usar su informaci\u00f3n es \u00fanicamente para el uso de boletines y otros servicios de comunicaci\u00f3n proporcionados por MailChimp.<span class=\"Apple-converted-space\">&nbsp; <\/span>Su informaci\u00f3n y datos no ser\u00e1n vistos, utilizados o distribuidos a ning\u00fan otro tercero o entidad por MailChimp.<\/p>\n<p class=\"p8\">Para obtener m\u00e1s informaci\u00f3n sobre su privacidad en MailChimp, puede consultar y revisar sus <span class=\"s3\"><b><a href=\"https:\/\/mailchimp.com\/legal\/terms\/\">t\u00e9rminos de servicio<\/a>.<\/b><\/span><\/p>\n<p class=\"p2\"><span class=\"s1\"><b><i>Listados y directorios:<\/i><\/b><\/span><\/p>\n<p class=\"p2\">The Klein &amp; Cardali Law Group, PLLC tiene listados en directorios de otros sitios web, algunos de los cuales se presentan en este sitio web. The Klein &amp; Cardali Law Group, PLLC no es responsable de ning\u00fan error, omisi\u00f3n o inexactitud de ninguna lista de bases de datos que no mantenga directamente. <\/p>\t\t\t\t\t\t\t\t<\/div>\n\t\t\t\t<\/div>\n\t\t\t\t\t<\/div>\n\t\t\t\t<\/div>\n\t\t\t\t<\/div>\n\t\t","protected":false},"excerpt":{"rendered":"<p>POL\u00cdTICA DE PRIVACIDAD Y T\u00c9RMINOS DE SERVICIO Servicios legales: The Klein &amp; Cardali Law Group, PLLC, proporciona servicios legales en el estado de Nueva York. Nuestro enfoque principal incluye los cinco distritos de la ciudad de Nueva York: Manhattan, Brooklyn, Queens, el Bronx y Staten Island, as\u00ed como Long Island y todas las \u00e1reas circundantes [&hellip;]<\/p>\n","protected":false},"author":1,"featured_media":0,"parent":0,"menu_order":0,"comment_status":"closed","ping_status":"closed","template":"","meta":{"footnotes":""},"class_list":["post-8562","page","type-page","status-publish","hentry"],"yoast_head":"<!-- This site is optimized with the Yoast SEO Premium plugin v27.4 (Yoast SEO v27.4) - https:\/\/yoast.com\/product\/yoast-seo-premium-wordpress\/ -->\n<title>Pol\u00edtica de privacidad - The Klein &amp; Cardali Law Group, PLLC<\/title>\n<meta name=\"description\" content=\"Pol\u00edtica de privacidad y protecci\u00f3n de datos en Klein &amp; Cardali.\" \/>\n<meta name=\"robots\" content=\"index, follow, max-snippet:-1, max-image-preview:large, max-video-preview:-1\" \/>\n<link rel=\"canonical\" href=\"https:\/\/kleinandcardalilaw.com\/es\/politica-de-privacidad\/\" \/>\n<meta property=\"og:locale\" content=\"es_ES\" \/>\n<meta property=\"og:type\" content=\"article\" \/>\n<meta property=\"og:title\" content=\"Pol\u00edtica de privacidad\" \/>\n<meta property=\"og:description\" content=\"Pol\u00edtica de privacidad y protecci\u00f3n de datos en Klein &amp; Cardali.\" \/>\n<meta property=\"og:url\" content=\"https:\/\/kleinandcardalilaw.com\/es\/politica-de-privacidad\/\" \/>\n<meta property=\"og:site_name\" content=\"The Klein &amp; Cardali Law Group, PLLC\" \/>\n<meta property=\"article:publisher\" content=\"https:\/\/www.facebook.com\/profile.php?id=61555734036266\" \/>\n<meta property=\"article:modified_time\" content=\"2025-09-29T15:57:05+00:00\" \/>\n<meta name=\"twitter:card\" content=\"summary_large_image\" \/>\n<meta name=\"twitter:label1\" content=\"Tiempo de lectura\" \/>\n\t<meta name=\"twitter:data1\" content=\"4 minutos\" \/>\n<script type=\"application\/ld+json\" class=\"yoast-schema-graph\">{\"@context\":\"https:\\\/\\\/schema.org\",\"@graph\":[{\"@type\":\"WebPage\",\"@id\":\"https:\\\/\\\/kleinandcardalilaw.com\\\/es\\\/politica-de-privacidad\\\/\",\"url\":\"https:\\\/\\\/kleinandcardalilaw.com\\\/es\\\/politica-de-privacidad\\\/\",\"name\":\"Pol\u00edtica de privacidad - The Klein &amp; Cardali Law Group, PLLC\",\"isPartOf\":{\"@id\":\"https:\\\/\\\/kleinandcardalilaw.com\\\/es\\\/#website\"},\"datePublished\":\"2023-10-20T17:00:14+00:00\",\"dateModified\":\"2025-09-29T15:57:05+00:00\",\"description\":\"Pol\u00edtica de privacidad y protecci\u00f3n de datos en Klein & Cardali.\",\"breadcrumb\":{\"@id\":\"https:\\\/\\\/kleinandcardalilaw.com\\\/es\\\/politica-de-privacidad\\\/#breadcrumb\"},\"inLanguage\":\"es\",\"potentialAction\":[{\"@type\":\"ReadAction\",\"target\":[\"https:\\\/\\\/kleinandcardalilaw.com\\\/es\\\/politica-de-privacidad\\\/\"]}]},{\"@type\":\"BreadcrumbList\",\"@id\":\"https:\\\/\\\/kleinandcardalilaw.com\\\/es\\\/politica-de-privacidad\\\/#breadcrumb\",\"itemListElement\":[{\"@type\":\"ListItem\",\"position\":1,\"name\":\"Home\",\"item\":\"https:\\\/\\\/kleinandcardalilaw.com\\\/es\\\/inicio\\\/\"},{\"@type\":\"ListItem\",\"position\":2,\"name\":\"Pol\u00edtica de privacidad\"}]},{\"@type\":\"WebSite\",\"@id\":\"https:\\\/\\\/kleinandcardalilaw.com\\\/es\\\/#website\",\"url\":\"https:\\\/\\\/kleinandcardalilaw.com\\\/es\\\/\",\"name\":\"The Klein & Cardali Law Group, PLLC\",\"description\":\"Workers Compensation, Construction Accidents, Personal Injury, and Social Security Law\",\"publisher\":{\"@id\":\"https:\\\/\\\/kleinandcardalilaw.com\\\/es\\\/#organization\"},\"potentialAction\":[{\"@type\":\"SearchAction\",\"target\":{\"@type\":\"EntryPoint\",\"urlTemplate\":\"https:\\\/\\\/kleinandcardalilaw.com\\\/es\\\/?s={search_term_string}\"},\"query-input\":{\"@type\":\"PropertyValueSpecification\",\"valueRequired\":true,\"valueName\":\"search_term_string\"}}],\"inLanguage\":\"es\"},{\"@type\":\"Organization\",\"@id\":\"https:\\\/\\\/kleinandcardalilaw.com\\\/es\\\/#organization\",\"name\":\"The Klein &amp; Cardali Law Group, PLLC\",\"alternateName\":\"Klein and Cardali\",\"url\":\"https:\\\/\\\/kleinandcardalilaw.com\\\/es\\\/\",\"logo\":{\"@type\":\"ImageObject\",\"inLanguage\":\"es\",\"@id\":\"https:\\\/\\\/kleinandcardalilaw.com\\\/es\\\/#\\\/schema\\\/logo\\\/image\\\/\",\"url\":\"\",\"contentUrl\":\"\",\"caption\":\"The Klein &amp; Cardali Law Group, PLLC\"},\"image\":{\"@id\":\"https:\\\/\\\/kleinandcardalilaw.com\\\/es\\\/#\\\/schema\\\/logo\\\/image\\\/\"},\"sameAs\":[\"https:\\\/\\\/www.facebook.com\\\/profile.php?id=61555734036266\"],\"description\":\"Workers' Compensation, Construction Accident, Personal Injury, Social Security Disability, Wages Lawyers\",\"email\":\"info@kleinandcardalilaw.com\",\"telephone\":\"2123449022\",\"legalName\":\"The Klein & Cardali Law Group, PLLC\",\"foundingDate\":\"2023-07-01\",\"numberOfEmployees\":{\"@type\":\"QuantitativeValue\",\"minValue\":\"11\",\"maxValue\":\"50\"}}]}<\/script>\n<!-- \/ Yoast SEO Premium plugin. -->","yoast_head_json":{"title":"Pol\u00edtica de privacidad - The Klein &amp; Cardali Law Group, PLLC","description":"Pol\u00edtica de privacidad y protecci\u00f3n de datos en Klein & Cardali.","robots":{"index":"index","follow":"follow","max-snippet":"max-snippet:-1","max-image-preview":"max-image-preview:large","max-video-preview":"max-video-preview:-1"},"canonical":"https:\/\/kleinandcardalilaw.com\/es\/politica-de-privacidad\/","og_locale":"es_ES","og_type":"article","og_title":"Pol\u00edtica de privacidad","og_description":"Pol\u00edtica de privacidad y protecci\u00f3n de datos en Klein & Cardali.","og_url":"https:\/\/kleinandcardalilaw.com\/es\/politica-de-privacidad\/","og_site_name":"The Klein &amp; Cardali Law Group, PLLC","article_publisher":"https:\/\/www.facebook.com\/profile.php?id=61555734036266","article_modified_time":"2025-09-29T15:57:05+00:00","twitter_card":"summary_large_image","twitter_misc":{"Tiempo de lectura":"4 minutos"},"schema":{"@context":"https:\/\/schema.org","@graph":[{"@type":"WebPage","@id":"https:\/\/kleinandcardalilaw.com\/es\/politica-de-privacidad\/","url":"https:\/\/kleinandcardalilaw.com\/es\/politica-de-privacidad\/","name":"Pol\u00edtica de privacidad - The Klein &amp; Cardali Law Group, PLLC","isPartOf":{"@id":"https:\/\/kleinandcardalilaw.com\/es\/#website"},"datePublished":"2023-10-20T17:00:14+00:00","dateModified":"2025-09-29T15:57:05+00:00","description":"Pol\u00edtica de privacidad y protecci\u00f3n de datos en Klein & Cardali.","breadcrumb":{"@id":"https:\/\/kleinandcardalilaw.com\/es\/politica-de-privacidad\/#breadcrumb"},"inLanguage":"es","potentialAction":[{"@type":"ReadAction","target":["https:\/\/kleinandcardalilaw.com\/es\/politica-de-privacidad\/"]}]},{"@type":"BreadcrumbList","@id":"https:\/\/kleinandcardalilaw.com\/es\/politica-de-privacidad\/#breadcrumb","itemListElement":[{"@type":"ListItem","position":1,"name":"Home","item":"https:\/\/kleinandcardalilaw.com\/es\/inicio\/"},{"@type":"ListItem","position":2,"name":"Pol\u00edtica de privacidad"}]},{"@type":"WebSite","@id":"https:\/\/kleinandcardalilaw.com\/es\/#website","url":"https:\/\/kleinandcardalilaw.com\/es\/","name":"The Klein & Cardali Law Group, PLLC","description":"Workers Compensation, Construction Accidents, Personal Injury, and Social Security Law","publisher":{"@id":"https:\/\/kleinandcardalilaw.com\/es\/#organization"},"potentialAction":[{"@type":"SearchAction","target":{"@type":"EntryPoint","urlTemplate":"https:\/\/kleinandcardalilaw.com\/es\/?s={search_term_string}"},"query-input":{"@type":"PropertyValueSpecification","valueRequired":true,"valueName":"search_term_string"}}],"inLanguage":"es"},{"@type":"Organization","@id":"https:\/\/kleinandcardalilaw.com\/es\/#organization","name":"The Klein &amp; Cardali Law Group, PLLC","alternateName":"Klein and Cardali","url":"https:\/\/kleinandcardalilaw.com\/es\/","logo":{"@type":"ImageObject","inLanguage":"es","@id":"https:\/\/kleinandcardalilaw.com\/es\/#\/schema\/logo\/image\/","url":"","contentUrl":"","caption":"The Klein &amp; Cardali Law Group, PLLC"},"image":{"@id":"https:\/\/kleinandcardalilaw.com\/es\/#\/schema\/logo\/image\/"},"sameAs":["https:\/\/www.facebook.com\/profile.php?id=61555734036266"],"description":"Workers' Compensation, Construction Accident, Personal Injury, Social Security Disability, Wages Lawyers","email":"info@kleinandcardalilaw.com","telephone":"2123449022","legalName":"The Klein & Cardali Law Group, PLLC","foundingDate":"2023-07-01","numberOfEmployees":{"@type":"QuantitativeValue","minValue":"11","maxValue":"50"}}]}},"_links":{"self":[{"href":"https:\/\/kleinandcardalilaw.com\/es\/wp-json\/wp\/v2\/pages\/8562","targetHints":{"allow":["GET"]}}],"collection":[{"href":"https:\/\/kleinandcardalilaw.com\/es\/wp-json\/wp\/v2\/pages"}],"about":[{"href":"https:\/\/kleinandcardalilaw.com\/es\/wp-json\/wp\/v2\/types\/page"}],"author":[{"embeddable":true,"href":"https:\/\/kleinandcardalilaw.com\/es\/wp-json\/wp\/v2\/users\/1"}],"replies":[{"embeddable":true,"href":"https:\/\/kleinandcardalilaw.com\/es\/wp-json\/wp\/v2\/comments?post=8562"}],"version-history":[{"count":1,"href":"https:\/\/kleinandcardalilaw.com\/es\/wp-json\/wp\/v2\/pages\/8562\/revisions"}],"predecessor-version":[{"id":8565,"href":"https:\/\/kleinandcardalilaw.com\/es\/wp-json\/wp\/v2\/pages\/8562\/revisions\/8565"}],"wp:attachment":[{"href":"https:\/\/kleinandcardalilaw.com\/es\/wp-json\/wp\/v2\/media?parent=8562"}],"curies":[{"name":"wp","href":"https:\/\/api.w.org\/{rel}","templated":true}]}}