{"id":8572,"date":"2023-12-07T15:47:51","date_gmt":"2023-12-07T15:47:51","guid":{"rendered":"https:\/\/kleinandcardalilaw.com\/indemnizacion-por-accidente-laboral\/"},"modified":"2025-10-13T21:04:34","modified_gmt":"2025-10-13T21:04:34","slug":"indemnizacion-por-accidente-laboral","status":"publish","type":"page","link":"https:\/\/kleinandcardalilaw.com\/es\/indemnizacion-por-accidente-laboral\/","title":{"rendered":"Indemnizaci\u00f3n por accidente laboral"},"content":{"rendered":"\t\t<div data-elementor-type=\"wp-page\" data-elementor-id=\"8572\" class=\"elementor elementor-8572 elementor-330\" data-elementor-post-type=\"page\">\n\t\t\t\t<div class=\"elementor-element elementor-element-537ef56 e-flex e-con-boxed e-con e-parent\" data-id=\"537ef56\" data-element_type=\"container\" data-e-type=\"container\">\n\t\t\t\t\t<div class=\"e-con-inner\">\n\t\t<div class=\"elementor-element elementor-element-fe6bb86 e-con-full e-flex e-con e-child\" data-id=\"fe6bb86\" data-element_type=\"container\" data-e-type=\"container\">\n\t\t\t\t<div class=\"elementor-element elementor-element-0fd745d elementor-widget elementor-widget-heading\" data-id=\"0fd745d\" data-element_type=\"widget\" data-e-type=\"widget\" data-widget_type=\"heading.default\">\n\t\t\t\t<div class=\"elementor-widget-container\">\n\t\t\t\t\t<h1 class=\"elementor-heading-title elementor-size-default\">INDEMNIZACI\u00d3N LABORAL<\/h1>\t\t\t\t<\/div>\n\t\t\t\t<\/div>\n\t\t\t\t<div class=\"elementor-element elementor-element-2b74062 elementor-widget elementor-widget-text-editor\" data-id=\"2b74062\" data-element_type=\"widget\" data-e-type=\"widget\" data-widget_type=\"text-editor.default\">\n\t\t\t\t<div class=\"elementor-widget-container\">\n\t\t\t\t\t\t\t\t\t<p>Como neoyorquinos, nos enorgullecemos de trabajar muchas horas para ganarnos la vida y mantenernos a nosotros mismos y a nuestras familias. Desafortunadamente, hay veces que pueden ocurrir accidentes en el trabajo y afectar su vida.  <span style=\"font-size: 1rem;\">Si se ha lesionado o enfermado por algo directamente relacionado con su trabajo, la indemnizaci\u00f3n por accidente laboral le proporcionar\u00e1 beneficios m\u00e9dicos y algunos beneficios salariales si no puede trabajar (o si est\u00e1 ganando menos dinero debido a sus lesiones o enfermedad). <\/span><\/p><p><span style=\"font-size: 1rem;\">Las leyes de indemnizaci\u00f3n por accidente laboral est\u00e1n dise\u00f1adas para protegerle, independientemente de qui\u00e9n haya tenido la culpa de su accidente. En resumen, si ha sufrido una lesi\u00f3n, \u00a1busque atenci\u00f3n m\u00e9dica INMEDIATAMENTE!  <\/span><\/p><p>Es importante saber que la ley establece que debe informar a su empleador de su accidente en un plazo de 30 d\u00edas. Si no ha informado a su empleador en el plazo de 30 d\u00edas a partir de la fecha de su accidente, podr\u00eda perder sus derechos a las prestaciones. Adem\u00e1s, la ley de indemnizaci\u00f3n por accidente laboral exige la presentaci\u00f3n de una demanda en un plazo de dos a\u00f1os a partir de la fecha de su accidente.  <\/p><p><span style=\"font-size: 1rem;\">Tenga en cuenta que llevar\u00e1 tiempo establecer su caso y puede experimentar per\u00edodos de espera para los pagos, las audiencias, las decisiones y otras variables, dependiendo de c\u00f3mo avance su caso. <\/span><\/p>\t\t\t\t\t\t\t\t<\/div>\n\t\t\t\t<\/div>\n\t\t\t\t<div class=\"elementor-element elementor-element-d18cb6c elementor-widget elementor-widget-heading\" data-id=\"d18cb6c\" data-element_type=\"widget\" data-e-type=\"widget\" data-widget_type=\"heading.default\">\n\t\t\t\t<div class=\"elementor-widget-container\">\n\t\t\t\t\t<h5 class=\"elementor-heading-title elementor-size-default\">LOS ACCIDENTES LABORALES COMUNES PUEDEN INCLUIR:<\/h5>\t\t\t\t<\/div>\n\t\t\t\t<\/div>\n\t\t\t\t<div class=\"elementor-element elementor-element-cbf357d elementor-widget elementor-widget-text-editor\" data-id=\"cbf357d\" data-element_type=\"widget\" data-e-type=\"widget\" data-widget_type=\"text-editor.default\">\n\t\t\t\t<div class=\"elementor-widget-container\">\n\t\t\t\t\t\t\t\t\t<ul><li>Ca\u00eddas desde altura;<\/li><li>Ca\u00edda de objetos;<\/li><li>Accidentes por tropiezos, resbalones y ca\u00eddas;<\/li><li>Accidentes con maquinaria pesada y equipos de trabajo;<\/li><li>Exposici\u00f3n a sustancias t\u00f3xicas y productos qu\u00edmicos peligrosos;<\/li><li>Empleadores o compa\u00f1eros de trabajo negligentes;<\/li><\/ul>\t\t\t\t\t\t\t\t<\/div>\n\t\t\t\t<\/div>\n\t\t\t\t<div class=\"elementor-element elementor-element-5c982be elementor-widget elementor-widget-heading\" data-id=\"5c982be\" data-element_type=\"widget\" data-e-type=\"widget\" data-widget_type=\"heading.default\">\n\t\t\t\t<div class=\"elementor-widget-container\">\n\t\t\t\t\t<h5 class=\"elementor-heading-title elementor-size-default\">LAS LESIONES GRAVES QUE PUEDEN RESULTAR SON:<\/h5>\t\t\t\t<\/div>\n\t\t\t\t<\/div>\n\t\t\t\t<div class=\"elementor-element elementor-element-023f32b elementor-widget elementor-widget-text-editor\" data-id=\"023f32b\" data-element_type=\"widget\" data-e-type=\"widget\" data-widget_type=\"text-editor.default\">\n\t\t\t\t<div class=\"elementor-widget-container\">\n\t\t\t\t\t\t\t\t\t<ul><li>Lesi\u00f3n cerebral traum\u00e1tica;<\/li><li>Fracturas y huesos aplastados;<\/li><li>Par\u00e1lisis o muerte;<\/li><li>Lesiones de cuello;<\/li><li>Lesiones de espalda;<\/li><li>Lesiones de hombro y brazo;<\/li><li>Lesiones de pierna y rodilla;<\/li><li>Lesiones de pie y tobillo;<\/li><li>Lesiones de mu\u00f1eca, mano y dedos;<\/li><li>Lesiones por esfuerzo repetitivo;<\/li><li>Lesiones de tejidos blandos;<\/li><li>Lesiones por esguinces y torceduras.<\/li><\/ul>\t\t\t\t\t\t\t\t<\/div>\n\t\t\t\t<\/div>\n\t\t\t\t<\/div>\n\t\t<div class=\"elementor-element elementor-element-1833e96 e-con-full e-flex e-con e-child\" data-id=\"1833e96\" data-element_type=\"container\" data-e-type=\"container\">\n\t\t\t\t<div class=\"elementor-element elementor-element-7482858 elementor-widget elementor-widget-image\" data-id=\"7482858\" data-element_type=\"widget\" data-e-type=\"widget\" data-widget_type=\"image.default\">\n\t\t\t\t<div class=\"elementor-widget-container\">\n\t\t\t\t\t\t\t\t\t\t\t\t\t\t\t<img fetchpriority=\"high\" decoding=\"async\" width=\"2560\" height=\"1027\" src=\"https:\/\/kleinandcardalilaw.com\/wp-content\/uploads\/2025\/10\/workers-compensation-attorneys.webp\" class=\"attachment-full size-full wp-image-8874\" alt=\"Trabajadores en un almac\u00e9n o f\u00e1brica.\" srcset=\"https:\/\/kleinandcardalilaw.com\/wp-content\/uploads\/2025\/10\/workers-compensation-attorneys.webp 2560w, https:\/\/kleinandcardalilaw.com\/wp-content\/uploads\/2025\/10\/workers-compensation-attorneys-300x120.webp 300w, https:\/\/kleinandcardalilaw.com\/wp-content\/uploads\/2025\/10\/workers-compensation-attorneys-1024x411.webp 1024w, https:\/\/kleinandcardalilaw.com\/wp-content\/uploads\/2025\/10\/workers-compensation-attorneys-768x308.webp 768w, https:\/\/kleinandcardalilaw.com\/wp-content\/uploads\/2025\/10\/workers-compensation-attorneys-1536x616.webp 1536w, https:\/\/kleinandcardalilaw.com\/wp-content\/uploads\/2025\/10\/workers-compensation-attorneys-2048x822.webp 2048w\" sizes=\"(max-width: 2560px) 100vw, 2560px\" \/>\t\t\t\t\t\t\t\t\t\t\t\t\t\t\t<\/div>\n\t\t\t\t<\/div>\n\t\t\t\t<div class=\"elementor-element elementor-element-1bd888c elementor-widget elementor-widget-heading\" data-id=\"1bd888c\" data-element_type=\"widget\" data-e-type=\"widget\" data-widget_type=\"heading.default\">\n\t\t\t\t<div class=\"elementor-widget-container\">\n\t\t\t\t\t<h5 class=\"elementor-heading-title elementor-size-default\">RECURSOS DEL SITIO WEB DE LA JUNTA DE <br>INDEMNIZACI\u00d3N POR ACCIDENTE LABORAL DEL ESTADO DE NUEVA YORK:<\/h5>\t\t\t\t<\/div>\n\t\t\t\t<\/div>\n\t\t\t\t<div class=\"elementor-element elementor-element-a723a23 elementor-widget elementor-widget-text-editor\" data-id=\"a723a23\" data-element_type=\"widget\" data-e-type=\"widget\" data-widget_type=\"text-editor.default\">\n\t\t\t\t<div class=\"elementor-widget-container\">\n\t\t\t\t\t\t\t\t\t<ul><li><a href=\"https:\/\/www.wcb.ny.gov\/content\/main\/Workers\/file-claim.jsp\" target=\"_blank\" rel=\"noopener noreferrer\"><u>Presentaci\u00f3n de una reclamaci\u00f3n de indemnizaci\u00f3n por accidente laboral<\/u><\/a><\/li><li><a href=\"https:\/\/www.wcb.ny.gov\/content\/main\/Workers\/CalcAverageWeeklyWage.jsp\" target=\"_blank\" rel=\"noopener noreferrer\"><u>C\u00e1lculo de su salario semanal promedio<\/u><\/a><\/li><li><a href=\"https:\/\/www.wcb.ny.gov\/content\/main\/Workers\/ScheduleMaxWeeklyBenefit.jsp\" target=\"_blank\" rel=\"noopener noreferrer\"><u>Tabla de prestaciones semanales m\u00e1ximas<\/u><\/a><\/li><li><a href=\"https:\/\/www.wcb.ny.gov\/content\/main\/Workers\/ScheduledLossUse.jsp\" target=\"_blank\" rel=\"noopener noreferrer\"><u>\u00bfQu\u00e9 es la p\u00e9rdida de uso programada?<\/u><\/a><\/li><li><a href=\"https:\/\/www.wcb.ny.gov\/content\/main\/hearings.jsp\" target=\"_blank\" rel=\"noopener noreferrer\"><u>Audiencias, acuerdos y apelaciones<\/u><\/a><\/li><li><a href=\"https:\/\/www.wcb.ny.gov\/content\/main\/Employers\/violations-wclaw.jsp\" target=\"_blank\" rel=\"noopener noreferrer\"><u>Infracciones de la indemnizaci\u00f3n por accidente laboral<\/u><\/a><\/li><li><a href=\"https:\/\/www.wcb.ny.gov\/content\/main\/Workers\/lp_claim-process.jsp\" target=\"_blank\" rel=\"noopener noreferrer\"><u>El proceso de reclamaci\u00f3n<\/u><\/a><\/li><li><a href=\"https:\/\/www.wcb.ny.gov\/content\/main\/Workers\/DeathClaims.jsp\" target=\"_blank\" rel=\"noopener noreferrer\"><u>Prestaciones por fallecimiento<\/u><\/a><\/li><li><a href=\"https:\/\/www.wcb.ny.gov\/content\/main\/Workers\/file-claim.jsp\" target=\"_blank\" rel=\"noopener noreferrer\"><u>\u00bfQu\u00e9 ocurre si mi empleador no tiene seguro de indemnizaci\u00f3n por accidente laboral?<\/u><\/a><\/li><\/ul>\t\t\t\t\t\t\t\t<\/div>\n\t\t\t\t<\/div>\n\t\t\t\t<\/div>\n\t\t\t\t\t<\/div>\n\t\t\t\t<\/div>\n\t\t\t\t<\/div>\n\t\t","protected":false},"excerpt":{"rendered":"<p>INDEMNIZACI\u00d3N LABORAL Como neoyorquinos, nos enorgullecemos de trabajar muchas horas para ganarnos la vida y mantenernos a nosotros mismos y a nuestras familias. Desafortunadamente, hay veces que pueden ocurrir accidentes en el trabajo y afectar su vida. Si se ha lesionado o enfermado por algo directamente relacionado con su trabajo, la indemnizaci\u00f3n por accidente laboral [&hellip;]<\/p>\n","protected":false},"author":1,"featured_media":0,"parent":0,"menu_order":0,"comment_status":"closed","ping_status":"closed","template":"elementor_header_footer","meta":{"footnotes":""},"class_list":["post-8572","page","type-page","status-publish","hentry"],"yoast_head":"<!-- This site is optimized with the Yoast SEO Premium plugin v27.4 (Yoast SEO v27.4) - https:\/\/yoast.com\/product\/yoast-seo-premium-wordpress\/ -->\n<title>Indemnizaci\u00f3n por accidente laboral: The Klein &amp; Cardali Law Group, PLLC<\/title>\n<meta name=\"description\" content=\"\u00bfHa sufrido una lesi\u00f3n en el trabajo? Puede tener derecho a una indemnizaci\u00f3n. Obtenga m\u00e1s informaci\u00f3n llam\u00e1ndonos para una consulta gratuita.\" \/>\n<meta name=\"robots\" content=\"index, follow, max-snippet:-1, max-image-preview:large, max-video-preview:-1\" \/>\n<link rel=\"canonical\" href=\"https:\/\/kleinandcardalilaw.com\/es\/indemnizacion-por-accidente-laboral\/\" \/>\n<meta property=\"og:locale\" content=\"es_ES\" \/>\n<meta property=\"og:type\" content=\"article\" \/>\n<meta property=\"og:title\" content=\"Lo que necesita saber sobre la indemnizaci\u00f3n por accidente laboral en Nueva York\" \/>\n<meta property=\"og:description\" content=\"Obtenga informaci\u00f3n sobre la indemnizaci\u00f3n por accidente laboral en Nueva York y c\u00f3mo puede protegerle de lesiones y accidentes laborales.\" \/>\n<meta property=\"og:url\" content=\"https:\/\/kleinandcardalilaw.com\/es\/indemnizacion-por-accidente-laboral\/\" \/>\n<meta property=\"og:site_name\" content=\"The Klein &amp; Cardali Law Group, PLLC\" \/>\n<meta property=\"article:publisher\" content=\"https:\/\/www.facebook.com\/profile.php?id=61555734036266\" \/>\n<meta property=\"article:modified_time\" content=\"2025-10-13T21:04:34+00:00\" \/>\n<meta property=\"og:image\" content=\"https:\/\/kleinandcardalilaw.com\/wp-content\/uploads\/2025\/10\/workers-compensation-attorneys.webp\" \/>\n\t<meta property=\"og:image:width\" content=\"2560\" \/>\n\t<meta property=\"og:image:height\" content=\"1027\" \/>\n\t<meta property=\"og:image:type\" content=\"image\/webp\" \/>\n<meta name=\"twitter:card\" content=\"summary_large_image\" \/>\n<meta name=\"twitter:title\" content=\"Indemnizaci\u00f3n por accidente laboral\" \/>\n<meta name=\"twitter:label1\" content=\"Tiempo de lectura\" \/>\n\t<meta name=\"twitter:data1\" content=\"2 minutos\" \/>\n<script type=\"application\/ld+json\" class=\"yoast-schema-graph\">{\"@context\":\"https:\\\/\\\/schema.org\",\"@graph\":[{\"@type\":\"WebPage\",\"@id\":\"https:\\\/\\\/kleinandcardalilaw.com\\\/es\\\/indemnizacion-por-accidente-laboral\\\/\",\"url\":\"https:\\\/\\\/kleinandcardalilaw.com\\\/es\\\/indemnizacion-por-accidente-laboral\\\/\",\"name\":\"Indemnizaci\u00f3n por accidente laboral: The Klein & Cardali Law Group, PLLC\",\"isPartOf\":{\"@id\":\"https:\\\/\\\/kleinandcardalilaw.com\\\/es\\\/#website\"},\"primaryImageOfPage\":{\"@id\":\"https:\\\/\\\/kleinandcardalilaw.com\\\/es\\\/indemnizacion-por-accidente-laboral\\\/#primaryimage\"},\"image\":{\"@id\":\"https:\\\/\\\/kleinandcardalilaw.com\\\/es\\\/indemnizacion-por-accidente-laboral\\\/#primaryimage\"},\"thumbnailUrl\":\"https:\\\/\\\/kleinandcardalilaw.com\\\/wp-content\\\/uploads\\\/2025\\\/10\\\/workers-compensation-attorneys.webp\",\"datePublished\":\"2023-12-07T15:47:51+00:00\",\"dateModified\":\"2025-10-13T21:04:34+00:00\",\"description\":\"\u00bfHa sufrido una lesi\u00f3n en el trabajo? Puede tener derecho a una indemnizaci\u00f3n. Obtenga m\u00e1s informaci\u00f3n llam\u00e1ndonos para una consulta gratuita.\",\"breadcrumb\":{\"@id\":\"https:\\\/\\\/kleinandcardalilaw.com\\\/es\\\/indemnizacion-por-accidente-laboral\\\/#breadcrumb\"},\"inLanguage\":\"es\",\"potentialAction\":[{\"@type\":\"ReadAction\",\"target\":[\"https:\\\/\\\/kleinandcardalilaw.com\\\/es\\\/indemnizacion-por-accidente-laboral\\\/\"]}]},{\"@type\":\"ImageObject\",\"inLanguage\":\"es\",\"@id\":\"https:\\\/\\\/kleinandcardalilaw.com\\\/es\\\/indemnizacion-por-accidente-laboral\\\/#primaryimage\",\"url\":\"https:\\\/\\\/kleinandcardalilaw.com\\\/wp-content\\\/uploads\\\/2025\\\/10\\\/workers-compensation-attorneys.webp\",\"contentUrl\":\"https:\\\/\\\/kleinandcardalilaw.com\\\/wp-content\\\/uploads\\\/2025\\\/10\\\/workers-compensation-attorneys.webp\"},{\"@type\":\"BreadcrumbList\",\"@id\":\"https:\\\/\\\/kleinandcardalilaw.com\\\/es\\\/indemnizacion-por-accidente-laboral\\\/#breadcrumb\",\"itemListElement\":[{\"@type\":\"ListItem\",\"position\":1,\"name\":\"Home\",\"item\":\"https:\\\/\\\/kleinandcardalilaw.com\\\/es\\\/inicio\\\/\"},{\"@type\":\"ListItem\",\"position\":2,\"name\":\"Indemnizaci\u00f3n por accidente laboral\"}]},{\"@type\":\"WebSite\",\"@id\":\"https:\\\/\\\/kleinandcardalilaw.com\\\/es\\\/#website\",\"url\":\"https:\\\/\\\/kleinandcardalilaw.com\\\/es\\\/\",\"name\":\"The Klein & Cardali Law Group, PLLC\",\"description\":\"Workers Compensation, Construction Accidents, Personal Injury, and Social Security Law\",\"publisher\":{\"@id\":\"https:\\\/\\\/kleinandcardalilaw.com\\\/es\\\/#organization\"},\"potentialAction\":[{\"@type\":\"SearchAction\",\"target\":{\"@type\":\"EntryPoint\",\"urlTemplate\":\"https:\\\/\\\/kleinandcardalilaw.com\\\/es\\\/?s={search_term_string}\"},\"query-input\":{\"@type\":\"PropertyValueSpecification\",\"valueRequired\":true,\"valueName\":\"search_term_string\"}}],\"inLanguage\":\"es\"},{\"@type\":\"Organization\",\"@id\":\"https:\\\/\\\/kleinandcardalilaw.com\\\/es\\\/#organization\",\"name\":\"The Klein &amp; Cardali Law Group, PLLC\",\"alternateName\":\"Klein and Cardali\",\"url\":\"https:\\\/\\\/kleinandcardalilaw.com\\\/es\\\/\",\"logo\":{\"@type\":\"ImageObject\",\"inLanguage\":\"es\",\"@id\":\"https:\\\/\\\/kleinandcardalilaw.com\\\/es\\\/#\\\/schema\\\/logo\\\/image\\\/\",\"url\":\"\",\"contentUrl\":\"\",\"caption\":\"The Klein &amp; Cardali Law Group, PLLC\"},\"image\":{\"@id\":\"https:\\\/\\\/kleinandcardalilaw.com\\\/es\\\/#\\\/schema\\\/logo\\\/image\\\/\"},\"sameAs\":[\"https:\\\/\\\/www.facebook.com\\\/profile.php?id=61555734036266\"],\"description\":\"Workers' Compensation, Construction Accident, Personal Injury, Social Security Disability, Wages Lawyers\",\"email\":\"info@kleinandcardalilaw.com\",\"telephone\":\"2123449022\",\"legalName\":\"The Klein & Cardali Law Group, PLLC\",\"foundingDate\":\"2023-07-01\",\"numberOfEmployees\":{\"@type\":\"QuantitativeValue\",\"minValue\":\"11\",\"maxValue\":\"50\"}}]}<\/script>\n<!-- \/ Yoast SEO Premium plugin. -->","yoast_head_json":{"title":"Indemnizaci\u00f3n por accidente laboral: The Klein & Cardali Law Group, PLLC","description":"\u00bfHa sufrido una lesi\u00f3n en el trabajo? Puede tener derecho a una indemnizaci\u00f3n. Obtenga m\u00e1s informaci\u00f3n llam\u00e1ndonos para una consulta gratuita.","robots":{"index":"index","follow":"follow","max-snippet":"max-snippet:-1","max-image-preview":"max-image-preview:large","max-video-preview":"max-video-preview:-1"},"canonical":"https:\/\/kleinandcardalilaw.com\/es\/indemnizacion-por-accidente-laboral\/","og_locale":"es_ES","og_type":"article","og_title":"Lo que necesita saber sobre la indemnizaci\u00f3n por accidente laboral en Nueva York","og_description":"Obtenga informaci\u00f3n sobre la indemnizaci\u00f3n por accidente laboral en Nueva York y c\u00f3mo puede protegerle de lesiones y accidentes laborales.","og_url":"https:\/\/kleinandcardalilaw.com\/es\/indemnizacion-por-accidente-laboral\/","og_site_name":"The Klein &amp; Cardali Law Group, PLLC","article_publisher":"https:\/\/www.facebook.com\/profile.php?id=61555734036266","article_modified_time":"2025-10-13T21:04:34+00:00","og_image":[{"width":2560,"height":1027,"url":"https:\/\/kleinandcardalilaw.com\/wp-content\/uploads\/2025\/10\/workers-compensation-attorneys.webp","type":"image\/webp"}],"twitter_card":"summary_large_image","twitter_title":"Indemnizaci\u00f3n por accidente laboral","twitter_misc":{"Tiempo de lectura":"2 minutos"},"schema":{"@context":"https:\/\/schema.org","@graph":[{"@type":"WebPage","@id":"https:\/\/kleinandcardalilaw.com\/es\/indemnizacion-por-accidente-laboral\/","url":"https:\/\/kleinandcardalilaw.com\/es\/indemnizacion-por-accidente-laboral\/","name":"Indemnizaci\u00f3n por accidente laboral: The Klein & Cardali Law Group, PLLC","isPartOf":{"@id":"https:\/\/kleinandcardalilaw.com\/es\/#website"},"primaryImageOfPage":{"@id":"https:\/\/kleinandcardalilaw.com\/es\/indemnizacion-por-accidente-laboral\/#primaryimage"},"image":{"@id":"https:\/\/kleinandcardalilaw.com\/es\/indemnizacion-por-accidente-laboral\/#primaryimage"},"thumbnailUrl":"https:\/\/kleinandcardalilaw.com\/wp-content\/uploads\/2025\/10\/workers-compensation-attorneys.webp","datePublished":"2023-12-07T15:47:51+00:00","dateModified":"2025-10-13T21:04:34+00:00","description":"\u00bfHa sufrido una lesi\u00f3n en el trabajo? Puede tener derecho a una indemnizaci\u00f3n. Obtenga m\u00e1s informaci\u00f3n llam\u00e1ndonos para una consulta gratuita.","breadcrumb":{"@id":"https:\/\/kleinandcardalilaw.com\/es\/indemnizacion-por-accidente-laboral\/#breadcrumb"},"inLanguage":"es","potentialAction":[{"@type":"ReadAction","target":["https:\/\/kleinandcardalilaw.com\/es\/indemnizacion-por-accidente-laboral\/"]}]},{"@type":"ImageObject","inLanguage":"es","@id":"https:\/\/kleinandcardalilaw.com\/es\/indemnizacion-por-accidente-laboral\/#primaryimage","url":"https:\/\/kleinandcardalilaw.com\/wp-content\/uploads\/2025\/10\/workers-compensation-attorneys.webp","contentUrl":"https:\/\/kleinandcardalilaw.com\/wp-content\/uploads\/2025\/10\/workers-compensation-attorneys.webp"},{"@type":"BreadcrumbList","@id":"https:\/\/kleinandcardalilaw.com\/es\/indemnizacion-por-accidente-laboral\/#breadcrumb","itemListElement":[{"@type":"ListItem","position":1,"name":"Home","item":"https:\/\/kleinandcardalilaw.com\/es\/inicio\/"},{"@type":"ListItem","position":2,"name":"Indemnizaci\u00f3n por accidente laboral"}]},{"@type":"WebSite","@id":"https:\/\/kleinandcardalilaw.com\/es\/#website","url":"https:\/\/kleinandcardalilaw.com\/es\/","name":"The Klein & Cardali Law Group, PLLC","description":"Workers Compensation, Construction Accidents, Personal Injury, and Social Security Law","publisher":{"@id":"https:\/\/kleinandcardalilaw.com\/es\/#organization"},"potentialAction":[{"@type":"SearchAction","target":{"@type":"EntryPoint","urlTemplate":"https:\/\/kleinandcardalilaw.com\/es\/?s={search_term_string}"},"query-input":{"@type":"PropertyValueSpecification","valueRequired":true,"valueName":"search_term_string"}}],"inLanguage":"es"},{"@type":"Organization","@id":"https:\/\/kleinandcardalilaw.com\/es\/#organization","name":"The Klein &amp; Cardali Law Group, PLLC","alternateName":"Klein and Cardali","url":"https:\/\/kleinandcardalilaw.com\/es\/","logo":{"@type":"ImageObject","inLanguage":"es","@id":"https:\/\/kleinandcardalilaw.com\/es\/#\/schema\/logo\/image\/","url":"","contentUrl":"","caption":"The Klein &amp; Cardali Law Group, PLLC"},"image":{"@id":"https:\/\/kleinandcardalilaw.com\/es\/#\/schema\/logo\/image\/"},"sameAs":["https:\/\/www.facebook.com\/profile.php?id=61555734036266"],"description":"Workers' Compensation, Construction Accident, Personal Injury, Social Security Disability, Wages Lawyers","email":"info@kleinandcardalilaw.com","telephone":"2123449022","legalName":"The Klein & Cardali Law Group, PLLC","foundingDate":"2023-07-01","numberOfEmployees":{"@type":"QuantitativeValue","minValue":"11","maxValue":"50"}}]}},"_links":{"self":[{"href":"https:\/\/kleinandcardalilaw.com\/es\/wp-json\/wp\/v2\/pages\/8572","targetHints":{"allow":["GET"]}}],"collection":[{"href":"https:\/\/kleinandcardalilaw.com\/es\/wp-json\/wp\/v2\/pages"}],"about":[{"href":"https:\/\/kleinandcardalilaw.com\/es\/wp-json\/wp\/v2\/types\/page"}],"author":[{"embeddable":true,"href":"https:\/\/kleinandcardalilaw.com\/es\/wp-json\/wp\/v2\/users\/1"}],"replies":[{"embeddable":true,"href":"https:\/\/kleinandcardalilaw.com\/es\/wp-json\/wp\/v2\/comments?post=8572"}],"version-history":[{"count":3,"href":"https:\/\/kleinandcardalilaw.com\/es\/wp-json\/wp\/v2\/pages\/8572\/revisions"}],"predecessor-version":[{"id":9267,"href":"https:\/\/kleinandcardalilaw.com\/es\/wp-json\/wp\/v2\/pages\/8572\/revisions\/9267"}],"wp:attachment":[{"href":"https:\/\/kleinandcardalilaw.com\/es\/wp-json\/wp\/v2\/media?parent=8572"}],"curies":[{"name":"wp","href":"https:\/\/api.w.org\/{rel}","templated":true}]}}